{"id":1305,"date":"2023-01-17T10:49:37","date_gmt":"2023-01-17T08:49:37","guid":{"rendered":"http:\/\/dunamuzeum.hu\/?page_id=1305"},"modified":"2024-07-08T12:18:43","modified_gmt":"2024-07-08T10:18:43","slug":"idoszaki-kiallitas","status":"publish","type":"page","link":"http:\/\/dunamuzeum.hu\/index.php\/idoszaki-kiallitas\/","title":{"rendered":"Id\u0151szaki ki\u00e1ll\u00edt\u00e1s"},"content":{"rendered":"<div  class='av-alb-blogposts template-blog  av-blog-meta-author-disabled av-blog-meta-comments-disabled av-blog-meta-category-disabled av-blog-meta-date-disabled av-blog-meta-html-info-disabled av-blog-meta-tag-disabled '  itemscope=\"itemscope\" itemtype=\"https:\/\/schema.org\/Blog\" ><article class=\"post-entry post-entry-type-standard post-entry-3272 post-loop-1 post-parity-odd post-entry-last bloglist-excerpt with-slider post-3272 post type-post status-publish format-standard has-post-thumbnail hentry category-aktualis-hir category-elo-idoszaki\"  itemscope=\"itemscope\" itemtype=\"https:\/\/schema.org\/BlogPosting\" ><div class=\"blog-meta\"><\/div><div class='entry-content-wrapper clearfix standard-content'><header class=\"entry-content-header\"><h2 class='post-title entry-title '  itemprop=\"headline\" ><a href=\"http:\/\/dunamuzeum.hu\/index.php\/2026\/01\/30\/haromsag-zagonyi-petra-grafikus-kiallitasa\/\" rel=\"bookmark\" title=\"Permanent Link: H\u00c1ROMS\u00c1G \u2013 Z\u00e1gonyi Petra grafikus ki\u00e1ll\u00edt\u00e1sa\">H\u00c1ROMS\u00c1G \u2013 Z\u00e1gonyi Petra grafikus ki\u00e1ll\u00edt\u00e1sa<span class=\"post-format-icon minor-meta\"><\/span><\/a><\/h2><span class=\"post-meta-infos\"><\/span><\/header><p>F\u00f6ld, v\u00edz, leveg\u0151 \u2013 elemek, melyek szimbolikusan az emberi szem\u00e9lyis\u00e9gt\u00edpusokhoz \u00e9s a term\u00e9szeti er\u0151kh\u00f6z is kapcsol\u00f3dnak. A f\u00f6ld (szil\u00e1rd\/test) a kitart\u00e1st, a megb\u00edzhat\u00f3s\u00e1got \u00e9s a merevs\u00e9get jelk\u00e9pezi. A v\u00edz (foly\u00e9kony\/l\u00e9lek) \u00e9rzelmeket, alkalmazkod\u00e1st, emp\u00e1ti\u00e1t takar. A leveg\u0151 (g\u00e1z\/szellem) intellektust, kommunik\u00e1ci\u00f3t \u00e9s mozg\u00e9konys\u00e1got k\u00e9pvisel. Vall\u00e1sos \u00e9rtelemben azonban az Atya, a Fi\u00fa \u00e9s a Szentl\u00e9lek h\u00e1roms\u00e1ga az, ami [&hellip;]<\/p>\n<div class=\"read-more-link\"><a href=\"http:\/\/dunamuzeum.hu\/index.php\/2026\/01\/30\/haromsag-zagonyi-petra-grafikus-kiallitasa\/\" class=\"more-link\">Read more<span class=\"more-link-arrow\"><\/span><\/a><\/div><footer class=\"entry-footer\"><\/footer><div class='post_delimiter'><\/div><\/div><div class=\"post_author_timeline\"><\/div><span class='hidden'>\n\t\t\t\t<span class='av-structured-data'  itemprop=\"image\" itemscope=\"itemscope\" itemtype=\"https:\/\/schema.org\/ImageObject\" >\n\t\t\t\t\t\t<span itemprop='url'>http:\/\/dunamuzeum.hu\/wp-content\/uploads\/2025\/09\/haromsag_banner_kk.jpg<\/span>\n\t\t\t\t\t\t<span itemprop='height'>366<\/span>\n\t\t\t\t\t\t<span itemprop='width'>652<\/span>\n\t\t\t\t<\/span>\n\t\t\t\t<span class='av-structured-data'  itemprop=\"publisher\" itemtype=\"https:\/\/schema.org\/Organization\" itemscope=\"itemscope\" >\n\t\t\t\t\t\t<span itemprop='name'>admin<\/span>\n\t\t\t\t\t\t<span itemprop='logo' itemscope itemtype='https:\/\/schema.org\/ImageObject'>\n\t\t\t\t\t\t\t<span itemprop='url'>http:\/\/dunamuzeum.hu\/wp-content\/uploads\/2022\/12\/DMt-logo-f.png<\/span>\n\t\t\t\t\t\t <\/span>\n\t\t\t\t<\/span><span class='av-structured-data'  itemprop=\"author\" itemscope=\"itemscope\" itemtype=\"https:\/\/schema.org\/Person\" ><span itemprop='name'>admin<\/span><\/span><span class='av-structured-data'  itemprop=\"datePublished\" datetime=\"2026-01-30T15:53:48+02:00\" >2026-01-30 15:53:48<\/span><span class='av-structured-data'  itemprop=\"dateModified\" itemtype=\"https:\/\/schema.org\/dateModified\" >2026-01-30 15:53:48<\/span><span class='av-structured-data'  itemprop=\"mainEntityOfPage\" itemtype=\"https:\/\/schema.org\/mainEntityOfPage\" ><span itemprop='name'>H\u00c1ROMS\u00c1G \u2013 Z\u00e1gonyi Petra grafikus ki\u00e1ll\u00edt\u00e1sa<\/span><\/span><\/span><\/article><div class='bloglist-excerpt'><\/div><\/div>\n\n<style type=\"text\/css\" data-created_by=\"avia_inline_auto\" id=\"style-css-av-lczzwaey-ed3ca91621bcdf4b33c34f260464115a\">\n#top .hr.hr-invisible.av-lczzwaey-ed3ca91621bcdf4b33c34f260464115a{\nheight:35px;\n}\n<\/style>\n<div  class='hr av-lczzwaey-ed3ca91621bcdf4b33c34f260464115a hr-invisible'><span class='hr-inner '><span class=\"hr-inner-style\"><\/span><\/span><\/div>\n","protected":false},"excerpt":{"rendered":"","protected":false},"author":1,"featured_media":0,"parent":0,"menu_order":0,"comment_status":"closed","ping_status":"closed","template":"","meta":[],"_links":{"self":[{"href":"http:\/\/dunamuzeum.hu\/index.php\/wp-json\/wp\/v2\/pages\/1305"}],"collection":[{"href":"http:\/\/dunamuzeum.hu\/index.php\/wp-json\/wp\/v2\/pages"}],"about":[{"href":"http:\/\/dunamuzeum.hu\/index.php\/wp-json\/wp\/v2\/types\/page"}],"author":[{"embeddable":true,"href":"http:\/\/dunamuzeum.hu\/index.php\/wp-json\/wp\/v2\/users\/1"}],"replies":[{"embeddable":true,"href":"http:\/\/dunamuzeum.hu\/index.php\/wp-json\/wp\/v2\/comments?post=1305"}],"version-history":[{"count":34,"href":"http:\/\/dunamuzeum.hu\/index.php\/wp-json\/wp\/v2\/pages\/1305\/revisions"}],"predecessor-version":[{"id":2318,"href":"http:\/\/dunamuzeum.hu\/index.php\/wp-json\/wp\/v2\/pages\/1305\/revisions\/2318"}],"wp:attachment":[{"href":"http:\/\/dunamuzeum.hu\/index.php\/wp-json\/wp\/v2\/media?parent=1305"}],"curies":[{"name":"wp","href":"https:\/\/api.w.org\/{rel}","templated":true}]}}