{"id":136,"date":"2021-06-25T10:33:19","date_gmt":"2021-06-25T08:33:19","guid":{"rendered":"http:\/\/dunamuzeum2.ovf.hu\/?page_id=136"},"modified":"2024-02-29T12:46:39","modified_gmt":"2024-02-29T10:46:39","slug":"jegyarak","status":"publish","type":"page","link":"http:\/\/dunamuzeum.hu\/index.php\/jegyarak\/","title":{"rendered":"Jegy\u00e1rak"},"content":{"rendered":"<div id='av_section_1'  class='avia-section av-l4o3kjje-faf88471f404a096766685120debd851 main_color avia-section-default avia-no-border-styling  avia-builder-el-0  el_before_av_section  avia-builder-el-first  avia-bg-style-scroll av-minimum-height av-minimum-height-custom  container_wrap fullsize'  ><div class='container av-section-cont-open' style='height:175px'><main  role=\"main\" itemprop=\"mainContentOfPage\"  class='template-page content  av-content-full alpha units'><div class='post-entry post-entry-type-page post-entry-136'><div class='entry-content-wrapper clearfix'>\n<div class='flex_column av-bvuvs-74af99c76556097c177137da6c36df22 av_three_fourth  avia-builder-el-1  el_before_av_one_fourth  avia-builder-el-first  first flex_column_div '   ><style type=\"text\/css\" data-created_by=\"avia_inline_auto\" id=\"style-css-av-l4uvlira-f14cdc1afdeaefc9f8d0c9743883a663\">\n#top .av-special-heading.av-l4uvlira-f14cdc1afdeaefc9f8d0c9743883a663{\nmargin:50px 50px 50px 50px;\npadding-bottom:10px;\n}\nbody .av-special-heading.av-l4uvlira-f14cdc1afdeaefc9f8d0c9743883a663 .av-special-heading-tag .heading-char{\nfont-size:25px;\n}\n.av-special-heading.av-l4uvlira-f14cdc1afdeaefc9f8d0c9743883a663 .av-subheading{\nfont-size:15px;\n}\n<\/style>\n<div  class='av-special-heading av-l4uvlira-f14cdc1afdeaefc9f8d0c9743883a663 av-special-heading-h2 blockquote modern-quote  avia-builder-el-2  avia-builder-el-no-sibling '><h2 class='av-special-heading-tag'  itemprop=\"headline\"  >Jegy\u00e1rak<\/h2><div class=\"special-heading-border\"><div class=\"special-heading-inner-border\"><\/div><\/div><\/div><\/div><div class='flex_column av-di4vk-57453c67155e45609ffea32b3b162d0e av_one_fourth  avia-builder-el-3  el_after_av_three_fourth  avia-builder-el-last  flex_column_div '   ><style type=\"text\/css\" data-created_by=\"avia_inline_auto\" id=\"style-css-av-l4uvqk9q-e8948448cba4ad8465fb63b823c88063\">\n.avia-image-container.av-l4uvqk9q-e8948448cba4ad8465fb63b823c88063 .av-image-caption-overlay-center{\ncolor:#ffffff;\n}\n<\/style>\n<div  class='avia-image-container av-l4uvqk9q-e8948448cba4ad8465fb63b823c88063 av-styling- avia-align-center  avia-builder-el-4  avia-builder-el-no-sibling '  itemprop=\"image\" itemscope=\"itemscope\" itemtype=\"https:\/\/schema.org\/ImageObject\" ><div class=\"avia-image-container-inner\"><div class=\"avia-image-overlay-wrap\"><img decoding=\"async\" class='wp-image-400 avia-img-lazy-loading-not-400 avia_image' src=\"http:\/\/dunamuzeum.hu\/wp-content\/uploads\/2022\/06\/jegy.png\" alt='' title='jegy'  height=\"175\" width=\"250\"  itemprop=\"thumbnailUrl\"  \/><\/div><\/div><\/div><\/div>\n\n<\/div><\/div><\/main><!-- close content main element --><\/div><\/div><div id='av_section_2'  class='avia-section av-15bajk-627fc7a799c0918280371d72faa170e1 main_color avia-section-default avia-no-border-styling  avia-builder-el-5  el_after_av_section  el_before_av_section  avia-bg-style-scroll container_wrap fullsize'  ><div class='container av-section-cont-open' ><div class='template-page content  av-content-full alpha units'><div class='post-entry post-entry-type-page post-entry-136'><div class='entry-content-wrapper clearfix'>\n<div class='flex_column_table av-vb1eo-5ba0ad5c526bdf209f5271b6df7c56a4 sc-av_one_fourth av-equal-height-column-flextable'>\n<style type=\"text\/css\" data-created_by=\"avia_inline_auto\" id=\"style-css-av-vb1eo-5ba0ad5c526bdf209f5271b6df7c56a4\">\n#top .flex_column_table.av-equal-height-column-flextable.av-vb1eo-5ba0ad5c526bdf209f5271b6df7c56a4{\nmargin-top:50px;\nmargin-bottom:50px;\n}\n.flex_column.av-vb1eo-5ba0ad5c526bdf209f5271b6df7c56a4{\nheight:350px;\nbackground-color:#3d6d79;\n}\n<\/style>\n<div class='flex_column av-vb1eo-5ba0ad5c526bdf209f5271b6df7c56a4 av_one_fourth  avia-builder-el-6  el_before_av_one_fourth  avia-builder-el-first  first no_margin flex_column_table_cell av-equal-height-column av-align-middle '   ><p>\n<style type=\"text\/css\" data-created_by=\"avia_inline_auto\" id=\"style-css-av-l4he28us-ea1d44884a993d62e572667d69a08366\">\n#top .av-special-heading.av-l4he28us-ea1d44884a993d62e572667d69a08366{\npadding-bottom:10px;\ncolor:#ffffff;\n}\nbody .av-special-heading.av-l4he28us-ea1d44884a993d62e572667d69a08366 .av-special-heading-tag .heading-char{\nfont-size:25px;\n}\n.av-special-heading.av-l4he28us-ea1d44884a993d62e572667d69a08366 .special-heading-inner-border{\nborder-color:#ffffff;\n}\n.av-special-heading.av-l4he28us-ea1d44884a993d62e572667d69a08366 .av-subheading{\nfont-size:15px;\n}\n<\/style>\n<div  class='av-special-heading av-l4he28us-ea1d44884a993d62e572667d69a08366 av-special-heading-h3 custom-color-heading blockquote modern-quote modern-centered  avia-builder-el-7  el_before_av_hr  avia-builder-el-first '><h3 class='av-special-heading-tag'  itemprop=\"headline\"  >Teljes\u00e1r\u00fa bel\u00e9p\u0151jegy<\/h3><div class=\"special-heading-border\"><div class=\"special-heading-inner-border\"><\/div><\/div><\/div><br \/>\n\n<style type=\"text\/css\" data-created_by=\"avia_inline_auto\" id=\"style-css-av-l4uvhh2k-cb4c93a20a23e31aff6c3a395d3620b2\">\n#top .hr.hr-invisible.av-l4uvhh2k-cb4c93a20a23e31aff6c3a395d3620b2{\nheight:50px;\n}\n<\/style>\n<div  class='hr av-l4uvhh2k-cb4c93a20a23e31aff6c3a395d3620b2 hr-invisible  avia-builder-el-8  el_after_av_heading  el_before_av_textblock '><span class='hr-inner '><span class=\"hr-inner-style\"><\/span><\/span><\/div><br \/>\n\n<style type=\"text\/css\" data-created_by=\"avia_inline_auto\" id=\"style-css-av-l4he1fd5-8069284f654b3fd11fc466f83f5badc9\">\n#top .av_textblock_section.av-l4he1fd5-8069284f654b3fd11fc466f83f5badc9 .avia_textblock{\ncolor:#ffffff;\ntext-align:center;\n}\n<\/style>\n<section  class='av_textblock_section av-l4he1fd5-8069284f654b3fd11fc466f83f5badc9'  itemscope=\"itemscope\" itemtype=\"https:\/\/schema.org\/CreativeWork\" ><div class='avia_textblock av_inherit_color'  itemprop=\"text\" ><h4 class=\"title-header\"><strong>2000 Ft\/f\u0151<\/strong><\/h4>\n<\/div><\/section><\/p><\/div>\n<style type=\"text\/css\" data-created_by=\"avia_inline_auto\" id=\"style-css-av-suiog-bbd6e2892859aa9ecd2e041612bf2777\">\n#top .flex_column_table.av-equal-height-column-flextable.av-suiog-bbd6e2892859aa9ecd2e041612bf2777{\nmargin-top:50px;\nmargin-bottom:50px;\n}\n.flex_column.av-suiog-bbd6e2892859aa9ecd2e041612bf2777{\nbackground-color:#79a0a0;\n}\n<\/style>\n<div class='flex_column av-suiog-bbd6e2892859aa9ecd2e041612bf2777 av_one_fourth  avia-builder-el-10  el_after_av_one_fourth  el_before_av_one_fourth  no_margin flex_column_table_cell av-equal-height-column av-align-middle '   ><p>\n<style type=\"text\/css\" data-created_by=\"avia_inline_auto\" id=\"style-css-av-l4he2smb-a22c26b2c6d6c0429fb58e3890c5786f\">\n#top .av-special-heading.av-l4he2smb-a22c26b2c6d6c0429fb58e3890c5786f{\npadding-bottom:10px;\ncolor:#ffffff;\n}\nbody .av-special-heading.av-l4he2smb-a22c26b2c6d6c0429fb58e3890c5786f .av-special-heading-tag .heading-char{\nfont-size:25px;\n}\n.av-special-heading.av-l4he2smb-a22c26b2c6d6c0429fb58e3890c5786f .special-heading-inner-border{\nborder-color:#ffffff;\n}\n.av-special-heading.av-l4he2smb-a22c26b2c6d6c0429fb58e3890c5786f .av-subheading{\nfont-size:15px;\n}\n<\/style>\n<div  class='av-special-heading av-l4he2smb-a22c26b2c6d6c0429fb58e3890c5786f av-special-heading-h3 custom-color-heading blockquote modern-quote modern-centered  avia-builder-el-11  el_before_av_hr  avia-builder-el-first '><h3 class='av-special-heading-tag'  itemprop=\"headline\"  >Kedvezm\u00e9nyes vagy Csal\u00e1di bel\u00e9p\u0151jegy<\/h3><div class=\"special-heading-border\"><div class=\"special-heading-inner-border\"><\/div><\/div><\/div><br \/>\n\n<style type=\"text\/css\" data-created_by=\"avia_inline_auto\" id=\"style-css-av-mywmg-2cf709e07691431d69a54193242294ed\">\n#top .hr.hr-invisible.av-mywmg-2cf709e07691431d69a54193242294ed{\nheight:50px;\n}\n<\/style>\n<div  class='hr av-mywmg-2cf709e07691431d69a54193242294ed hr-invisible  avia-builder-el-12  el_after_av_heading  el_before_av_textblock '><span class='hr-inner '><span class=\"hr-inner-style\"><\/span><\/span><\/div><br \/>\n\n<style type=\"text\/css\" data-created_by=\"avia_inline_auto\" id=\"style-css-av-l4he36ko-0b35ee93d8c6f9ffbb25ac9030801a48\">\n#top .av_textblock_section.av-l4he36ko-0b35ee93d8c6f9ffbb25ac9030801a48 .avia_textblock{\ncolor:#ffffff;\ntext-align:center;\n}\n<\/style>\n<section  class='av_textblock_section av-l4he36ko-0b35ee93d8c6f9ffbb25ac9030801a48'  itemscope=\"itemscope\" itemtype=\"https:\/\/schema.org\/CreativeWork\" ><div class='avia_textblock av_inherit_color'  itemprop=\"text\" ><h4 class=\"title-header\"><strong>1000 Ft\/f\u0151<\/strong><\/h4>\n<p>6-t\u00f3l 26 \u00e9ves korig<br \/>\n62 \u00e9ves kor felett<\/p>\n<\/div><\/section><\/p><\/div>\n<style type=\"text\/css\" data-created_by=\"avia_inline_auto\" id=\"style-css-av-kej08-0747abb3a55f2a202e58c260706a40ea\">\n#top .flex_column_table.av-equal-height-column-flextable.av-kej08-0747abb3a55f2a202e58c260706a40ea{\nmargin-top:50px;\nmargin-bottom:50px;\n}\n.flex_column.av-kej08-0747abb3a55f2a202e58c260706a40ea{\nbackground-color:#3e5871;\n}\n<\/style>\n<div class='flex_column av-kej08-0747abb3a55f2a202e58c260706a40ea av_one_fourth  avia-builder-el-14  el_after_av_one_fourth  el_before_av_one_fourth  no_margin flex_column_table_cell av-equal-height-column av-align-middle '   ><p>\n<style type=\"text\/css\" data-created_by=\"avia_inline_auto\" id=\"style-css-av-l4he9kjo-1489c6a428f9ff2a9bcc19ae134144c7\">\n#top .av-special-heading.av-l4he9kjo-1489c6a428f9ff2a9bcc19ae134144c7{\npadding-bottom:10px;\ncolor:#ffffff;\n}\nbody .av-special-heading.av-l4he9kjo-1489c6a428f9ff2a9bcc19ae134144c7 .av-special-heading-tag .heading-char{\nfont-size:25px;\n}\n.av-special-heading.av-l4he9kjo-1489c6a428f9ff2a9bcc19ae134144c7 .special-heading-inner-border{\nborder-color:#ffffff;\n}\n.av-special-heading.av-l4he9kjo-1489c6a428f9ff2a9bcc19ae134144c7 .av-subheading{\nfont-size:15px;\n}\n<\/style>\n<div  class='av-special-heading av-l4he9kjo-1489c6a428f9ff2a9bcc19ae134144c7 av-special-heading-h3 custom-color-heading blockquote modern-quote modern-centered  avia-builder-el-15  el_before_av_hr  avia-builder-el-first '><h3 class='av-special-heading-tag'  itemprop=\"headline\"  >Csoportos feln\u0151tt jegy<\/h3><div class=\"special-heading-border\"><div class=\"special-heading-inner-border\"><\/div><\/div><\/div><br \/>\n\n<style type=\"text\/css\" data-created_by=\"avia_inline_auto\" id=\"style-css-av-gvk0o-76865ff6d1d8a364f82b632e2fc28dcd\">\n#top .hr.hr-invisible.av-gvk0o-76865ff6d1d8a364f82b632e2fc28dcd{\nheight:50px;\n}\n<\/style>\n<div  class='hr av-gvk0o-76865ff6d1d8a364f82b632e2fc28dcd hr-invisible  avia-builder-el-16  el_after_av_heading  el_before_av_textblock '><span class='hr-inner '><span class=\"hr-inner-style\"><\/span><\/span><\/div><br \/>\n\n<style type=\"text\/css\" data-created_by=\"avia_inline_auto\" id=\"style-css-av-l4he9z6b-4829ded14c0799e57947d0128315547b\">\n#top .av_textblock_section.av-l4he9z6b-4829ded14c0799e57947d0128315547b .avia_textblock{\ncolor:#ffffff;\ntext-align:center;\n}\n<\/style>\n<section  class='av_textblock_section av-l4he9z6b-4829ded14c0799e57947d0128315547b'  itemscope=\"itemscope\" itemtype=\"https:\/\/schema.org\/CreativeWork\" ><div class='avia_textblock av_inherit_color'  itemprop=\"text\" ><h4 class=\"title-header\"><strong>1500 Ft\/f\u0151<\/strong><\/h4>\n<\/div><\/section><\/p><\/div>\n<style type=\"text\/css\" data-created_by=\"avia_inline_auto\" id=\"style-css-av-1gdwo-e2f6ec52f96ac5727dd27c40747692ff\">\n#top .flex_column_table.av-equal-height-column-flextable.av-1gdwo-e2f6ec52f96ac5727dd27c40747692ff{\nmargin-top:50px;\nmargin-bottom:50px;\n}\n.flex_column.av-1gdwo-e2f6ec52f96ac5727dd27c40747692ff{\nbackground-color:#a0bace;\n}\n<\/style>\n<div class='flex_column av-1gdwo-e2f6ec52f96ac5727dd27c40747692ff av_one_fourth  avia-builder-el-18  el_after_av_one_fourth  avia-builder-el-last  no_margin flex_column_table_cell av-equal-height-column av-align-middle '   ><p>\n<style type=\"text\/css\" data-created_by=\"avia_inline_auto\" id=\"style-css-av-l4heah60-9bf917f8a0526ffddcf13c005b717e00\">\n#top .av-special-heading.av-l4heah60-9bf917f8a0526ffddcf13c005b717e00{\npadding-bottom:10px;\ncolor:#ffffff;\n}\nbody .av-special-heading.av-l4heah60-9bf917f8a0526ffddcf13c005b717e00 .av-special-heading-tag .heading-char{\nfont-size:25px;\n}\n.av-special-heading.av-l4heah60-9bf917f8a0526ffddcf13c005b717e00 .special-heading-inner-border{\nborder-color:#ffffff;\n}\n.av-special-heading.av-l4heah60-9bf917f8a0526ffddcf13c005b717e00 .av-subheading{\nfont-size:15px;\n}\n<\/style>\n<div  class='av-special-heading av-l4heah60-9bf917f8a0526ffddcf13c005b717e00 av-special-heading-h3 custom-color-heading blockquote modern-quote modern-centered  avia-builder-el-19  el_before_av_hr  avia-builder-el-first '><h3 class='av-special-heading-tag'  itemprop=\"headline\"  >M\u00fazeumi \u00f3ra, foglalkoz\u00e1s<\/h3><div class=\"special-heading-border\"><div class=\"special-heading-inner-border\"><\/div><\/div><\/div><br \/>\n\n<style type=\"text\/css\" data-created_by=\"avia_inline_auto\" id=\"style-css-av-a8f80-f233990ae05da891197e6770e180276d\">\n#top .hr.hr-invisible.av-a8f80-f233990ae05da891197e6770e180276d{\nheight:50px;\n}\n<\/style>\n<div  class='hr av-a8f80-f233990ae05da891197e6770e180276d hr-invisible  avia-builder-el-20  el_after_av_heading  el_before_av_textblock '><span class='hr-inner '><span class=\"hr-inner-style\"><\/span><\/span><\/div><br \/>\n\n<style type=\"text\/css\" data-created_by=\"avia_inline_auto\" id=\"style-css-av-l4heanym-de0418e4dc39369300673a05261b2a3a\">\n#top .av_textblock_section.av-l4heanym-de0418e4dc39369300673a05261b2a3a .avia_textblock{\ncolor:#ffffff;\ntext-align:center;\n}\n<\/style>\n<section  class='av_textblock_section av-l4heanym-de0418e4dc39369300673a05261b2a3a'  itemscope=\"itemscope\" itemtype=\"https:\/\/schema.org\/CreativeWork\" ><div class='avia_textblock av_inherit_color'  itemprop=\"text\" ><h4 class=\"title-header\"><strong>600 Ft\/f\u0151<\/strong><\/h4>\n<\/div><\/section><\/p><\/div><\/div><!--close column table wrapper. Autoclose: 1 --><\/div><\/div><\/div><!-- close content main div --><\/div><\/div><div id='av_section_3'  class='avia-section av-zbpk-ea38f9f1fc3a0b1fd3616eec434eb504 main_color avia-section-default avia-no-border-styling  avia-builder-el-22  el_after_av_section  avia-builder-el-last  avia-bg-style-scroll container_wrap fullsize'  ><div class='container av-section-cont-open' ><div class='template-page content  av-content-full alpha units'><div class='post-entry post-entry-type-page post-entry-136'><div class='entry-content-wrapper clearfix'>\n<section  class='av_textblock_section av-lf6w44z4-397e94f19f84fb112ca1e4b297ae7bc9'  itemscope=\"itemscope\" itemtype=\"https:\/\/schema.org\/CreativeWork\" ><div class='avia_textblock'  itemprop=\"text\" ><p align=\"justify\"><span style=\"font-size: medium;\">P\u00e9nzt\u00e1runkban k\u00e9szp\u00e9nzzel \u00e9s bankk\u00e1rty\u00e1val fizethet. SZ\u00c9P k\u00e1rty\u00e1t nem \u00e1ll m\u00f3dunkban elfogadni. T\u00e1j\u00e9koztatjuk, hogy \u00c1FA-s sz\u00e1mla ig\u00e9nyl\u00e9se eset\u00e9n egy \u00fan. sz\u00e1mlak\u00e9r\u0151 nyomtatv\u00e1nyt kell kit\u00f6lteni a helysz\u00ednen, a m\u00fazeum fenntart\u00f3ja pedig egy h\u00e9ten bel\u00fcl ki\u00e1ll\u00edtja a sz\u00e1ml\u00e1t, majd postai \u00faton megk\u00fcldi a k\u00e9rt c\u00edmre.<\/span><\/p>\n<\/div><\/section>\n<div  class='hr av-89tk0-c2dcdae757e4dfd0d17ef309c9a4f5a6 hr-default  avia-builder-el-24  el_after_av_textblock  el_before_av_heading '><span class='hr-inner '><span class=\"hr-inner-style\"><\/span><\/span><\/div>\n\n<style type=\"text\/css\" data-created_by=\"avia_inline_auto\" id=\"style-css-av-l4henipp-7a4f1aafb33435ad0c347caddcab108a\">\n#top .av-special-heading.av-l4henipp-7a4f1aafb33435ad0c347caddcab108a{\npadding-bottom:10px;\n}\nbody .av-special-heading.av-l4henipp-7a4f1aafb33435ad0c347caddcab108a .av-special-heading-tag .heading-char{\nfont-size:25px;\n}\n.av-special-heading.av-l4henipp-7a4f1aafb33435ad0c347caddcab108a .av-subheading{\nfont-size:15px;\n}\n<\/style>\n<div  class='av-special-heading av-l4henipp-7a4f1aafb33435ad0c347caddcab108a av-special-heading-h3 blockquote modern-quote  avia-builder-el-25  el_after_av_hr  el_before_av_textblock '><h3 class='av-special-heading-tag'  itemprop=\"headline\"  >Ingyenes a bel\u00e9p\u00e9s az al\u00e1bbi csoportok sz\u00e1m\u00e1ra:<\/h3><div class=\"special-heading-border\"><div class=\"special-heading-inner-border\"><\/div><\/div><\/div>\n<section  class='av_textblock_section av-l4hen5kk-ddbc030ae1bdcbd242d0ecb65ffd3fef'  itemscope=\"itemscope\" itemtype=\"https:\/\/schema.org\/CreativeWork\" ><div class='avia_textblock'  itemprop=\"text\" ><ul>\n<li><span class=\"color_11\">6 \u00e9v alatti gyermekek<\/span><\/li>\n<li><span class=\"color_11\">70. \u00e9let\u00e9v\u00fcket bet\u00f6lt\u00f6tt feln\u0151ttek<\/span><\/li>\n<li><span class=\"color_11\">Fogyat\u00e9kkal \u00e9l\u0151 szem\u00e9ly \u00e9s egy k\u00eds\u00e9r\u0151je<\/span><\/li>\n<li><span class=\"color_11\">V\u00edz\u00fcgyi dolgoz\u00f3k \u00e9s csal\u00e1dtagjaik<\/span><\/li>\n<li><span class=\"color_11\">Az EMMI \u00e1ltal kiadott, szakmai bel\u00e9p\u0151vel rendelkez\u0151k<\/span><\/li>\n<li><span class=\"color_11\">Legal\u00e1bb 400 f\u0151s tagl\u00e9tsz\u00e1mmal rendelkez\u0151, orsz\u00e1gos hat\u00e1sk\u00f6r\u0171 k\u00f6zgy\u0171jtem\u00e9nyi szakmai szervezet tagjai<\/span><\/li>\n<li><span class=\"color_11\">K\u00f6zoktat\u00e1sban dolgoz\u00f3 pedag\u00f3gusok (pedag\u00f3gusigazolv\u00e1nnyal, magyar \u00e9s EGT \u00e1llampolg\u00e1rok r\u00e9sz\u00e9re)<\/span><\/li>\n<li><span class=\"color_11\">\u00c1lland\u00f3 ki\u00e1ll\u00edt\u00e1sainkat minden h\u00f3nap utols\u00f3 vas\u00e1rnapj\u00e1n a 26 \u00e9v alattiak illetve 18 \u00e9v alatti gyermekek, k\u00e9t k\u00f6zeli hozz\u00e1tartoz\u00f3val (magyar \u00e9s EGT \u00e1llampolg\u00e1rok r\u00e9sz\u00e9re)<\/span><\/li>\n<li><span class=\"color_11\">ICOM, ICOMOS k\u00e1rty\u00e1val rendelkez\u0151k<\/span><\/li>\n<li><span class=\"color_11\">Nemzeti \u00fcnnepeken (m\u00e1rcius 15., augusztus 20., okt\u00f3ber 23.) minden l\u00e1togat\u00f3<\/span><\/li>\n<li><span class=\"color_11\">\u00dajs\u00e1g\u00edr\u00f3k (\u00e9rv\u00e9nyes igazolv\u00e1nnyal)<\/span><\/li>\n<li><span class=\"color_11\">M\u00fazeumi dolgoz\u00f3k, k\u00f6nyvt\u00e1rosok, lev\u00e9lt\u00e1rosok (\u00e9rv\u00e9nyes igazol\u00e1ssal)<br \/>\n<\/span><\/li>\n<li><span class=\"color_11\">T\u00e1jak \u2013 Korok \u2013 M\u00fazeumok-igazolv\u00e1nnyal rendelkez\u0151k<\/span><\/li>\n<li>Magyar Vid\u00e9ki M\u00fazeumok Sz\u00f6vets\u00e9ge tagm\u00fazeumainak munkat\u00e1rsai (\u00e9rv\u00e9nyes igazol\u00e1ssal)<\/li>\n<\/ul>\n<\/div><\/section>\n<\/p>\n","protected":false},"excerpt":{"rendered":"","protected":false},"author":1,"featured_media":0,"parent":0,"menu_order":0,"comment_status":"closed","ping_status":"closed","template":"","meta":[],"_links":{"self":[{"href":"http:\/\/dunamuzeum.hu\/index.php\/wp-json\/wp\/v2\/pages\/136"}],"collection":[{"href":"http:\/\/dunamuzeum.hu\/index.php\/wp-json\/wp\/v2\/pages"}],"about":[{"href":"http:\/\/dunamuzeum.hu\/index.php\/wp-json\/wp\/v2\/types\/page"}],"author":[{"embeddable":true,"href":"http:\/\/dunamuzeum.hu\/index.php\/wp-json\/wp\/v2\/users\/1"}],"replies":[{"embeddable":true,"href":"http:\/\/dunamuzeum.hu\/index.php\/wp-json\/wp\/v2\/comments?post=136"}],"version-history":[{"count":41,"href":"http:\/\/dunamuzeum.hu\/index.php\/wp-json\/wp\/v2\/pages\/136\/revisions"}],"predecessor-version":[{"id":1911,"href":"http:\/\/dunamuzeum.hu\/index.php\/wp-json\/wp\/v2\/pages\/136\/revisions\/1911"}],"wp:attachment":[{"href":"http:\/\/dunamuzeum.hu\/index.php\/wp-json\/wp\/v2\/media?parent=136"}],"curies":[{"name":"wp","href":"https:\/\/api.w.org\/{rel}","templated":true}]}}