{"id":153,"date":"2021-06-25T10:57:25","date_gmt":"2021-06-25T08:57:25","guid":{"rendered":"http:\/\/dunamuzeum2.ovf.hu\/?page_id=153"},"modified":"2026-03-09T12:55:18","modified_gmt":"2026-03-09T10:55:18","slug":"elerhetoseg","status":"publish","type":"page","link":"http:\/\/dunamuzeum.hu\/index.php\/elerhetoseg\/","title":{"rendered":"El\u00e9rhet\u0151s\u00e9g"},"content":{"rendered":"<div class='flex_column av-8mmzl-85d0f2ebe192a609173cc81f68db2f25 av_one_full  avia-builder-el-0  el_before_av_two_third  avia-builder-el-first  first flex_column_div '   ><\/div>\n<div class='flex_column av-154po9-e8d1b960b701056881471679674c9f49 av_two_third  avia-builder-el-2  el_after_av_one_full  el_before_av_one_third  first flex_column_div column-top-margin'   ><p>\n<style type=\"text\/css\" data-created_by=\"avia_inline_auto\" id=\"style-css-av-l4hakbvz-675c9814631a818e19aea3fd6591dd03\">\n#top .av-special-heading.av-l4hakbvz-675c9814631a818e19aea3fd6591dd03{\npadding-bottom:10px;\n}\nbody .av-special-heading.av-l4hakbvz-675c9814631a818e19aea3fd6591dd03 .av-special-heading-tag .heading-char{\nfont-size:25px;\n}\n.av-special-heading.av-l4hakbvz-675c9814631a818e19aea3fd6591dd03 .av-subheading{\nfont-size:15px;\n}\n<\/style>\n<div  class='av-special-heading av-l4hakbvz-675c9814631a818e19aea3fd6591dd03 av-special-heading-h3 blockquote modern-quote  avia-builder-el-3  el_before_av_hr  avia-builder-el-first '><h3 class='av-special-heading-tag'  itemprop=\"headline\"  >Duna M\u00fazeum Magyar K\u00f6rnyezetv\u00e9delmi \u00e9s V\u00edz\u00fcgyi M\u00fazeum<\/h3><div class=\"special-heading-border\"><div class=\"special-heading-inner-border\"><\/div><\/div><\/div><br \/>\n\n<style type=\"text\/css\" data-created_by=\"avia_inline_auto\" id=\"style-css-av-fo1o9-841ded7c5a94d5f5b3eeeba06adcf2e2\">\n#top .hr.hr-invisible.av-fo1o9-841ded7c5a94d5f5b3eeeba06adcf2e2{\nheight:50px;\n}\n<\/style>\n<div  class='hr av-fo1o9-841ded7c5a94d5f5b3eeeba06adcf2e2 hr-invisible  avia-builder-el-4  el_after_av_heading  el_before_av_textblock '><span class='hr-inner '><span class=\"hr-inner-style\"><\/span><\/span><\/div><br \/>\n<section  class='av_textblock_section av-l4hakpn8-085e8ca2a923c3385fa455d7bfdbcc38'  itemscope=\"itemscope\" itemtype=\"https:\/\/schema.org\/CreativeWork\" ><div class='avia_textblock'  itemprop=\"text\" ><p><a href=\"https:\/\/www.google.com\/maps\/place\/Magyar+K%C3%B6rnyezetv%C3%A9delmi+%C3%A9s+V%C3%ADz%C3%BCgyi+M%C3%BAzeum\/@47.7943902,18.7417659,17z\/data=!3m1!4b1!4m5!3m4!1s0x476a618b6e845f5d:0x422fa0f441e7684e!8m2!3d47.7943866!4d18.7439546\" target=\"_blank\" rel=\"noopener\">2500 Esztergom, K\u00f6lcsey u. 2.<\/a><br \/>\nTel.: +36 33 500 250<br \/>\nE-mail: <span id=\"cloake5fe16c175b2fa336e1c038320133d73\"><a href=\"mailto:info@dunamuzeum.hu\">info@dunamuzeum.hu<\/a><\/span><\/p>\n<p><strong>M\u00fazeumpedag\u00f3gia:<\/strong><\/p>\n<section class=\"av_textblock_section av-l4q13gux-85ffae2814791a08462a488b2ded08ce\">\n<div class=\"avia_textblock\">\n<p><strong>Jenike Kinga<br \/>\n<\/strong>telefon: 30\/199-2659, 33\/500-251, 33\/500-250<br \/>\ne-mail:\u00a0<span id=\"cloakdaa3f7b0ee5b5cc5224d09a81a15b12d\"><a href=\"mailto:kingajenike@dunamuzeum.hu\">kingajenike@dunamuzeum.hu<\/a><\/span><\/p>\n<\/div>\n<\/section>\n<h6><\/h6>\n<\/div><\/section><\/p><\/div><div class='flex_column av-yqrw9-0998b3cf16a77f78b275c93d6f3f7fd3 av_one_third  avia-builder-el-6  el_after_av_two_third  el_before_av_section  avia-builder-el-last  flex_column_div column-top-margin'   ><p>\n<style type=\"text\/css\" data-created_by=\"avia_inline_auto\" id=\"style-css-av-l4haim7o-72a1d566f8670b8d99e4093d224e79e6\">\n#top .av-special-heading.av-l4haim7o-72a1d566f8670b8d99e4093d224e79e6{\npadding-bottom:10px;\n}\nbody .av-special-heading.av-l4haim7o-72a1d566f8670b8d99e4093d224e79e6 .av-special-heading-tag .heading-char{\nfont-size:25px;\n}\n.av-special-heading.av-l4haim7o-72a1d566f8670b8d99e4093d224e79e6 .av-subheading{\nfont-size:15px;\n}\n<\/style>\n<div  class='av-special-heading av-l4haim7o-72a1d566f8670b8d99e4093d224e79e6 av-special-heading-h3 blockquote modern-quote  avia-builder-el-7  el_before_av_hr  avia-builder-el-first '><h3 class='av-special-heading-tag'  itemprop=\"headline\"  >Nyitvatart\u00e1s<\/h3><div class=\"special-heading-border\"><div class=\"special-heading-inner-border\"><\/div><\/div><\/div><br \/>\n\n<style type=\"text\/css\" data-created_by=\"avia_inline_auto\" id=\"style-css-av-9z8zl-d31d5d99908e9b5c494651de9ff6acc5\">\n#top .hr.hr-invisible.av-9z8zl-d31d5d99908e9b5c494651de9ff6acc5{\nheight:50px;\n}\n<\/style>\n<div  class='hr av-9z8zl-d31d5d99908e9b5c494651de9ff6acc5 hr-invisible  avia-builder-el-8  el_after_av_heading  el_before_av_textblock '><span class='hr-inner '><span class=\"hr-inner-style\"><\/span><\/span><\/div><br \/>\n<section  class='av_textblock_section av-l4haiwm2-e7a425c7679ff5ca05300d5cbd0a354a'  itemscope=\"itemscope\" itemtype=\"https:\/\/schema.org\/CreativeWork\" ><div class='avia_textblock'  itemprop=\"text\" ><div class=\"fw-heading fw-heading-h1 \"><\/div>\n<p>H\u00e9tf\u0151 9-17 \u00f3r\u00e1ig<br \/>\nKedd Z\u00c1RVA<br \/>\nSzerda 9-17 \u00f3r\u00e1ig<br \/>\nCs\u00fct\u00f6rt\u00f6k 9-17 \u00f3r\u00e1ig<br \/>\nP\u00e9ntek 9-17 \u00f3r\u00e1ig<br \/>\nSzombat 9-17 \u00f3r\u00e1ig<br \/>\nVas\u00e1rnap 9-17 \u00f3r\u00e1ig<br \/>\n&#8211;<br \/>\n<span class=\"color_11\">Nemzeti \u00fcnnepeken<br \/>\n<\/span><span class=\"color_11\">(m\u00e1rcius 15., augusztus 20., okt\u00f3ber 23.)<br \/>\n<\/span><span class=\"color_11\">m\u00fazeumunk ingyenesen l\u00e1togathat\u00f3!<\/span><\/p>\n<\/div><\/section><\/p><\/div><\/p>\n<\/div><\/div><\/div><!-- close content main div --><\/div><\/div><div id='av_section_1'  class='avia-section av-70rnl-a44ebc805b4808ce24d35d7a21dd0761 alternate_color avia-section-default avia-no-border-styling  avia-builder-el-10  el_after_av_one_third  avia-builder-el-last  avia-bg-style-scroll container_wrap fullsize'  ><div class='container av-section-cont-open' ><div class='template-page content  av-content-full alpha units'><div class='post-entry post-entry-type-page post-entry-153'><div class='entry-content-wrapper clearfix'>\n<div class='flex_column av-oxiax-f14821f75adca893fb6cc4b3f8f05587 av_one_full  avia-builder-el-11  el_before_av_one_third  avia-builder-el-first  first flex_column_div '   ><style type=\"text\/css\" data-created_by=\"avia_inline_auto\" id=\"style-css-av-l4hamjdi-dbcdbcac0b03e69294cf4d5f10a47f86\">\n#top .av-special-heading.av-l4hamjdi-dbcdbcac0b03e69294cf4d5f10a47f86{\npadding-bottom:10px;\n}\nbody .av-special-heading.av-l4hamjdi-dbcdbcac0b03e69294cf4d5f10a47f86 .av-special-heading-tag .heading-char{\nfont-size:25px;\n}\n.av-special-heading.av-l4hamjdi-dbcdbcac0b03e69294cf4d5f10a47f86 .av-subheading{\nfont-size:15px;\n}\n<\/style>\n<div  class='av-special-heading av-l4hamjdi-dbcdbcac0b03e69294cf4d5f10a47f86 av-special-heading-h3 blockquote modern-quote  avia-builder-el-12  avia-builder-el-no-sibling '><h3 class='av-special-heading-tag'  itemprop=\"headline\"  >\u00cdgy jut el Esztergomba t\u00f6megk\u00f6zleked\u00e9ssel:<\/h3><div class=\"special-heading-border\"><div class=\"special-heading-inner-border\"><\/div><\/div><\/div><\/div><div class='flex_column av-gq2i1-7a96ec21ef4ffccf7b49fd7a7e87e8e6 av_one_third  avia-builder-el-13  el_after_av_one_full  el_before_av_one_third  first flex_column_div column-top-margin'   ><p>\n<style type=\"text\/css\" data-created_by=\"avia_inline_auto\" id=\"style-css-av-l4mszsj3-c1ae6abecb765a27174fe05a2bad1baa\">\n.avia-image-container.av-l4mszsj3-c1ae6abecb765a27174fe05a2bad1baa .av-image-caption-overlay-center{\ncolor:#ffffff;\n}\n<\/style>\n<div  class='avia-image-container av-l4mszsj3-c1ae6abecb765a27174fe05a2bad1baa av-styling- avia-align-center  avia-builder-el-14  el_before_av_heading  avia-builder-el-first '  itemprop=\"image\" itemscope=\"itemscope\" itemtype=\"https:\/\/schema.org\/ImageObject\" ><div class=\"avia-image-container-inner\"><div class=\"avia-image-overlay-wrap\"><img decoding=\"async\" class='wp-image-398 avia-img-lazy-loading-not-398 avia_image' src=\"http:\/\/dunamuzeum.hu\/wp-content\/uploads\/2022\/06\/vonat2.png\" alt='' title='vonat2'  height=\"175\" width=\"250\"  itemprop=\"thumbnailUrl\"  \/><\/div><\/div><\/div><br \/>\n\n<style type=\"text\/css\" data-created_by=\"avia_inline_auto\" id=\"style-css-av-l4mt0ren-39928cbe76d25868bdf0f288a6aefd72\">\n#top .av-special-heading.av-l4mt0ren-39928cbe76d25868bdf0f288a6aefd72{\npadding-bottom:10px;\n}\nbody .av-special-heading.av-l4mt0ren-39928cbe76d25868bdf0f288a6aefd72 .av-special-heading-tag .heading-char{\nfont-size:25px;\n}\n.av-special-heading.av-l4mt0ren-39928cbe76d25868bdf0f288a6aefd72 .av-subheading{\nfont-size:15px;\n}\n<\/style>\n<div  class='av-special-heading av-l4mt0ren-39928cbe76d25868bdf0f288a6aefd72 av-special-heading-h3 blockquote modern-quote  avia-builder-el-15  el_after_av_image  el_before_av_textblock '><h3 class='av-special-heading-tag'  itemprop=\"headline\"  >Vonattal<\/h3><div class=\"special-heading-border\"><div class=\"special-heading-inner-border\"><\/div><\/div><\/div><br \/>\n<section  class='av_textblock_section av-l4n5kfl9-6f0d4589bba25a428fba858d25e14afc'  itemscope=\"itemscope\" itemtype=\"https:\/\/schema.org\/CreativeWork\" ><div class='avia_textblock'  itemprop=\"text\" ><p>Budapest, Nyugati p\u00e1lyaudvar<\/p>\n<p><a href=\"https:\/\/jegy.mav.hu\/\">M\u00c1V menetrend \u00e9s jegyv\u00e1s\u00e1rl\u00e1s<\/a><\/p>\n<\/div><\/section><\/p><\/div><div class='flex_column av-7e1a1-59a66cc2ef3098d507888a8e49057a07 av_one_third  avia-builder-el-17  el_after_av_one_third  el_before_av_one_third  flex_column_div column-top-margin'   ><p>\n<style type=\"text\/css\" data-created_by=\"avia_inline_auto\" id=\"style-css-av-l4n5ssic-9b83832b01e316909ac48515a07687fb\">\n.avia-image-container.av-l4n5ssic-9b83832b01e316909ac48515a07687fb .av-image-caption-overlay-center{\ncolor:#ffffff;\n}\n<\/style>\n<div  class='avia-image-container av-l4n5ssic-9b83832b01e316909ac48515a07687fb av-styling- avia-align-center  avia-builder-el-18  el_before_av_heading  avia-builder-el-first '  itemprop=\"image\" itemscope=\"itemscope\" itemtype=\"https:\/\/schema.org\/ImageObject\" ><div class=\"avia-image-container-inner\"><div class=\"avia-image-overlay-wrap\"><img decoding=\"async\" class='wp-image-399 avia-img-lazy-loading-not-399 avia_image' src=\"http:\/\/dunamuzeum.hu\/wp-content\/uploads\/2022\/06\/busz2.png\" alt='' title='busz2'  height=\"175\" width=\"250\"  itemprop=\"thumbnailUrl\"  \/><\/div><\/div><\/div><br \/>\n\n<style type=\"text\/css\" data-created_by=\"avia_inline_auto\" id=\"style-css-av-l4n5sztr-6b019a3649ab5ab3e2b8577f358e969f\">\n#top .av-special-heading.av-l4n5sztr-6b019a3649ab5ab3e2b8577f358e969f{\npadding-bottom:10px;\n}\nbody .av-special-heading.av-l4n5sztr-6b019a3649ab5ab3e2b8577f358e969f .av-special-heading-tag .heading-char{\nfont-size:25px;\n}\n.av-special-heading.av-l4n5sztr-6b019a3649ab5ab3e2b8577f358e969f .av-subheading{\nfont-size:15px;\n}\n<\/style>\n<div  class='av-special-heading av-l4n5sztr-6b019a3649ab5ab3e2b8577f358e969f av-special-heading-h3 blockquote modern-quote  avia-builder-el-19  el_after_av_image  el_before_av_textblock '><h3 class='av-special-heading-tag'  itemprop=\"headline\"  >Aut\u00f3busszal<\/h3><div class=\"special-heading-border\"><div class=\"special-heading-inner-border\"><\/div><\/div><\/div><br \/>\n<section  class='av_textblock_section av-l4n5t8hc-a75256895f86d878fb3787663c55c492'  itemscope=\"itemscope\" itemtype=\"https:\/\/schema.org\/CreativeWork\" ><div class='avia_textblock'  itemprop=\"text\" ><p>Budapest, \u00c1rp\u00e1d h\u00edd<\/p>\n<p><a title=\"Aut\u00f3busz menetrend\" href=\"http:\/\/www.menetrendek.hu\/\" target=\"_blank\" rel=\"noopener\">www.menetrendek.hu<\/a><\/p>\n<\/div><\/section><\/p><\/div><div class='flex_column av-apkip-ab0155fe98524917c76e415b53d34445 av_one_third  avia-builder-el-21  el_after_av_one_third  avia-builder-el-last  flex_column_div column-top-margin'   ><p>\n<style type=\"text\/css\" data-created_by=\"avia_inline_auto\" id=\"style-css-av-l4n5v3fe-cf4e1f1bcf0087ef335b78c2acf71ead\">\n.avia-image-container.av-l4n5v3fe-cf4e1f1bcf0087ef335b78c2acf71ead .av-image-caption-overlay-center{\ncolor:#ffffff;\n}\n<\/style>\n<div  class='avia-image-container av-l4n5v3fe-cf4e1f1bcf0087ef335b78c2acf71ead av-styling- avia-align-center  avia-builder-el-22  el_before_av_heading  avia-builder-el-first '  itemprop=\"image\" itemscope=\"itemscope\" itemtype=\"https:\/\/schema.org\/ImageObject\" ><div class=\"avia-image-container-inner\"><div class=\"avia-image-overlay-wrap\"><img decoding=\"async\" class='wp-image-397 avia-img-lazy-loading-not-397 avia_image' src=\"http:\/\/dunamuzeum.hu\/wp-content\/uploads\/2022\/06\/hajo2.png\" alt='' title='hajo2'  height=\"175\" width=\"250\"  itemprop=\"thumbnailUrl\"  \/><\/div><\/div><\/div><br \/>\n\n<style type=\"text\/css\" data-created_by=\"avia_inline_auto\" id=\"style-css-av-l4n5vpis-b840e0c68b5218e2d5e21baf3b053f3f\">\n#top .av-special-heading.av-l4n5vpis-b840e0c68b5218e2d5e21baf3b053f3f{\npadding-bottom:10px;\n}\nbody .av-special-heading.av-l4n5vpis-b840e0c68b5218e2d5e21baf3b053f3f .av-special-heading-tag .heading-char{\nfont-size:25px;\n}\n.av-special-heading.av-l4n5vpis-b840e0c68b5218e2d5e21baf3b053f3f .av-subheading{\nfont-size:15px;\n}\n<\/style>\n<div  class='av-special-heading av-l4n5vpis-b840e0c68b5218e2d5e21baf3b053f3f av-special-heading-h3 blockquote modern-quote  avia-builder-el-23  el_after_av_image  el_before_av_textblock '><h3 class='av-special-heading-tag'  itemprop=\"headline\"  >Haj\u00f3val<\/h3><div class=\"special-heading-border\"><div class=\"special-heading-inner-border\"><\/div><\/div><\/div><br \/>\n<section  class='av_textblock_section av-l4n5wjvx-a7d72432e8c1b943b30f84e22611742b'  itemscope=\"itemscope\" itemtype=\"https:\/\/schema.org\/CreativeWork\" ><div class='avia_textblock'  itemprop=\"text\" ><p>Budapest, Vigad\u00f3 t\u00e9r<\/p>\n<p><a title=\"Haj\u00f3 menetrend\" href=\"http:\/\/www.mahartpassnave.hu\/\" target=\"_blank\" rel=\"noopener\">www.mahartpassnave.hu<\/a><\/p>\n<\/div><\/section><\/p><\/div>\n\n","protected":false},"excerpt":{"rendered":"","protected":false},"author":1,"featured_media":0,"parent":0,"menu_order":0,"comment_status":"closed","ping_status":"closed","template":"","meta":[],"_links":{"self":[{"href":"http:\/\/dunamuzeum.hu\/index.php\/wp-json\/wp\/v2\/pages\/153"}],"collection":[{"href":"http:\/\/dunamuzeum.hu\/index.php\/wp-json\/wp\/v2\/pages"}],"about":[{"href":"http:\/\/dunamuzeum.hu\/index.php\/wp-json\/wp\/v2\/types\/page"}],"author":[{"embeddable":true,"href":"http:\/\/dunamuzeum.hu\/index.php\/wp-json\/wp\/v2\/users\/1"}],"replies":[{"embeddable":true,"href":"http:\/\/dunamuzeum.hu\/index.php\/wp-json\/wp\/v2\/comments?post=153"}],"version-history":[{"count":27,"href":"http:\/\/dunamuzeum.hu\/index.php\/wp-json\/wp\/v2\/pages\/153\/revisions"}],"predecessor-version":[{"id":3310,"href":"http:\/\/dunamuzeum.hu\/index.php\/wp-json\/wp\/v2\/pages\/153\/revisions\/3310"}],"wp:attachment":[{"href":"http:\/\/dunamuzeum.hu\/index.php\/wp-json\/wp\/v2\/media?parent=153"}],"curies":[{"name":"wp","href":"https:\/\/api.w.org\/{rel}","templated":true}]}}