{"id":174,"date":"2021-06-25T13:51:52","date_gmt":"2021-06-25T11:51:52","guid":{"rendered":"http:\/\/dunamuzeum2.ovf.hu\/?page_id=174"},"modified":"2023-01-17T11:01:49","modified_gmt":"2023-01-17T09:01:49","slug":"allando-kiallitas","status":"publish","type":"page","link":"http:\/\/dunamuzeum.hu\/index.php\/allando-kiallitas\/","title":{"rendered":"\u00c1lland\u00f3 ki\u00e1ll\u00edt\u00e1s"},"content":{"rendered":"<div id='full_slider_1'  class='avia-fullwidth-slider main_color avia-shadow   avia-builder-el-0  el_before_av_section  avia-builder-el-first   container_wrap fullsize'  ><div  class='avia-slideshow av-l5cggf92-579383ceaf8add95df7499789f456da6 av-control-default avia-slideshow-no scaling av_slideshow_full avia-slide-slider av-default-height-applied   avia-slideshow-1'  data-size='no scaling'  data-lightbox_size='large'  data-animation='slide'  data-conditional_play=''  data-ids='796'  data-video_counter='0'  data-autoplay='false'  data-bg_slider='false'  data-slide_height=''  data-handle='av_slideshow_full'  data-interval='5'  data-class=''  data-extra_class=' '  data-el_id=''  data-css_id=''  data-scroll_down=''  data-control_layout='av-control-default'  data-custom_markup=''  data-perma_caption=''  data-autoplay_stopper=''  data-image_attachment=''  data-min_height='0px'  data-lazy_loading='disabled'  data-default-height='41.322314049587'  data-stretch=''  data-src=''  data-position='top left'  data-repeat='no-repeat'  data-attach='scroll'  data-img_scrset=''  data-av-desktop-hide=''  data-av-medium-hide=''  data-av-small-hide=''  data-av-mini-hide=''  data-id=''  data-custom_class=''  data-template_class=''  data-av_uid='av-l5cggf92'  data-sc_version='1.0'  data-heading_tag=''  data-heading_class=''   itemprop=\"image\" itemscope=\"itemscope\" itemtype=\"https:\/\/schema.org\/ImageObject\" ><ul class='avia-slideshow-inner ' style='padding-bottom: 41.322314049587%;'><li  class='avia-slideshow-slide av-l5cggf92-579383ceaf8add95df7499789f456da6__0  av-single-slide slide-1 ' ><div data-rel='slideshow-1' class='avia-slide-wrap '   ><div class='av-slideshow-caption av-l5cggf92-579383ceaf8add95df7499789f456da6__0 caption_fullwidth caption_bottom'><div class=\"container caption_container\"><div class=\"slideshow_caption\"><div class=\"slideshow_inner_caption\"><div class=\"slideshow_align_caption\"><h2 class='avia-caption-title '  itemprop=\"name\" >V\u00edzeum<\/h2><div class='avia-caption-content '  itemprop=\"description\" ><p>P\u00e1ratlan gy\u0171jtem\u00e9ny a v\u00edz \u00e9s az ember kapcsolat\u00e1r\u00f3l<\/p>\n<\/div><\/div><\/div><\/div><\/div><\/div><img decoding=\"async\" class=\"wp-image-796 avia-img-lazy-loading-not-796\"  src=\"http:\/\/dunamuzeum.hu\/wp-content\/uploads\/2022\/08\/vi\u0301zeum-hero3C.jpg\" width=\"1210\" height=\"500\" title='vi\u0301zeum-hero3C' alt=''  itemprop=\"thumbnailUrl\" srcset=\"http:\/\/dunamuzeum.hu\/wp-content\/uploads\/2022\/08\/vi\u0301zeum-hero3C.jpg 1210w, http:\/\/dunamuzeum.hu\/wp-content\/uploads\/2022\/08\/vi\u0301zeum-hero3C-300x124.jpg 300w, http:\/\/dunamuzeum.hu\/wp-content\/uploads\/2022\/08\/vi\u0301zeum-hero3C-1030x426.jpg 1030w, http:\/\/dunamuzeum.hu\/wp-content\/uploads\/2022\/08\/vi\u0301zeum-hero3C-768x317.jpg 768w, http:\/\/dunamuzeum.hu\/wp-content\/uploads\/2022\/08\/vi\u0301zeum-hero3C-705x291.jpg 705w\" sizes=\"(max-width: 1210px) 100vw, 1210px\" \/><\/div><\/li><\/ul><\/div><\/div>\n<div id='av_section_1'  class='avia-section av-qmmxq-bf34e4943902a5b8b6b9f669928feaa0 main_color avia-section-default avia-no-border-styling  avia-builder-el-1  el_after_av_slideshow_full  avia-builder-el-last  avia-bg-style-scroll container_wrap fullsize'  ><div class='container av-section-cont-open' ><div class='template-page content  av-content-full alpha units'><div class='post-entry post-entry-type-page post-entry-174'><div class='entry-content-wrapper clearfix'>\n\n<style type=\"text\/css\" data-created_by=\"avia_inline_auto\" id=\"style-css-av-l5cgeueg-62fa401226a2b925425d586b4c31179b\">\n#top .hr.hr-invisible.av-l5cgeueg-62fa401226a2b925425d586b4c31179b{\nheight:50px;\n}\n<\/style>\n<div  class='hr av-l5cgeueg-62fa401226a2b925425d586b4c31179b hr-invisible  avia-builder-el-2  el_before_av_two_fifth  avia-builder-el-first '><span class='hr-inner '><span class=\"hr-inner-style\"><\/span><\/span><\/div>\n<div class='flex_column av-lmsee-ffa2b8a73444f35289826a7701f91ee6 av_two_fifth  avia-builder-el-3  el_after_av_hr  el_before_av_three_fifth  first flex_column_div '   ><style type=\"text\/css\" data-created_by=\"avia_inline_auto\" id=\"style-css-av-l5cge0wi-9cc5537448d571c279c6dd5fc79db905\">\n#top .av-special-heading.av-l5cge0wi-9cc5537448d571c279c6dd5fc79db905{\npadding-bottom:10px;\n}\nbody .av-special-heading.av-l5cge0wi-9cc5537448d571c279c6dd5fc79db905 .av-special-heading-tag .heading-char{\nfont-size:25px;\n}\n.av-special-heading.av-l5cge0wi-9cc5537448d571c279c6dd5fc79db905 .av-subheading{\nfont-size:15px;\n}\n<\/style>\n<div  class='av-special-heading av-l5cge0wi-9cc5537448d571c279c6dd5fc79db905 av-special-heading-h3 blockquote modern-quote  avia-builder-el-4  avia-builder-el-no-sibling '><h3 class='av-special-heading-tag'  itemprop=\"headline\"  >Az esztergomi Magyar K\u00f6rnyezetv\u00e9delmi \u00e9s V\u00edz\u00fcgyi M\u00fazeum k\u00f6zel f\u00e9l \u00e9vsz\u00e1zados t\u00f6rt\u00e9nete sor\u00e1n 2019 okt\u00f3ber\u00e9ben nyitotta meg harmadik \u00e1lland\u00f3 ki\u00e1ll\u00edt\u00e1s\u00e1t V\u00edzeum c\u00edmmel.<\/h3><div class=\"special-heading-border\"><div class=\"special-heading-inner-border\"><\/div><\/div><\/div><\/div><div class='flex_column av-fu6da-8bede876aa65e3e177112ce9c6be3d54 av_three_fifth  avia-builder-el-5  el_after_av_two_fifth  avia-builder-el-last  flex_column_div '   ><p><section  class='av_textblock_section av-l5cfu2s9-6b5f8ca100c57553674cf3c693d829cc'  itemscope=\"itemscope\" itemtype=\"https:\/\/schema.org\/CreativeWork\" ><div class='avia_textblock'  itemprop=\"text\" ><p><span style=\"font-weight: 400;\">Az \u00faj ki\u00e1ll\u00edt\u00e1s hagyom\u00e1nyos \u00e9s modern technik\u00e1kat \u00f6tv\u00f6zve mutatja be a v\u00edz \u00e9let\u00fcnkben bet\u00f6lt\u00f6tt szerep\u00e9t, sz\u00e1mtalan felhaszn\u00e1l\u00e1si m\u00f3dj\u00e1t. Megjelenik benne a v\u00edzgazd\u00e1lkod\u00e1s m\u00faltja, jelene, a v\u00edz erej\u00e9nek felhaszn\u00e1l\u00e1sa, a foly\u00f3k szab\u00e1lyoz\u00e1sa, de nem marad ki a haj\u00f3z\u00e1s, f\u00fcrd\u0151z\u00e9s, az \u00e1sv\u00e1ny- \u00e9s gy\u00f3gyvizek, a sz\u00f3dav\u00edz, s\u0151t, a Balaton t\u00f6rt\u00e9nete sem.<\/span><\/p>\n<p><span style=\"font-weight: 400;\">A t\u00e1rlat reflekt\u00e1l napjaink legfontosabb k\u00f6rnyezeti probl\u00e9m\u00e1j\u00e1ra, az \u00e9ghajlatv\u00e1ltoz\u00e1sra is, a leg\u00fajabb kutat\u00e1si eredm\u00e9nyek k\u00f6zl\u00e9s\u00e9vel mutatja be a v\u00edz \u00e9s a kl\u00edmav\u00e1ltoz\u00e1s k\u00f6z\u00f6tti \u00f6sszef\u00fcgg\u00e9seket.<\/span><\/p>\n<p><span style=\"font-weight: 400;\">A lebontott kor\u00e1bbi \u00e1lland\u00f3 ki\u00e1ll\u00edt\u00e1s egyik kedvenc eleme, a hatalmas v\u00edzg\u00e9p is meg\u00fajult, f\u00e9nyekkel, narr\u00e1ci\u00f3val kieg\u00e9sz\u00edtve mutatja be a v\u00edz erej\u00e9nek sokf\u00e9le m\u00faltb\u00e9li hasznos\u00edt\u00e1s\u00e1t. Ugyancsak fel\u00faj\u00edt\u00e1sra, \u00e1talak\u00edt\u00e1sra ker\u00fclt az els\u0151sorban gyerekeknek sz\u00e1nt vizes j\u00e1tsz\u00f3szoba.<\/span><\/p>\n<p><span style=\"font-weight: 400;\">K\u00fcl\u00f6n fejezetet kapott az \u00e1rv\u00edz, a belv\u00edz, a foly\u00f3szab\u00e1lyoz\u00e1s \u00e9s az \u00f6nt\u00f6z\u00e9s \u2013 a szakmai ismeretek jobb meg\u00e9rt\u00e9s\u00e9t k\u00f6nnyen \u00e9rthet\u0151, \u00e9rdekes anim\u00e1ci\u00f3k, filmek, k\u00e9pek seg\u00edtik.<\/span><\/p>\n<p><span style=\"font-weight: 400;\">Igazi k\u00fcl\u00f6nlegess\u00e9g az \u00fasz\u00e1ssal foglalkoz\u00f3 egys\u00e9g, ami az \u0151skort\u00f3l napjainkig mutatja be az \u00fasz\u00e1snemek, az \u00fasz\u00f3sport kialakul\u00e1s\u00e1t. A t\u00e9rkialak\u00edt\u00e1s is egyedi, \u00fasz\u00f3medenc\u00e9ben \u00e9rezheti mag\u00e1t a l\u00e1togat\u00f3, mik\u00f6zben vid\u00e1m, j\u00e1t\u00e9kos form\u00e1ban szerezhet ismereteket.<\/span><\/p>\n<p><span style=\"font-weight: 400;\">Levezet\u00e9sk\u00e9nt hangulatos pihen\u0151hely \u2013 \u00fan. Mereng\u0151 \u2013 v\u00e1rja a l\u00e1togat\u00f3kat, ahol a terem k\u00e9t oldalfal\u00e1n \u00e9s a mennyezeten elhelyezett kijelz\u0151k\u00f6n filmek, anim\u00e1ci\u00f3k futnak, valamint nyugalmat sug\u00e1rz\u00f3 f\u00e9nyek \u00e9s zene uralkodik.<\/span><\/p>\n<\/div><\/section><br \/>\n\n<style type=\"text\/css\" data-created_by=\"avia_inline_auto\" id=\"style-css-av-9h832-846b09fea4d5df14340174ccb7d1db5a\">\n#top .avia-gallery.av-9h832-846b09fea4d5df14340174ccb7d1db5a .avia-gallery-thumb a{\nwidth:33.3333%;\n}\n<\/style>\n<div  class='avia-gallery av-9h832-846b09fea4d5df14340174ccb7d1db5a avia_animate_when_visible  avia-builder-el-7  el_after_av_textblock  avia-builder-el-last  avia_lazyload avia-gallery-animate avia-gallery-1'  itemprop=\"image\" itemscope=\"itemscope\" itemtype=\"https:\/\/schema.org\/ImageObject\" ><meta itemprop=\"contentURL\" content=\"http:\/\/dunamuzeum.hu\/index.php\/allando-kiallitas\/\"><div class='avia-gallery-thumb'><a href=\"http:\/\/dunamuzeum.hu\/wp-content\/uploads\/2022\/07\/ke\u0301p4-1030x687.jpg\" data-srcset=\"http:\/\/dunamuzeum.hu\/wp-content\/uploads\/2022\/07\/ke\u0301p4-1030x687.jpg 1030w, http:\/\/dunamuzeum.hu\/wp-content\/uploads\/2022\/07\/ke\u0301p4-300x200.jpg 300w, http:\/\/dunamuzeum.hu\/wp-content\/uploads\/2022\/07\/ke\u0301p4-768x512.jpg 768w, http:\/\/dunamuzeum.hu\/wp-content\/uploads\/2022\/07\/ke\u0301p4-705x470.jpg 705w, http:\/\/dunamuzeum.hu\/wp-content\/uploads\/2022\/07\/ke\u0301p4.jpg 1200w\" data-sizes=\"(max-width: 1030px) 100vw, 1030px\" data-rel='gallery-1' data-prev-img='http:\/\/dunamuzeum.hu\/wp-content\/uploads\/2022\/07\/ke\u0301p4-495x400.jpg' class='first_thumb lightbox ' data-onclick='1' title='ke\u0301p4'  itemprop=\"thumbnailUrl\"  ><img decoding=\"async\" class=\"wp-image-591 avia-img-lazy-loading-not-591\"   src=\"http:\/\/dunamuzeum.hu\/wp-content\/uploads\/2022\/07\/ke\u0301p4.jpg\" width=\"1200\" height=\"800\"  title='ke\u0301p4' alt='' srcset=\"http:\/\/dunamuzeum.hu\/wp-content\/uploads\/2022\/07\/ke\u0301p4.jpg 1200w, http:\/\/dunamuzeum.hu\/wp-content\/uploads\/2022\/07\/ke\u0301p4-300x200.jpg 300w, http:\/\/dunamuzeum.hu\/wp-content\/uploads\/2022\/07\/ke\u0301p4-1030x687.jpg 1030w, http:\/\/dunamuzeum.hu\/wp-content\/uploads\/2022\/07\/ke\u0301p4-768x512.jpg 768w, http:\/\/dunamuzeum.hu\/wp-content\/uploads\/2022\/07\/ke\u0301p4-705x470.jpg 705w\" sizes=\"(max-width: 1200px) 100vw, 1200px\" \/><div class='big-prev-fake'><img decoding=\"async\" loading=\"lazy\" class=\"wp-image-591 avia-img-lazy-loading-591\"  width=\"495\" height=\"400\" src=\"http:\/\/dunamuzeum.hu\/wp-content\/uploads\/2022\/07\/ke\u0301p4-495x400.jpg\" title='ke\u0301p4' alt='' srcset=\"http:\/\/dunamuzeum.hu\/wp-content\/uploads\/2022\/07\/ke\u0301p4-495x400.jpg 495w, http:\/\/dunamuzeum.hu\/wp-content\/uploads\/2022\/07\/ke\u0301p4-845x684.jpg 845w\" sizes=\"(max-width: 495px) 100vw, 495px\" \/><\/div><\/a><a href=\"http:\/\/dunamuzeum.hu\/wp-content\/uploads\/2022\/07\/ke\u0301p10-1030x687.jpg\" data-srcset=\"http:\/\/dunamuzeum.hu\/wp-content\/uploads\/2022\/07\/ke\u0301p10-1030x687.jpg 1030w, http:\/\/dunamuzeum.hu\/wp-content\/uploads\/2022\/07\/ke\u0301p10-300x200.jpg 300w, http:\/\/dunamuzeum.hu\/wp-content\/uploads\/2022\/07\/ke\u0301p10-768x512.jpg 768w, http:\/\/dunamuzeum.hu\/wp-content\/uploads\/2022\/07\/ke\u0301p10-705x470.jpg 705w, http:\/\/dunamuzeum.hu\/wp-content\/uploads\/2022\/07\/ke\u0301p10.jpg 1200w\" data-sizes=\"(max-width: 1030px) 100vw, 1030px\" data-rel='gallery-1' data-prev-img='http:\/\/dunamuzeum.hu\/wp-content\/uploads\/2022\/07\/ke\u0301p10-495x400.jpg' class='lightbox ' data-onclick='2' title='ke\u0301p10'  itemprop=\"thumbnailUrl\"  ><img decoding=\"async\" class=\"wp-image-596 avia-img-lazy-loading-not-596\"   src=\"http:\/\/dunamuzeum.hu\/wp-content\/uploads\/2022\/07\/ke\u0301p10.jpg\" width=\"1200\" height=\"800\"  title='ke\u0301p10' alt='' srcset=\"http:\/\/dunamuzeum.hu\/wp-content\/uploads\/2022\/07\/ke\u0301p10.jpg 1200w, http:\/\/dunamuzeum.hu\/wp-content\/uploads\/2022\/07\/ke\u0301p10-300x200.jpg 300w, http:\/\/dunamuzeum.hu\/wp-content\/uploads\/2022\/07\/ke\u0301p10-1030x687.jpg 1030w, http:\/\/dunamuzeum.hu\/wp-content\/uploads\/2022\/07\/ke\u0301p10-768x512.jpg 768w, http:\/\/dunamuzeum.hu\/wp-content\/uploads\/2022\/07\/ke\u0301p10-705x470.jpg 705w\" sizes=\"(max-width: 1200px) 100vw, 1200px\" \/><div class='big-prev-fake'><img decoding=\"async\" loading=\"lazy\" class=\"wp-image-596 avia-img-lazy-loading-596\"  width=\"495\" height=\"400\" src=\"http:\/\/dunamuzeum.hu\/wp-content\/uploads\/2022\/07\/ke\u0301p10-495x400.jpg\" title='ke\u0301p10' alt='' srcset=\"http:\/\/dunamuzeum.hu\/wp-content\/uploads\/2022\/07\/ke\u0301p10-495x400.jpg 495w, http:\/\/dunamuzeum.hu\/wp-content\/uploads\/2022\/07\/ke\u0301p10-845x684.jpg 845w\" sizes=\"(max-width: 495px) 100vw, 495px\" \/><\/div><\/a><a href=\"http:\/\/dunamuzeum.hu\/wp-content\/uploads\/2022\/07\/ke\u0301p9-1030x694.jpg\" data-srcset=\"http:\/\/dunamuzeum.hu\/wp-content\/uploads\/2022\/07\/ke\u0301p9-1030x694.jpg 1030w, http:\/\/dunamuzeum.hu\/wp-content\/uploads\/2022\/07\/ke\u0301p9-300x202.jpg 300w, http:\/\/dunamuzeum.hu\/wp-content\/uploads\/2022\/07\/ke\u0301p9-768x518.jpg 768w, http:\/\/dunamuzeum.hu\/wp-content\/uploads\/2022\/07\/ke\u0301p9-705x475.jpg 705w, http:\/\/dunamuzeum.hu\/wp-content\/uploads\/2022\/07\/ke\u0301p9.jpg 1200w\" data-sizes=\"(max-width: 1030px) 100vw, 1030px\" data-rel='gallery-1' data-prev-img='http:\/\/dunamuzeum.hu\/wp-content\/uploads\/2022\/07\/ke\u0301p9-495x400.jpg' class='lightbox ' data-onclick='3' title='ke\u0301p9'  itemprop=\"thumbnailUrl\"  ><img decoding=\"async\" class=\"wp-image-595 avia-img-lazy-loading-not-595\"   src=\"http:\/\/dunamuzeum.hu\/wp-content\/uploads\/2022\/07\/ke\u0301p9.jpg\" width=\"1200\" height=\"809\"  title='ke\u0301p9' alt='' srcset=\"http:\/\/dunamuzeum.hu\/wp-content\/uploads\/2022\/07\/ke\u0301p9.jpg 1200w, http:\/\/dunamuzeum.hu\/wp-content\/uploads\/2022\/07\/ke\u0301p9-300x202.jpg 300w, http:\/\/dunamuzeum.hu\/wp-content\/uploads\/2022\/07\/ke\u0301p9-1030x694.jpg 1030w, http:\/\/dunamuzeum.hu\/wp-content\/uploads\/2022\/07\/ke\u0301p9-768x518.jpg 768w, http:\/\/dunamuzeum.hu\/wp-content\/uploads\/2022\/07\/ke\u0301p9-705x475.jpg 705w\" sizes=\"(max-width: 1200px) 100vw, 1200px\" \/><div class='big-prev-fake'><img decoding=\"async\" loading=\"lazy\" class=\"wp-image-595 avia-img-lazy-loading-595\"  width=\"495\" height=\"400\" src=\"http:\/\/dunamuzeum.hu\/wp-content\/uploads\/2022\/07\/ke\u0301p9-495x400.jpg\" title='ke\u0301p9' alt='' srcset=\"http:\/\/dunamuzeum.hu\/wp-content\/uploads\/2022\/07\/ke\u0301p9-495x400.jpg 495w, http:\/\/dunamuzeum.hu\/wp-content\/uploads\/2022\/07\/ke\u0301p9-845x684.jpg 845w\" sizes=\"(max-width: 495px) 100vw, 495px\" \/><\/div><\/a><a href=\"http:\/\/dunamuzeum.hu\/wp-content\/uploads\/2022\/07\/ke\u0301p8-1030x687.jpg\" data-srcset=\"http:\/\/dunamuzeum.hu\/wp-content\/uploads\/2022\/07\/ke\u0301p8-1030x687.jpg 1030w, http:\/\/dunamuzeum.hu\/wp-content\/uploads\/2022\/07\/ke\u0301p8-300x200.jpg 300w, http:\/\/dunamuzeum.hu\/wp-content\/uploads\/2022\/07\/ke\u0301p8-768x512.jpg 768w, http:\/\/dunamuzeum.hu\/wp-content\/uploads\/2022\/07\/ke\u0301p8-705x470.jpg 705w, http:\/\/dunamuzeum.hu\/wp-content\/uploads\/2022\/07\/ke\u0301p8.jpg 1200w\" data-sizes=\"(max-width: 1030px) 100vw, 1030px\" data-rel='gallery-1' data-prev-img='http:\/\/dunamuzeum.hu\/wp-content\/uploads\/2022\/07\/ke\u0301p8-495x400.jpg' class='first_thumb lightbox ' data-onclick='4' title='ke\u0301p8'  itemprop=\"thumbnailUrl\"  ><img decoding=\"async\" class=\"wp-image-594 avia-img-lazy-loading-not-594\"   src=\"http:\/\/dunamuzeum.hu\/wp-content\/uploads\/2022\/07\/ke\u0301p8.jpg\" width=\"1200\" height=\"800\"  title='ke\u0301p8' alt='' srcset=\"http:\/\/dunamuzeum.hu\/wp-content\/uploads\/2022\/07\/ke\u0301p8.jpg 1200w, http:\/\/dunamuzeum.hu\/wp-content\/uploads\/2022\/07\/ke\u0301p8-300x200.jpg 300w, http:\/\/dunamuzeum.hu\/wp-content\/uploads\/2022\/07\/ke\u0301p8-1030x687.jpg 1030w, http:\/\/dunamuzeum.hu\/wp-content\/uploads\/2022\/07\/ke\u0301p8-768x512.jpg 768w, http:\/\/dunamuzeum.hu\/wp-content\/uploads\/2022\/07\/ke\u0301p8-705x470.jpg 705w\" sizes=\"(max-width: 1200px) 100vw, 1200px\" \/><div class='big-prev-fake'><img decoding=\"async\" loading=\"lazy\" class=\"wp-image-594 avia-img-lazy-loading-594\"  width=\"495\" height=\"400\" src=\"http:\/\/dunamuzeum.hu\/wp-content\/uploads\/2022\/07\/ke\u0301p8-495x400.jpg\" title='ke\u0301p8' alt='' srcset=\"http:\/\/dunamuzeum.hu\/wp-content\/uploads\/2022\/07\/ke\u0301p8-495x400.jpg 495w, http:\/\/dunamuzeum.hu\/wp-content\/uploads\/2022\/07\/ke\u0301p8-845x684.jpg 845w\" sizes=\"(max-width: 495px) 100vw, 495px\" \/><\/div><\/a><a href=\"http:\/\/dunamuzeum.hu\/wp-content\/uploads\/2022\/07\/ke\u0301p7-1030x687.jpg\" data-srcset=\"http:\/\/dunamuzeum.hu\/wp-content\/uploads\/2022\/07\/ke\u0301p7-1030x687.jpg 1030w, http:\/\/dunamuzeum.hu\/wp-content\/uploads\/2022\/07\/ke\u0301p7-300x200.jpg 300w, http:\/\/dunamuzeum.hu\/wp-content\/uploads\/2022\/07\/ke\u0301p7-768x512.jpg 768w, http:\/\/dunamuzeum.hu\/wp-content\/uploads\/2022\/07\/ke\u0301p7-705x470.jpg 705w, http:\/\/dunamuzeum.hu\/wp-content\/uploads\/2022\/07\/ke\u0301p7.jpg 1200w\" data-sizes=\"(max-width: 1030px) 100vw, 1030px\" data-rel='gallery-1' data-prev-img='http:\/\/dunamuzeum.hu\/wp-content\/uploads\/2022\/07\/ke\u0301p7-495x400.jpg' class='lightbox ' data-onclick='5' title='ke\u0301p7'  itemprop=\"thumbnailUrl\"  ><img decoding=\"async\" class=\"wp-image-593 avia-img-lazy-loading-not-593\"   src=\"http:\/\/dunamuzeum.hu\/wp-content\/uploads\/2022\/07\/ke\u0301p7.jpg\" width=\"1200\" height=\"800\"  title='ke\u0301p7' alt='' srcset=\"http:\/\/dunamuzeum.hu\/wp-content\/uploads\/2022\/07\/ke\u0301p7.jpg 1200w, http:\/\/dunamuzeum.hu\/wp-content\/uploads\/2022\/07\/ke\u0301p7-300x200.jpg 300w, http:\/\/dunamuzeum.hu\/wp-content\/uploads\/2022\/07\/ke\u0301p7-1030x687.jpg 1030w, http:\/\/dunamuzeum.hu\/wp-content\/uploads\/2022\/07\/ke\u0301p7-768x512.jpg 768w, http:\/\/dunamuzeum.hu\/wp-content\/uploads\/2022\/07\/ke\u0301p7-705x470.jpg 705w\" sizes=\"(max-width: 1200px) 100vw, 1200px\" \/><div class='big-prev-fake'><img decoding=\"async\" loading=\"lazy\" class=\"wp-image-593 avia-img-lazy-loading-593\"  width=\"495\" height=\"400\" src=\"http:\/\/dunamuzeum.hu\/wp-content\/uploads\/2022\/07\/ke\u0301p7-495x400.jpg\" title='ke\u0301p7' alt='' srcset=\"http:\/\/dunamuzeum.hu\/wp-content\/uploads\/2022\/07\/ke\u0301p7-495x400.jpg 495w, http:\/\/dunamuzeum.hu\/wp-content\/uploads\/2022\/07\/ke\u0301p7-845x684.jpg 845w\" sizes=\"(max-width: 495px) 100vw, 495px\" \/><\/div><\/a><a href=\"http:\/\/dunamuzeum.hu\/wp-content\/uploads\/2022\/07\/ke\u0301p5-1030x655.jpg\" data-srcset=\"http:\/\/dunamuzeum.hu\/wp-content\/uploads\/2022\/07\/ke\u0301p5-1030x655.jpg 1030w, http:\/\/dunamuzeum.hu\/wp-content\/uploads\/2022\/07\/ke\u0301p5-300x191.jpg 300w, http:\/\/dunamuzeum.hu\/wp-content\/uploads\/2022\/07\/ke\u0301p5-768x488.jpg 768w, http:\/\/dunamuzeum.hu\/wp-content\/uploads\/2022\/07\/ke\u0301p5-705x448.jpg 705w, http:\/\/dunamuzeum.hu\/wp-content\/uploads\/2022\/07\/ke\u0301p5.jpg 1200w\" data-sizes=\"(max-width: 1030px) 100vw, 1030px\" data-rel='gallery-1' data-prev-img='http:\/\/dunamuzeum.hu\/wp-content\/uploads\/2022\/07\/ke\u0301p5-495x400.jpg' class='lightbox ' data-onclick='6' title='ke\u0301p5'  itemprop=\"thumbnailUrl\"  ><img decoding=\"async\" class=\"wp-image-592 avia-img-lazy-loading-not-592\"   src=\"http:\/\/dunamuzeum.hu\/wp-content\/uploads\/2022\/07\/ke\u0301p5.jpg\" width=\"1200\" height=\"763\"  title='ke\u0301p5' alt='' srcset=\"http:\/\/dunamuzeum.hu\/wp-content\/uploads\/2022\/07\/ke\u0301p5.jpg 1200w, http:\/\/dunamuzeum.hu\/wp-content\/uploads\/2022\/07\/ke\u0301p5-300x191.jpg 300w, http:\/\/dunamuzeum.hu\/wp-content\/uploads\/2022\/07\/ke\u0301p5-1030x655.jpg 1030w, http:\/\/dunamuzeum.hu\/wp-content\/uploads\/2022\/07\/ke\u0301p5-768x488.jpg 768w, http:\/\/dunamuzeum.hu\/wp-content\/uploads\/2022\/07\/ke\u0301p5-705x448.jpg 705w\" sizes=\"(max-width: 1200px) 100vw, 1200px\" \/><div class='big-prev-fake'><img decoding=\"async\" loading=\"lazy\" class=\"wp-image-592 avia-img-lazy-loading-592\"  width=\"495\" height=\"400\" src=\"http:\/\/dunamuzeum.hu\/wp-content\/uploads\/2022\/07\/ke\u0301p5-495x400.jpg\" title='ke\u0301p5' alt='' srcset=\"http:\/\/dunamuzeum.hu\/wp-content\/uploads\/2022\/07\/ke\u0301p5-495x400.jpg 495w, http:\/\/dunamuzeum.hu\/wp-content\/uploads\/2022\/07\/ke\u0301p5-845x684.jpg 845w\" sizes=\"(max-width: 495px) 100vw, 495px\" \/><\/div><\/a><a href=\"http:\/\/dunamuzeum.hu\/wp-content\/uploads\/2022\/07\/ke\u0301p3-1030x682.jpg\" data-srcset=\"http:\/\/dunamuzeum.hu\/wp-content\/uploads\/2022\/07\/ke\u0301p3-1030x682.jpg 1030w, http:\/\/dunamuzeum.hu\/wp-content\/uploads\/2022\/07\/ke\u0301p3-300x199.jpg 300w, http:\/\/dunamuzeum.hu\/wp-content\/uploads\/2022\/07\/ke\u0301p3-768x508.jpg 768w, http:\/\/dunamuzeum.hu\/wp-content\/uploads\/2022\/07\/ke\u0301p3-705x466.jpg 705w, http:\/\/dunamuzeum.hu\/wp-content\/uploads\/2022\/07\/ke\u0301p3.jpg 1200w\" data-sizes=\"(max-width: 1030px) 100vw, 1030px\" data-rel='gallery-1' data-prev-img='http:\/\/dunamuzeum.hu\/wp-content\/uploads\/2022\/07\/ke\u0301p3-495x400.jpg' class='first_thumb lightbox ' data-onclick='7' title='ke\u0301p3'  itemprop=\"thumbnailUrl\"  ><img decoding=\"async\" class=\"wp-image-590 avia-img-lazy-loading-not-590\"   src=\"http:\/\/dunamuzeum.hu\/wp-content\/uploads\/2022\/07\/ke\u0301p3.jpg\" width=\"1200\" height=\"794\"  title='ke\u0301p3' alt='' srcset=\"http:\/\/dunamuzeum.hu\/wp-content\/uploads\/2022\/07\/ke\u0301p3.jpg 1200w, http:\/\/dunamuzeum.hu\/wp-content\/uploads\/2022\/07\/ke\u0301p3-300x199.jpg 300w, http:\/\/dunamuzeum.hu\/wp-content\/uploads\/2022\/07\/ke\u0301p3-1030x682.jpg 1030w, http:\/\/dunamuzeum.hu\/wp-content\/uploads\/2022\/07\/ke\u0301p3-768x508.jpg 768w, http:\/\/dunamuzeum.hu\/wp-content\/uploads\/2022\/07\/ke\u0301p3-705x466.jpg 705w\" sizes=\"(max-width: 1200px) 100vw, 1200px\" \/><div class='big-prev-fake'><img decoding=\"async\" loading=\"lazy\" class=\"wp-image-590 avia-img-lazy-loading-590\"  width=\"495\" height=\"400\" src=\"http:\/\/dunamuzeum.hu\/wp-content\/uploads\/2022\/07\/ke\u0301p3-495x400.jpg\" title='ke\u0301p3' alt='' srcset=\"http:\/\/dunamuzeum.hu\/wp-content\/uploads\/2022\/07\/ke\u0301p3-495x400.jpg 495w, http:\/\/dunamuzeum.hu\/wp-content\/uploads\/2022\/07\/ke\u0301p3-845x684.jpg 845w\" sizes=\"(max-width: 495px) 100vw, 495px\" \/><\/div><\/a><a href=\"http:\/\/dunamuzeum.hu\/wp-content\/uploads\/2022\/07\/ke\u0301p2-1030x686.jpg\" data-srcset=\"http:\/\/dunamuzeum.hu\/wp-content\/uploads\/2022\/07\/ke\u0301p2-1030x686.jpg 1030w, http:\/\/dunamuzeum.hu\/wp-content\/uploads\/2022\/07\/ke\u0301p2-300x200.jpg 300w, http:\/\/dunamuzeum.hu\/wp-content\/uploads\/2022\/07\/ke\u0301p2-768x511.jpg 768w, http:\/\/dunamuzeum.hu\/wp-content\/uploads\/2022\/07\/ke\u0301p2-705x469.jpg 705w, http:\/\/dunamuzeum.hu\/wp-content\/uploads\/2022\/07\/ke\u0301p2.jpg 1200w\" data-sizes=\"(max-width: 1030px) 100vw, 1030px\" data-rel='gallery-1' data-prev-img='http:\/\/dunamuzeum.hu\/wp-content\/uploads\/2022\/07\/ke\u0301p2-495x400.jpg' class='lightbox ' data-onclick='8' title='ke\u0301p2'  itemprop=\"thumbnailUrl\"  ><img decoding=\"async\" class=\"wp-image-589 avia-img-lazy-loading-not-589\"   src=\"http:\/\/dunamuzeum.hu\/wp-content\/uploads\/2022\/07\/ke\u0301p2.jpg\" width=\"1200\" height=\"799\"  title='ke\u0301p2' alt='' srcset=\"http:\/\/dunamuzeum.hu\/wp-content\/uploads\/2022\/07\/ke\u0301p2.jpg 1200w, http:\/\/dunamuzeum.hu\/wp-content\/uploads\/2022\/07\/ke\u0301p2-300x200.jpg 300w, http:\/\/dunamuzeum.hu\/wp-content\/uploads\/2022\/07\/ke\u0301p2-1030x686.jpg 1030w, http:\/\/dunamuzeum.hu\/wp-content\/uploads\/2022\/07\/ke\u0301p2-768x511.jpg 768w, http:\/\/dunamuzeum.hu\/wp-content\/uploads\/2022\/07\/ke\u0301p2-705x469.jpg 705w\" sizes=\"(max-width: 1200px) 100vw, 1200px\" \/><div class='big-prev-fake'><img decoding=\"async\" loading=\"lazy\" class=\"wp-image-589 avia-img-lazy-loading-589\"  width=\"495\" height=\"400\" src=\"http:\/\/dunamuzeum.hu\/wp-content\/uploads\/2022\/07\/ke\u0301p2-495x400.jpg\" title='ke\u0301p2' alt='' srcset=\"http:\/\/dunamuzeum.hu\/wp-content\/uploads\/2022\/07\/ke\u0301p2-495x400.jpg 495w, http:\/\/dunamuzeum.hu\/wp-content\/uploads\/2022\/07\/ke\u0301p2-845x684.jpg 845w\" sizes=\"(max-width: 495px) 100vw, 495px\" \/><\/div><\/a><\/div><\/div><\/p><\/div>\n","protected":false},"excerpt":{"rendered":"","protected":false},"author":1,"featured_media":0,"parent":0,"menu_order":0,"comment_status":"closed","ping_status":"closed","template":"","meta":[],"_links":{"self":[{"href":"http:\/\/dunamuzeum.hu\/index.php\/wp-json\/wp\/v2\/pages\/174"}],"collection":[{"href":"http:\/\/dunamuzeum.hu\/index.php\/wp-json\/wp\/v2\/pages"}],"about":[{"href":"http:\/\/dunamuzeum.hu\/index.php\/wp-json\/wp\/v2\/types\/page"}],"author":[{"embeddable":true,"href":"http:\/\/dunamuzeum.hu\/index.php\/wp-json\/wp\/v2\/users\/1"}],"replies":[{"embeddable":true,"href":"http:\/\/dunamuzeum.hu\/index.php\/wp-json\/wp\/v2\/comments?post=174"}],"version-history":[{"count":28,"href":"http:\/\/dunamuzeum.hu\/index.php\/wp-json\/wp\/v2\/pages\/174\/revisions"}],"predecessor-version":[{"id":2555,"href":"http:\/\/dunamuzeum.hu\/index.php\/wp-json\/wp\/v2\/pages\/174\/revisions\/2555"}],"wp:attachment":[{"href":"http:\/\/dunamuzeum.hu\/index.php\/wp-json\/wp\/v2\/media?parent=174"}],"curies":[{"name":"wp","href":"https:\/\/api.w.org\/{rel}","templated":true}]}}