{"id":180,"date":"2021-06-25T13:52:33","date_gmt":"2021-06-25T11:52:33","guid":{"rendered":"http:\/\/dunamuzeum2.ovf.hu\/?page_id=180"},"modified":"2023-11-13T17:15:39","modified_gmt":"2023-11-13T15:15:39","slug":"virtualis-kiallitas","status":"publish","type":"page","link":"http:\/\/dunamuzeum.hu\/index.php\/virtualis-kiallitas\/","title":{"rendered":"Virtu\u00e1lis ki\u00e1ll\u00edt\u00e1s"},"content":{"rendered":"<div id='full_slider_1'  class='avia-fullwidth-slider main_color avia-shadow   avia-builder-el-0  el_before_av_section  avia-builder-el-first   container_wrap fullsize'  ><\/div>\n<div id='av_section_1'  class='avia-section av-2iachg-62427dd0c32efb3828bd89762e962570 main_color avia-section-default avia-no-border-styling  avia-builder-el-1  el_after_av_slideshow_full  el_before_av_layout_row  avia-bg-style-scroll container_wrap fullsize'  ><div class='container av-section-cont-open' ><div class='template-page content  av-content-full alpha units'><div class='post-entry post-entry-type-page post-entry-180'><div class='entry-content-wrapper clearfix'>\n\n<style type=\"text\/css\" data-created_by=\"avia_inline_auto\" id=\"style-css-av-2dhulw-67077079d946c1c45bc61edf311412ad\">\n#top .hr.hr-invisible.av-2dhulw-67077079d946c1c45bc61edf311412ad{\nheight:50px;\n}\n<\/style>\n<div  class='hr av-2dhulw-67077079d946c1c45bc61edf311412ad hr-invisible  avia-builder-el-2  el_before_av_two_fifth  avia-builder-el-first '><span class='hr-inner '><span class=\"hr-inner-style\"><\/span><\/span><\/div>\n<div class='flex_column av-2808es-d0693817b1e72df8ddd60c37a1180732 av_two_fifth  avia-builder-el-3  el_after_av_hr  avia-builder-el-last  first flex_column_div '   ><style type=\"text\/css\" data-created_by=\"avia_inline_auto\" id=\"style-css-av-l5i7ef2p-c7f30d22bc9aab97b627a0635e660989\">\n#top .av-special-heading.av-l5i7ef2p-c7f30d22bc9aab97b627a0635e660989{\npadding-bottom:10px;\n}\nbody .av-special-heading.av-l5i7ef2p-c7f30d22bc9aab97b627a0635e660989 .av-special-heading-tag .heading-char{\nfont-size:25px;\n}\n.av-special-heading.av-l5i7ef2p-c7f30d22bc9aab97b627a0635e660989 .av-subheading{\nfont-size:15px;\n}\n<\/style>\n<div  class='av-special-heading av-l5i7ef2p-c7f30d22bc9aab97b627a0635e660989 av-special-heading-h3 blockquote modern-quote  avia-builder-el-4  avia-builder-el-no-sibling '><h3 class='av-special-heading-tag'  itemprop=\"headline\"  >Virtu\u00e1lis ki\u00e1ll\u00edt\u00e1sok<\/h3><div class=\"special-heading-border\"><div class=\"special-heading-inner-border\"><\/div><\/div><\/div><\/div>\n\n<\/div><\/div><\/div><!-- close content main div --><\/div><\/div><div id='av-layout-grid-1'  class='av-layout-grid-container av-7o8l0-af750e3f47b6e1badf1a7f50881bbca0 entry-content-wrapper main_color av-flex-cells  avia-builder-el-5  el_after_av_section  el_before_av_layout_row  grid-row-not-first  container_wrap fullsize'  >\n\n<style type=\"text\/css\" data-created_by=\"avia_inline_auto\" id=\"style-css-av-1xxmec-827d276d2a09cf719e3e51d488fc993f\">\n.flex_cell.av-1xxmec-827d276d2a09cf719e3e51d488fc993f{\nvertical-align:middle;\nheight:450px;\nmin-height:450px;\nbackground:url(http:\/\/dunamuzeum.hu\/wp-content\/uploads\/2022\/10\/Vizeum1.jpg) 0% 50% no-repeat fixed ;\n}\n<\/style>\n<div class='flex_cell av_one_fourth av-1xxmec-827d276d2a09cf719e3e51d488fc993f no_margin  avia-builder-el-6  el_before_av_cell_one_fourth  avia-builder-el-first ' ><div class='flex_cell_inner'><\/div><\/div>\n<style type=\"text\/css\" data-created_by=\"avia_inline_auto\" id=\"style-css-av-1tbut0-73481a08cc294e951026ed9ce65388c4\">\n.flex_cell.av-1tbut0-73481a08cc294e951026ed9ce65388c4{\nvertical-align:top;\nheight:450px;\nmin-height:450px;\n}\n<\/style>\n<div class='flex_cell av_one_fourth av-1tbut0-73481a08cc294e951026ed9ce65388c4 no_margin  avia-builder-el-7  el_after_av_cell_one_fourth  el_before_av_cell_one_fourth ' ><div class='flex_cell_inner'><p>\n<style type=\"text\/css\" data-created_by=\"avia_inline_auto\" id=\"style-css-av-l5i7hkuz-fd9a236c5672e56e8e3595ba603d0bb6\">\n#top .av-special-heading.av-l5i7hkuz-fd9a236c5672e56e8e3595ba603d0bb6{\npadding-bottom:10px;\n}\nbody .av-special-heading.av-l5i7hkuz-fd9a236c5672e56e8e3595ba603d0bb6 .av-special-heading-tag .heading-char{\nfont-size:25px;\n}\n.av-special-heading.av-l5i7hkuz-fd9a236c5672e56e8e3595ba603d0bb6 .av-subheading{\nfont-size:15px;\n}\n<\/style>\n<div  class='av-special-heading av-l5i7hkuz-fd9a236c5672e56e8e3595ba603d0bb6 av-special-heading-h3 blockquote modern-quote modern-centered  avia-builder-el-8  el_before_av_textblock  avia-builder-el-first '><h3 class='av-special-heading-tag'  itemprop=\"headline\"  >V\u00edzeum<\/h3><div class=\"special-heading-border\"><div class=\"special-heading-inner-border\"><\/div><\/div><\/div><br \/>\n<section  class='av_textblock_section av-l5i7hx4t-a38b884e14d3da6b47da5a5c796a018c'  itemscope=\"itemscope\" itemtype=\"https:\/\/schema.org\/CreativeWork\" ><div class='avia_textblock'  itemprop=\"text\" ><p style=\"text-align: center;\"><span style=\"font-weight: 400;\">Az esztergomi \u00f6nkorm\u00e1nyzat t\u00e1mogat\u00e1s\u00e1nak k\u00f6sz\u00f6nhet\u0151en virtu\u00e1lisan is bej\u00e1rhatja a V\u00edzeum c. \u00e1lland\u00f3 ki\u00e1ll\u00edt\u00e1sunkat.<\/span><\/p>\n<\/div><\/section><br \/>\n<div  class='avia-button-wrap avia-button-center  avia-builder-el-10  el_after_av_textblock  avia-builder-el-last ' ><a href='https:\/\/my.matterport.com\/show\/?ref=fb&amp;m=qw6GzBofSeT' class='avia-button av-l5i7il21-91bbedd10b59b749cf7177eac1c3f3a3 avia-icon_select-yes-right-icon avia-size-medium avia-position-center avia-color-theme-color' target=\"_blank\" rel=\"noopener noreferrer\"><span class='avia_iconbox_title' >Tov\u00e1bb<\/span><span class='avia_button_icon avia_button_icon_right' aria-hidden='true' data-av_icon='\ue875' data-av_iconfont='entypo-fontello'><\/span><\/a><\/div><\/p>\n<\/div><\/div>\n<style type=\"text\/css\" data-created_by=\"avia_inline_auto\" id=\"style-css-av-1j4vdw-c5994bfe2d2f3b65a41338e48f14dbed\">\n.flex_cell.av-1j4vdw-c5994bfe2d2f3b65a41338e48f14dbed{\nvertical-align:middle;\nheight:450px;\nmin-height:450px;\nbackground:url(http:\/\/dunamuzeum.hu\/wp-content\/uploads\/2022\/10\/La\u0301tva\u0301nyta\u0301r1.jpg) 50% 50% no-repeat fixed ;\n}\n<\/style>\n<div class='flex_cell av_one_fourth av-1j4vdw-c5994bfe2d2f3b65a41338e48f14dbed no_margin  avia-builder-el-11  el_after_av_cell_one_fourth  el_before_av_cell_one_fourth ' ><div class='flex_cell_inner'><\/div><\/div>\n<style type=\"text\/css\" data-created_by=\"avia_inline_auto\" id=\"style-css-av-51iv0-8707090ec98c6411cf4add5fe39700b3\">\n.flex_cell.av-51iv0-8707090ec98c6411cf4add5fe39700b3{\nvertical-align:top;\nheight:450px;\nmin-height:450px;\n}\n<\/style>\n<div class='flex_cell av_one_fourth av-51iv0-8707090ec98c6411cf4add5fe39700b3 no_margin  avia-builder-el-12  el_after_av_cell_one_fourth  avia-builder-el-last ' ><div class='flex_cell_inner'><p>\n<style type=\"text\/css\" data-created_by=\"avia_inline_auto\" id=\"style-css-av-l5i7khww-bda83d968f0b0f6175a22742134b7a96\">\n#top .av-special-heading.av-l5i7khww-bda83d968f0b0f6175a22742134b7a96{\npadding-bottom:10px;\n}\nbody .av-special-heading.av-l5i7khww-bda83d968f0b0f6175a22742134b7a96 .av-special-heading-tag .heading-char{\nfont-size:25px;\n}\n.av-special-heading.av-l5i7khww-bda83d968f0b0f6175a22742134b7a96 .av-subheading{\nfont-size:15px;\n}\n<\/style>\n<div  class='av-special-heading av-l5i7khww-bda83d968f0b0f6175a22742134b7a96 av-special-heading-h3 blockquote modern-quote modern-centered  avia-builder-el-13  el_before_av_textblock  avia-builder-el-first '><h3 class='av-special-heading-tag'  itemprop=\"headline\"  >L\u00e1tv\u00e1nyt\u00e1r<\/h3><div class=\"special-heading-border\"><div class=\"special-heading-inner-border\"><\/div><\/div><\/div><br \/>\n<section  class='av_textblock_section av-l5i7kcok-7f6eca71b0898c904a6f3bfa727d2751'  itemscope=\"itemscope\" itemtype=\"https:\/\/schema.org\/CreativeWork\" ><div class='avia_textblock'  itemprop=\"text\" ><p style=\"text-align: center;\"><span style=\"font-weight: 400;\">Fedezze fel a Duna M\u00fazeum L\u00e1tv\u00e1nyrakt\u00e1r\u00e1t virtu\u00e1lisan.<\/span><\/p>\n<\/div><\/section><br \/>\n<div  class='avia-button-wrap avia-button-center  avia-builder-el-15  el_after_av_textblock  avia-builder-el-last ' ><a href='https:\/\/my.matterport.com\/show\/?ref=fb&amp;m=BT4yugAoL1f' class='avia-button av-l5i7l3vy-d88144b4443208d056835f3751a08ba8 avia-icon_select-yes-right-icon avia-size-medium avia-position-center avia-color-theme-color' target=\"_blank\" rel=\"noopener noreferrer\"><span class='avia_iconbox_title' >Tov\u00e1bb<\/span><span class='avia_button_icon avia_button_icon_right' aria-hidden='true' data-av_icon='\ue875' data-av_iconfont='entypo-fontello'><\/span><\/a><\/div><\/p>\n<\/div><\/div>\n<\/div>\n<div id='av-layout-grid-2'  class='av-layout-grid-container av-11wlws-c8f521b3e2db88fb5438a9448a2a4adc entry-content-wrapper main_color av-flex-cells  avia-builder-el-16  el_after_av_layout_row  el_before_av_layout_row  grid-row-not-first  container_wrap fullsize'  >\n<div class='flex_cell av_one_fourth av-x90qc-0ec3ffc42f7140c23bef28e35b5179bf no_margin  avia-builder-el-17  el_before_av_cell_one_fourth  avia-builder-el-first ' ><div class='flex_cell_inner'><p>\n<style type=\"text\/css\" data-created_by=\"avia_inline_auto\" id=\"style-css-av-lox14pcj-b0567ed90ce753d37a2775b65e5aef8a\">\n#top .av-special-heading.av-lox14pcj-b0567ed90ce753d37a2775b65e5aef8a{\npadding-bottom:10px;\n}\nbody .av-special-heading.av-lox14pcj-b0567ed90ce753d37a2775b65e5aef8a .av-special-heading-tag .heading-char{\nfont-size:25px;\n}\n.av-special-heading.av-lox14pcj-b0567ed90ce753d37a2775b65e5aef8a .av-subheading{\nfont-size:15px;\n}\n<\/style>\n<div  class='av-special-heading av-lox14pcj-b0567ed90ce753d37a2775b65e5aef8a av-special-heading-h3 blockquote modern-quote modern-centered  avia-builder-el-18  el_before_av_button  avia-builder-el-first '><h3 class='av-special-heading-tag'  itemprop=\"headline\"  >M\u00e9rn\u00f6ki brav\u00farok a 18-19. sz\u00e1zadi magyar v\u00edzszab\u00e1lyoz\u00e1sok t\u00f6rt\u00e9net\u00e9ben<\/h3><div class=\"special-heading-border\"><div class=\"special-heading-inner-border\"><\/div><\/div><\/div><br \/>\n<div  class='avia-button-wrap avia-button-center  avia-builder-el-19  el_after_av_heading  avia-builder-el-last ' ><a href='https:\/\/hu-themator.museum-digital.org\/ausgabe\/showthema.php?m_tid=920&amp;tid=920&amp;ver=standalone' class='avia-button av-2tgx0-a3ef42345da00d69b56a7e82dde24b4b avia-icon_select-yes-right-icon avia-size-medium avia-position-center avia-color-theme-color' target=\"_blank\" rel=\"noopener noreferrer\"><span class='avia_iconbox_title' >Tov\u00e1bb<\/span><span class='avia_button_icon avia_button_icon_right' aria-hidden='true' data-av_icon='\ue875' data-av_iconfont='entypo-fontello'><\/span><\/a><\/div><\/p>\n<\/div><\/div>\n<style type=\"text\/css\" data-created_by=\"avia_inline_auto\" id=\"style-css-av-nqaro-908e7746a025a65854a4d0cd67ac6a66\">\n.flex_cell.av-nqaro-908e7746a025a65854a4d0cd67ac6a66{\nvertical-align:middle;\nbackground:url(http:\/\/dunamuzeum.hu\/wp-content\/uploads\/2023\/11\/foeldmerok-csoportja-597276-877382-651d61425a5ef-1-257x300.jpg) 0% 50% no-repeat fixed ;\n}\n<\/style>\n<div class='flex_cell av_one_fourth av-nqaro-908e7746a025a65854a4d0cd67ac6a66 no_margin  avia-builder-el-20  el_after_av_cell_one_fourth  el_before_av_cell_one_fourth ' ><div class='flex_cell_inner'><\/div><\/div>\n<style type=\"text\/css\" data-created_by=\"avia_inline_auto\" id=\"style-css-av-gxgq4-6d0a06354cd1c97c6da132334f2195c2\">\n.flex_cell.av-gxgq4-6d0a06354cd1c97c6da132334f2195c2{\nvertical-align:top;\n}\n<\/style>\n<div class='flex_cell av_one_fourth av-gxgq4-6d0a06354cd1c97c6da132334f2195c2 no_margin  avia-builder-el-21  el_after_av_cell_one_fourth  el_before_av_cell_one_fourth ' ><div class='flex_cell_inner'><\/div><\/div>\n<style type=\"text\/css\" data-created_by=\"avia_inline_auto\" id=\"style-css-av-9aav0-ff428c0fc0bedd810f702104049eec40\">\n.flex_cell.av-9aav0-ff428c0fc0bedd810f702104049eec40{\nvertical-align:top;\n}\n<\/style>\n<div class='flex_cell av_one_fourth av-9aav0-ff428c0fc0bedd810f702104049eec40 no_margin  avia-builder-el-22  el_after_av_cell_one_fourth  avia-builder-el-last ' ><div class='flex_cell_inner'><\/div><\/div><\/div><div id='av-layout-grid-3'  class='av-layout-grid-container av-19rf8k-fd8ac92d2e8103c9a697995154ebcfb2 entry-content-wrapper main_color av-flex-cells  avia-builder-el-23  el_after_av_layout_row  avia-builder-el-last  grid-row-not-first  container_wrap fullsize'  >\n\n<style type=\"text\/css\" data-created_by=\"avia_inline_auto\" id=\"style-css-av-d9rg-296fc26b10780d89da4e5ba2635af699\">\n.flex_cell.av-d9rg-296fc26b10780d89da4e5ba2635af699{\nvertical-align:top;\nheight:450px;\nmin-height:450px;\n}\n<\/style>\n<div class='flex_cell av_one_fourth av-d9rg-296fc26b10780d89da4e5ba2635af699 no_margin  avia-builder-el-24  el_before_av_cell_one_fourth  avia-builder-el-first ' ><div class='flex_cell_inner'><p>\n<style type=\"text\/css\" data-created_by=\"avia_inline_auto\" id=\"style-css-av-l5i7lpwn-7dd9eaca3793e1c6d7daf52fe8fd1cde\">\n#top .av-special-heading.av-l5i7lpwn-7dd9eaca3793e1c6d7daf52fe8fd1cde{\npadding-bottom:10px;\n}\nbody .av-special-heading.av-l5i7lpwn-7dd9eaca3793e1c6d7daf52fe8fd1cde .av-special-heading-tag .heading-char{\nfont-size:25px;\n}\n.av-special-heading.av-l5i7lpwn-7dd9eaca3793e1c6d7daf52fe8fd1cde .av-subheading{\nfont-size:15px;\n}\n<\/style>\n<div  class='av-special-heading av-l5i7lpwn-7dd9eaca3793e1c6d7daf52fe8fd1cde av-special-heading-h3 blockquote modern-quote modern-centered  avia-builder-el-25  el_before_av_textblock  avia-builder-el-first '><h3 class='av-special-heading-tag'  itemprop=\"headline\"  >Sorsford\u00edt\u00f3 napok<\/h3><div class=\"special-heading-border\"><div class=\"special-heading-inner-border\"><\/div><\/div><\/div><br \/>\n<section  class='av_textblock_section av-x31gc-df498ca0a17ed6a4b922d07c16e5c837'  itemscope=\"itemscope\" itemtype=\"https:\/\/schema.org\/CreativeWork\" ><div class='avia_textblock'  itemprop=\"text\" ><p style=\"text-align: center;\"><span style=\"font-weight: 400;\">2006-ban, az 1956-os forradalom 50. \u00e9vfordul\u00f3ja alkalm\u00e1b\u00f3l megrendezett <\/span><i><span style=\"font-weight: 400;\">Sorsford\u00edt\u00f3 napok \u2013 A v\u00edz\u00fcgyek \u00e9s Esztergom a forradalom sodr\u00e1s\u00e1ban<\/span><\/i><span style=\"font-weight: 400;\"> c\u00edm\u0171 id\u0151szaki ki\u00e1ll\u00edt\u00e1s online v\u00e1ltozata.<\/span><\/p>\n<\/div><\/section><br \/>\n<div  class='avia-button-wrap avia-button-center  avia-builder-el-27  el_after_av_textblock  avia-builder-el-last ' ><a href='http:\/\/dunamuzeum.hu\/1956\/'  class='avia-button av-r987o-7570dd363c6fd858f56e8d5c8b80f27a avia-icon_select-yes-right-icon avia-size-medium avia-position-center avia-color-theme-color'  target=\"_blank\"  rel=\"noopener noreferrer\"><span class='avia_iconbox_title' >Tov\u00e1bb<\/span><span class='avia_button_icon avia_button_icon_right' aria-hidden='true' data-av_icon='\ue875' data-av_iconfont='entypo-fontello'><\/span><\/a><\/div><\/p>\n<\/div><\/div>\n<style type=\"text\/css\" data-created_by=\"avia_inline_auto\" id=\"style-css-av-li4ys-8199400f83ddaf237bf44e849605d8d4\">\n.flex_cell.av-li4ys-8199400f83ddaf237bf44e849605d8d4{\nvertical-align:top;\nheight:450px;\nmin-height:450px;\nbackground:url(http:\/\/dunamuzeum.hu\/wp-content\/uploads\/2022\/10\/125e\u0301ve_nyi\u0301lt_meg_a_vi\u0301ze\u0301pi\u0301te\u0301szeti_pavilon1.jpg) 50% 0% no-repeat fixed ;\n}\n<\/style>\n<div class='flex_cell av_one_fourth av-li4ys-8199400f83ddaf237bf44e849605d8d4 no_margin  avia-builder-el-28  el_after_av_cell_one_fourth  el_before_av_cell_one_fourth ' ><div class='flex_cell_inner'><\/div><\/div>\n<style type=\"text\/css\" data-created_by=\"avia_inline_auto\" id=\"style-css-av-cspsc-54c5ca7ba6a1efa935132e6797af59dc\">\n.flex_cell.av-cspsc-54c5ca7ba6a1efa935132e6797af59dc{\nvertical-align:top;\nheight:450px;\nmin-height:450px;\n}\n<\/style>\n<div class='flex_cell av_one_fourth av-cspsc-54c5ca7ba6a1efa935132e6797af59dc no_margin  avia-builder-el-29  el_after_av_cell_one_fourth  el_before_av_cell_one_fourth ' ><div class='flex_cell_inner'><p>\n<style type=\"text\/css\" data-created_by=\"avia_inline_auto\" id=\"style-css-av-l5i7mhng-fc434ae4c1f6a542afe550db2b62dcbc\">\n#top .av-special-heading.av-l5i7mhng-fc434ae4c1f6a542afe550db2b62dcbc{\npadding-bottom:10px;\n}\nbody .av-special-heading.av-l5i7mhng-fc434ae4c1f6a542afe550db2b62dcbc .av-special-heading-tag .heading-char{\nfont-size:25px;\n}\n.av-special-heading.av-l5i7mhng-fc434ae4c1f6a542afe550db2b62dcbc .av-subheading{\nfont-size:15px;\n}\n<\/style>\n<div  class='av-special-heading av-l5i7mhng-fc434ae4c1f6a542afe550db2b62dcbc av-special-heading-h3 blockquote modern-quote modern-centered  avia-builder-el-30  el_before_av_textblock  avia-builder-el-first '><h3 class='av-special-heading-tag'  itemprop=\"headline\"  >125 \u00e9ve ny\u00edlt meg a V\u00edz\u00e9p\u00edt\u00e9szeti pavilon<\/h3><div class='av-subheading av-subheading_below'><p>az 1896-os millenniumi ki\u00e1ll\u00edt\u00e1son<\/p>\n<\/div><div class=\"special-heading-border\"><div class=\"special-heading-inner-border\"><\/div><\/div><\/div><br \/>\n<section  class='av_textblock_section av-l5i7mwgu-385aca4895b621c38bc72131bb0e47c2'  itemscope=\"itemscope\" itemtype=\"https:\/\/schema.org\/CreativeWork\" ><div class='avia_textblock'  itemprop=\"text\" ><p style=\"text-align: center;\"><span style=\"font-weight: 400;\">A 125 \u00e9ve megnyitott t\u00e1rlaton saj\u00e1t pavilont kapott a v\u00edz\u00e9p\u00edt\u00e9szet, hogy bemutassa m\u00faltj\u00e1t \u00e9s a 19. sz\u00e1zadban megkezd\u0151d\u00f6tt nagy fejleszt\u00e9seket, illetve azok eredm\u00e9nyeit. Az itt szerepl\u0151 t\u00e1rgyak \u00e9s dokumentumok adt\u00e1k k\u00e9s\u0151bb a Duna M\u00fazeum gy\u0171jtem\u00e9ny\u00e9nek jelent\u0151s r\u00e9sz\u00e9t, melyb\u0151l ezen online ki\u00e1ll\u00edt\u00e1s keret\u00e9ben adunk \u00edzel\u00edt\u0151t.<\/span><span style=\"font-weight: 400;\"><br \/>\n<\/span><\/p>\n<\/div><\/section><br \/>\n<div  class='avia-button-wrap avia-button-center  avia-builder-el-32  el_after_av_textblock  avia-builder-el-last ' ><a href='https:\/\/hu-themator.museum-digital.org\/ausgabe\/showthema.php?&amp;tid=857' class='avia-button av-l5i7nddt-9baaf388fa183f65d34165f93fc66c06 avia-icon_select-yes-right-icon avia-size-medium avia-position-center avia-color-theme-color' target=\"_blank\" rel=\"noopener noreferrer\"><span class='avia_iconbox_title' >Tov\u00e1bb<\/span><span class='avia_button_icon avia_button_icon_right' aria-hidden='true' data-av_icon='\ue875' data-av_iconfont='entypo-fontello'><\/span><\/a><\/div><\/p>\n<\/div><\/div>\n<style type=\"text\/css\" data-created_by=\"avia_inline_auto\" id=\"style-css-av-aiy44-dfd5c7d75085cc039283daefe629b9a2\">\n.flex_cell.av-aiy44-dfd5c7d75085cc039283daefe629b9a2{\nvertical-align:top;\nheight:450px;\nmin-height:450px;\nbackground:url(http:\/\/dunamuzeum.hu\/wp-content\/uploads\/2022\/10\/sorsfordi\u0301to\u0301_napok1.jpg) 100% 50% no-repeat fixed ;\n}\n<\/style>\n<div class='flex_cell av_one_fourth av-aiy44-dfd5c7d75085cc039283daefe629b9a2 no_margin  avia-builder-el-33  el_after_av_cell_one_fourth  avia-builder-el-last ' ><div class='flex_cell_inner'><\/div><\/div>\n<\/div><\/p>\n","protected":false},"excerpt":{"rendered":"","protected":false},"author":1,"featured_media":0,"parent":0,"menu_order":0,"comment_status":"closed","ping_status":"closed","template":"","meta":[],"_links":{"self":[{"href":"http:\/\/dunamuzeum.hu\/index.php\/wp-json\/wp\/v2\/pages\/180"}],"collection":[{"href":"http:\/\/dunamuzeum.hu\/index.php\/wp-json\/wp\/v2\/pages"}],"about":[{"href":"http:\/\/dunamuzeum.hu\/index.php\/wp-json\/wp\/v2\/types\/page"}],"author":[{"embeddable":true,"href":"http:\/\/dunamuzeum.hu\/index.php\/wp-json\/wp\/v2\/users\/1"}],"replies":[{"embeddable":true,"href":"http:\/\/dunamuzeum.hu\/index.php\/wp-json\/wp\/v2\/comments?post=180"}],"version-history":[{"count":22,"href":"http:\/\/dunamuzeum.hu\/index.php\/wp-json\/wp\/v2\/pages\/180\/revisions"}],"predecessor-version":[{"id":2284,"href":"http:\/\/dunamuzeum.hu\/index.php\/wp-json\/wp\/v2\/pages\/180\/revisions\/2284"}],"wp:attachment":[{"href":"http:\/\/dunamuzeum.hu\/index.php\/wp-json\/wp\/v2\/media?parent=180"}],"curies":[{"name":"wp","href":"https:\/\/api.w.org\/{rel}","templated":true}]}}