{"id":191,"date":"2021-06-25T13:55:18","date_gmt":"2021-06-25T11:55:18","guid":{"rendered":"http:\/\/dunamuzeum2.ovf.hu\/?page_id=191"},"modified":"2023-03-28T10:46:35","modified_gmt":"2023-03-28T08:46:35","slug":"muzeumtortenet","status":"publish","type":"page","link":"http:\/\/dunamuzeum.hu\/index.php\/muzeumtortenet\/","title":{"rendered":"M\u00fazeumt\u00f6rt\u00e9net"},"content":{"rendered":"<div id='av_section_1'  class='avia-section av-ydunb-816057c02019a10df8276f5924e018a0 main_color avia-section-default avia-no-border-styling  avia-builder-el-0  el_before_av_one_third  avia-builder-el-first  avia-bg-style-scroll container_wrap fullsize'  ><div class='container av-section-cont-open' ><main  role=\"main\" itemprop=\"mainContentOfPage\"  class='template-page content  av-content-full alpha units'><div class='post-entry post-entry-type-page post-entry-191'><div class='entry-content-wrapper clearfix'>\n<div class='flex_column av-s1e3z-e8400219c82d3e1c984258a94de3f492 av_one_half  avia-builder-el-1  el_before_av_one_half  avia-builder-el-first  first flex_column_div '   ><style type=\"text\/css\" data-created_by=\"avia_inline_auto\" id=\"style-css-av-l5ifgo2y-935e0e29afb77a2b87e6c1ee4e512cf9\">\n.avia-timeline-container.av-l5ifgo2y-935e0e29afb77a2b87e6c1ee4e512cf9 .av-milestone-date{\nfont-size:16px;\n}\n.avia-timeline-container.av-l5ifgo2y-935e0e29afb77a2b87e6c1ee4e512cf9 .av-milestone-title{\nfont-size:16px;\n}\n.avia-timeline-container.av-l5ifgo2y-935e0e29afb77a2b87e6c1ee4e512cf9 .av-milestone-content{\nfont-size:14px;\n}\n<\/style>\n<div  id=\"avia-timeline-1\"  class='avia-timeline-container av-l5ifgo2y-935e0e29afb77a2b87e6c1ee4e512cf9  avia-builder-el-2  avia-builder-el-no-sibling ' ><ul class='avia-timeline avia-timeline-vertical av-milestone-placement-alternate avia-timeline- avia_animate_when_almost_visible avia-timeline-animate'>\n<li  class='av-milestone av-l5iff1ph-b2dc281cf3fefcfcf7a3b9a65dad2f86 av-animated-generic fade-in av-milestone-valign-baseline av-milestone-odd'><h2 class='av-milestone-date ' id='milestone-1973'><strong>1973<span class='av-milestone-indicator'><\/span><\/strong><\/h2><div class=\"av-milestone-icon-wrap\"><span class='av-milestone-icon milestone_icon milestone_bullet_arrow'><span class='av-milestone-icon-inner milestone_inner'><span class='milestone_number'>1<\/span><\/span><\/span><\/div><article class='av-milestone-content-wrap'><div class='av-milestone-contentbox'><header class=\"entry-content-header\"><h4 class='av-milestone-title '>Alap\u00edt\u00e1s<\/h4><\/header><div class='av-milestone-content'><\/div><\/div><footer class='av-milestone-article-footer entry-footer'><\/footer><\/article><\/li>\n<li  class='av-milestone av-l5ifs8d3-0a7186d770c18b9d5d272cd3d9d83c44 av-animated-generic fade-in av-milestone-valign-baseline av-milestone-even'><h2 class='av-milestone-date ' id='milestone-1980'><strong>1980<span class='av-milestone-indicator'><\/span><\/strong><\/h2><article class='av-milestone-content-wrap'><div class='av-milestone-contentbox'><header class=\"entry-content-header\"><h4 class='av-milestone-title '>Els\u0151 \u00e1lland\u00f3 ki\u00e1ll\u00edt\u00e1s<\/h4><\/header><div class='av-milestone-content'><\/div><\/div><footer class='av-milestone-article-footer entry-footer'><\/footer><\/article><div class=\"av-milestone-icon-wrap\"><span class='av-milestone-icon milestone_icon milestone_bullet_arrow'><span class='av-milestone-icon-inner milestone_inner'><span class='milestone_number'>2<\/span><\/span><\/span><\/div><h2 class='av-milestone-date ' id='milestone-1980'><strong>1980<span class='av-milestone-indicator'><\/span><\/strong><\/h2><\/li>\n<li  class='av-milestone av-l5iftqb4-f33ffee16171486bd09369c96d85911e av-animated-generic fade-in av-milestone-valign-baseline av-milestone-odd'><h2 class='av-milestone-date ' id='milestone-1998'><strong>1998<span class='av-milestone-indicator'><\/span><\/strong><\/h2><div class=\"av-milestone-icon-wrap\"><span class='av-milestone-icon milestone_icon milestone_bullet_arrow'><span class='av-milestone-icon-inner milestone_inner'><span class='milestone_number'>3<\/span><\/span><\/span><\/div><article class='av-milestone-content-wrap'><div class='av-milestone-contentbox'><header class=\"entry-content-header\"><h4 class='av-milestone-title '>Az \u00e9p\u00fclet restaur\u00e1l\u00e1sa<\/h4><\/header><div class='av-milestone-content'><\/div><\/div><footer class='av-milestone-article-footer entry-footer'><\/footer><\/article><\/li>\n<li  class='av-milestone av-l5ifvgkj-4858490c5a475fd8440df3bed2cd9864 av-animated-generic fade-in av-milestone-valign-baseline av-milestone-even'><h2 class='av-milestone-date ' id='milestone-2001'><strong>2001<span class='av-milestone-indicator'><\/span><\/strong><\/h2><article class='av-milestone-content-wrap'><div class='av-milestone-contentbox'><header class=\"entry-content-header\"><h4 class='av-milestone-title '>Meg\u00fajult terekbe ker\u00fcl az \u00faj \u00e1lland\u00f3 ki\u00e1ll\u00edt\u00e1s \"V\u00edz-id\u0151\" c\u00edmmel<\/h4><\/header><div class='av-milestone-content'><\/div><\/div><footer class='av-milestone-article-footer entry-footer'><\/footer><\/article><div class=\"av-milestone-icon-wrap\"><span class='av-milestone-icon milestone_icon milestone_bullet_arrow'><span class='av-milestone-icon-inner milestone_inner'><span class='milestone_number'>4<\/span><\/span><\/span><\/div><h2 class='av-milestone-date ' id='milestone-2001'><strong>2001<span class='av-milestone-indicator'><\/span><\/strong><\/h2><\/li>\n<li  class='av-milestone av-l5j8xqk1-60fddbaa2aa1fc0137946ffa162558d2 av-animated-generic fade-in av-milestone-valign-baseline av-milestone-odd'><h2 class='av-milestone-date ' id='milestone-2001'><strong>2001<span class='av-milestone-indicator'><\/span><\/strong><\/h2><div class=\"av-milestone-icon-wrap\"><span class='av-milestone-icon milestone_icon'><span class='av-milestone-icon-inner milestone_inner'><span class='milestone_number'>5<\/span><\/span><\/span><\/div><article class='av-milestone-content-wrap'><div class='av-milestone-contentbox'><header class=\"entry-content-header\"><h4 class='av-milestone-title '>\"Az \u00e9v m\u00fazeuma\"<\/h4><\/header><div class='av-milestone-content'><\/div><\/div><footer class='av-milestone-article-footer entry-footer'><\/footer><\/article><\/li>\n<li  class='av-milestone av-l5j8ysbu-da26f37f5974b12dd466de5f7a8d18c7 av-animated-generic fade-in av-milestone-valign-baseline av-milestone-even'><h2 class='av-milestone-date ' id='milestone-2003'><strong>2003<span class='av-milestone-indicator'><\/span><\/strong><\/h2><article class='av-milestone-content-wrap'><div class='av-milestone-contentbox'><header class=\"entry-content-header\"><h4 class='av-milestone-title '>Eur\u00f3pai M\u00fazeum F\u00f3rum k\u00fcl\u00f6nd\u00edja<\/h4><\/header><div class='av-milestone-content'><\/div><\/div><footer class='av-milestone-article-footer entry-footer'><\/footer><\/article><div class=\"av-milestone-icon-wrap\"><span class='av-milestone-icon milestone_icon milestone_bullet_arrow'><span class='av-milestone-icon-inner milestone_inner'><span class='milestone_number'>6<\/span><\/span><\/span><\/div><h2 class='av-milestone-date ' id='milestone-2003'><strong>2003<span class='av-milestone-indicator'><\/span><\/strong><\/h2><\/li>\n<li  class='av-milestone av-l5j8ysbu-6-fec73cd2eb02ce5c7e434204096b4d22 av-animated-generic fade-in av-milestone-valign-baseline av-milestone-odd'><h2 class='av-milestone-date ' id='milestone-2005'><strong>2005<span class='av-milestone-indicator'><\/span><\/strong><\/h2><div class=\"av-milestone-icon-wrap\"><span class='av-milestone-icon milestone_icon milestone_bullet_arrow'><span class='av-milestone-icon-inner milestone_inner'><span class='milestone_number'>7<\/span><\/span><\/span><\/div><article class='av-milestone-content-wrap'><div class='av-milestone-contentbox'><header class=\"entry-content-header\"><h4 class='av-milestone-title '>\"Csal\u00e1dbar\u00e1t m\u00fazeum\" d\u00edj<\/h4><\/header><div class='av-milestone-content'><\/div><\/div><footer class='av-milestone-article-footer entry-footer'><\/footer><\/article><\/li>\n<li  class='av-milestone av-l5j8ysbu-5-28184b0eb33bc0e614c9d56495230185 av-animated-generic fade-in av-milestone-valign-baseline av-milestone-even'><h2 class='av-milestone-date ' id='milestone-2010'><strong>2010<span class='av-milestone-indicator'><\/span><\/strong><\/h2><article class='av-milestone-content-wrap'><div class='av-milestone-contentbox'><header class=\"entry-content-header\"><h4 class='av-milestone-title '>\u00daj foglalkoztat\u00f3 helyis\u00e9g kialak\u00edt\u00e1sa<\/h4><\/header><div class='av-milestone-content'><p>a m\u00fazeumpedag\u00f3giai foglalkoz\u00e1sokhoz<\/p>\n<\/div><\/div><footer class='av-milestone-article-footer entry-footer'><\/footer><\/article><div class=\"av-milestone-icon-wrap\"><span class='av-milestone-icon milestone_icon milestone_bullet_arrow'><span class='av-milestone-icon-inner milestone_inner'><span class='milestone_number'>8<\/span><\/span><\/span><\/div><h2 class='av-milestone-date ' id='milestone-2010'><strong>2010<span class='av-milestone-indicator'><\/span><\/strong><\/h2><\/li>\n<li  class='av-milestone av-l5j8ysbu-4-caae2501a47aec5781c2cadedc2ecc7a av-animated-generic fade-in av-milestone-valign-baseline av-milestone-odd'><h2 class='av-milestone-date ' id='milestone-2014'><strong>2014<span class='av-milestone-indicator'><\/span><\/strong><\/h2><div class=\"av-milestone-icon-wrap\"><span class='av-milestone-icon milestone_icon milestone_bullet_arrow'><span class='av-milestone-icon-inner milestone_inner'><span class='milestone_number'>9<\/span><\/span><\/span><\/div><article class='av-milestone-content-wrap'><div class='av-milestone-contentbox'><header class=\"entry-content-header\"><h4 class='av-milestone-title '>Megny\u00edlik a L\u00e1tv\u00e1nyt\u00e1r<\/h4><\/header><div class='av-milestone-content'><\/div><\/div><footer class='av-milestone-article-footer entry-footer'><\/footer><\/article><\/li>\n<li  class='av-milestone av-l5j8ysbu-3-ceaa0d56570430536e117924536b90cb av-animated-generic fade-in av-milestone-valign-baseline av-milestone-even'><h2 class='av-milestone-date ' id='milestone-2019'><strong>2019<span class='av-milestone-indicator'><\/span><\/strong><\/h2><article class='av-milestone-content-wrap'><div class='av-milestone-contentbox'><header class=\"entry-content-header\"><h4 class='av-milestone-title '>Megny\u00edlik a V\u00edzeum c\u00edm\u0171 ki\u00e1ll\u00edt\u00e1s<\/h4><\/header><div class='av-milestone-content'><\/div><\/div><footer class='av-milestone-article-footer entry-footer'><\/footer><\/article><div class=\"av-milestone-icon-wrap\"><span class='av-milestone-icon milestone_icon milestone_bullet_arrow'><span class='av-milestone-icon-inner milestone_inner'><span class='milestone_number'>10<\/span><\/span><\/span><\/div><h2 class='av-milestone-date ' id='milestone-2019'><strong>2019<span class='av-milestone-indicator'><\/span><\/strong><\/h2><\/li>\n<li  class='av-milestone av-l5j8ysbu-2-f052b027d7ab806dc5e3daac3bb5418e av-animated-generic fade-in av-milestone-valign-baseline av-milestone-odd'><h2 class='av-milestone-date ' id='milestone-2020'><strong>2020<span class='av-milestone-indicator'><\/span><\/strong><\/h2><div class=\"av-milestone-icon-wrap\"><span class='av-milestone-icon milestone_icon milestone_bullet_arrow'><span class='av-milestone-icon-inner milestone_inner'><span class='milestone_number'>11<\/span><\/span><\/span><\/div><article class='av-milestone-content-wrap'><div class='av-milestone-contentbox'><header class=\"entry-content-header\"><h4 class='av-milestone-title '>A V\u00edzeum megnyeri az \"\u00c9v Ki\u00e1ll\u00edt\u00e1sa\" c\u00edmet<\/h4><\/header><div class='av-milestone-content'><\/div><\/div><footer class='av-milestone-article-footer entry-footer'><\/footer><\/article><\/li>\n<li  class='av-milestone av-l5j8ysbu-1-e9ef175138d7d709e198261c5b47185c av-animated-generic fade-in av-milestone-valign-baseline av-milestone-even'><h2 class='av-milestone-date ' id='milestone-2021'><strong>2021<span class='av-milestone-indicator'><\/span><\/strong><\/h2><article class='av-milestone-content-wrap'><div class='av-milestone-contentbox'><header class=\"entry-content-header\"><h4 class='av-milestone-title '>A V\u00edzeum az \u00c9v Eur\u00f3pai M\u00fazeuma d\u00edj k\u00fcl\u00f6nd\u00edj\u00e1t kapja<\/h4><\/header><div class='av-milestone-content'><\/div><\/div><footer class='av-milestone-article-footer entry-footer'><\/footer><\/article><div class=\"av-milestone-icon-wrap\"><span class='av-milestone-icon milestone_icon milestone_bullet_arrow'><span class='av-milestone-icon-inner milestone_inner'><span class='milestone_number'>12<\/span><\/span><\/span><\/div><h2 class='av-milestone-date ' id='milestone-2021'><strong>2021<span class='av-milestone-indicator'><\/span><\/strong><\/h2><\/li>\n<\/ul><\/div><\/div><div class='flex_column av-mttsn-058e1bcb41497c86f9e57e83236916de av_one_half  avia-builder-el-3  el_after_av_one_half  avia-builder-el-last  flex_column_div '   ><section  class='av_textblock_section av-gi16f-bcc8e48c462314ea99def6d9aacc27b5'  itemscope=\"itemscope\" itemtype=\"https:\/\/schema.org\/CreativeWork\" ><div class='avia_textblock'  itemprop=\"text\" ><section class=\" section-header-styled auto\">\n<div class=\"container\">\n<div class=\"row\">\n<div class=\"col-md-9 sh-d688b55391767d1825f9664299a7e635\">\n<div class=\"fly-col-inner none\">\n<div class=\"text-block shortcode-container sh-42d3775290ab8472fd5435f3a113af07\">\n<p><span style=\"font-weight: 400;\">A Magyar V\u00edz\u00fcgyi M\u00fazeumot 1973-ban alap\u00edtott\u00e1k az Orsz\u00e1gos V\u00edz\u00fcgyi Hivatal V\u00edz\u00fcgyi Dokument\u00e1ci\u00f3s \u00e9s Tov\u00e1bbk\u00e9pz\u0151 Irod\u00e1j\u00e1nak r\u00e9szek\u00e9nt. 1989 \u00f3ta \u2013 az 1987-ben megalakult K\u00f6rnyezetv\u00e9delmi \u00e9s V\u00edzgazd\u00e1lkod\u00e1si Miniszt\u00e9rium \u00e1ltal l\u00e9trehozott K\u00f6rnyezetgazd\u00e1lkod\u00e1si Int\u00e9zet fenntart\u00e1s\u00e1ba ker\u00fclve \u2013 viseli a Magyar K\u00f6rnyezetv\u00e9delmi \u00e9s V\u00edz\u00fcgyi M\u00fazeum<\/span> <span style=\"font-weight: 400;\">nevet, gy\u0171jt\u0151k\u00f6re is kib\u0151v\u00fclt. Az orsz\u00e1gos gy\u0171jt\u0151k\u00f6r\u0171 szakm\u00fazeum fenntart\u00f3ja 2014. janu\u00e1r elsej\u00e9t\u0151l az <\/span><span style=\"font-weight: 400;\"><a href=\"http:\/\/www.ovf.hu\">Orsz\u00e1gos V\u00edz\u00fcgyi F\u0151igazgat\u00f3s\u00e1g<\/a>.<\/span><\/p>\n<p><span style=\"font-weight: 400;\">A gy\u0171jtem\u00e9ny els\u0151 \u00e1lland\u00f3 ki\u00e1ll\u00edt\u00e1sa 1980-ban ny\u00edlt meg <\/span><a href=\"http:\/\/dunamuzeum2.ovf.hu\/index.php\/archiv-kiallitasok\/\"><span style=\"font-weight: 400;\">&#8222;<\/span><i><span style=\"font-weight: 400;\">A Duna \u00e9s a magyar v\u00edzgazd\u00e1lkod\u00e1s t\u00f6rt\u00e9nete&#8221;<\/span><\/i><\/a><span style=\"font-weight: 400;\"> c\u00edmmel Esztergom belv\u00e1ros\u00e1ban, az egykori f\u0151k\u00e1ptalan \u00e9p\u00fclet\u00e9ben. 1998-ban az \u00e9p\u00fclet restaur\u00e1l\u00e1sa miatt a t\u00e1rlatot lebontott\u00e1k. A meg\u00fajult bels\u0151 terekbe tervezett, innovat\u00edv \u00faj \u00e1lland\u00f3 ki\u00e1ll\u00edt\u00e1s <\/span><a href=\"http:\/\/dunamuzeum2.ovf.hu\/index.php\/archiv-kiallitasok\/\"><i><span style=\"font-weight: 400;\">&#8222;V\u00edz-id\u0151&#8221;<\/span><\/i><\/a><span style=\"font-weight: 400;\"> c\u00edmmel 2001 okt\u00f3ber\u00e9t\u0151l fogadta a l\u00e1togat\u00f3kat.<\/span><\/p>\n<p><span style=\"font-weight: 400;\">Az \u00c9v M\u00fazeuma (2001) \u00e9s a Csal\u00e1dbar\u00e1t M\u00fazeum (2005) d\u00edjak mellett a m\u00fazeum 2003-ban elnyerte az Eur\u00f3pai M\u00fazeum F\u00f3rum (European Museum Forum) k\u00fcl\u00f6nd\u00edj\u00e1t is. Az \u00f3vod\u00e1s \u00e9s iskol\u00e1s csoportok sz\u00e1m\u00e1ra v\u00e1ltozatos m\u00fazeumpedag\u00f3giai programokat k\u00edn\u00e1l\u00f3 int\u00e9zm\u00e9nyben 2010-ben eur\u00f3pai uni\u00f3s t\u00e1mogat\u00e1ssal \u00faj foglalkoztat\u00f3 helyis\u00e9get alak\u00edtottak ki, 2014-ben pedig megny\u00edlt \u00faj \u00e1lland\u00f3 ki\u00e1ll\u00edt\u00e1si egys\u00e9ge, a <\/span><a href=\"http:\/\/dunamuzeum2.ovf.hu\/index.php\/latvanytar\/\"><i><span style=\"font-weight: 400;\">L\u00e1tv\u00e1nyt\u00e1r<\/span><\/i><\/a><span style=\"font-weight: 400;\">.<\/span><\/p>\n<p><span style=\"font-weight: 400;\">A 2001-ben megny\u00edlt \u00e1lland\u00f3 t\u00e1rlat k\u00f6zel k\u00e9t \u00e9vtizeden kereszt\u00fcl szolg\u00e1lta a l\u00e1togat\u00f3kat, 2018-ban azonban lebont\u00e1sra ker\u00fclt, hogy a k\u00f6vetkez\u0151 \u00e9vben \u00e1tadja hely\u00e9t a jelenleg is l\u00e1togathat\u00f3 <\/span><a href=\"http:\/\/dunamuzeum2.ovf.hu\/index.php\/allando-kiallitas\/\"><i><span style=\"font-weight: 400;\">V\u00edzeum<\/span><\/i><\/a><span style=\"font-weight: 400;\"> c\u00edmet visel\u0151 \u00e1lland\u00f3 ki\u00e1ll\u00edt\u00e1snak, mely 2020-ban elnyerte az \u00c9v Ki\u00e1ll\u00edt\u00e1sa c\u00edmet, <\/span><span style=\"font-weight: 400;\">majd 2021 m\u00e1jus\u00e1ban az \u00c9v Eur\u00f3pai M\u00fazeuma d\u00edj k\u00fcl\u00f6nd\u00edj\u00e1ban r\u00e9szes\u00fclt.<\/span><\/p>\n<p><span style=\"font-weight: 400;\">Az egyed\u00fcl\u00e1ll\u00f3 gy\u0171jtem\u00e9nnyel rendelkez\u0151 m\u00fazeum a magyar v\u00edz\u00fcgy \u00e9s v\u00edzgazd\u00e1lkod\u00e1s t\u00f6rt\u00e9net\u00e9vel kapcsolatos t\u00e1rgyakat \u00e9s dokumentumokat gy\u0171jti. Saj\u00e1t gy\u0171jtem\u00e9ny\u00e9nek gondoz\u00e1sa mellett a kezdetekt\u0151l szakmai seg\u00edts\u00e9get ny\u00fajt a ter\u00fcleti v\u00edz\u00fcgyi igazgat\u00f3s\u00e1gok \u00e1ltal fenntartott v\u00edz\u00fcgyi eml\u00e9khelyek, m\u0171szaki m\u0171eml\u00e9kek \u00e9s gy\u0171jtem\u00e9nyek nyilv\u00e1ntart\u00e1s\u00e1hoz, kezel\u00e9s\u00e9hez, szakszer\u0171 m\u0171k\u00f6dtet\u00e9s\u00e9hez.<\/span><\/p>\n<p><span style=\"font-weight: 400;\">A m\u00fazeum mindennapjaihoz szorosan kapcsol\u00f3dik a v\u00edz\u00fcgy \u00e9s a m\u00fazeum ir\u00e1nt elk\u00f6telezett tagokb\u00f3l \u00e1ll\u00f3 egyes\u00fclet. A <\/span><span style=\"font-weight: 400;\">Duna M\u00fazeum Bar\u00e1ti K\u00f6re Egyes\u00fclet<\/span><span style=\"font-weight: 400;\"> [honlap m\u00fazeumbar\u00e1t egyes\u00fclet men\u00fcpontja] 2012-es alap\u00edt\u00e1sa \u00f3ta seg\u00edti az int\u00e9zm\u00e9ny t\u00e1rgyi \u00e9s \u00edr\u00e1sos anyag\u00e1nak gy\u0171jt\u00e9s\u00e9t, kutat\u00e1s\u00e1t, publik\u00e1l\u00e1s\u00e1t, k\u00f6zread\u00e1s\u00e1t, t\u00e1mogatja a m\u00fazeum szakmai \u00e9s k\u00f6z\u00f6ns\u00e9gkapcsolati tev\u00e9kenys\u00e9g\u00e9t, rendezv\u00e9nyeit.<\/span><\/p>\n<p><span style=\"font-weight: 400;\">A m\u00fazeum r\u00e9szletes t\u00f6rt\u00e9nete <\/span><a href=\"http:\/\/dunamuzeum.hu\/\/wp-content\/uploads\/2023\/Muzeumtortenet_FL_2016.pdf\">ITT<\/a> <span style=\"font-weight: 400;\">olvashat\u00f3 (Fej\u00e9r L\u00e1szl\u00f3 \u00edr\u00e1sa)<\/span><\/p>\n<\/div>\n<\/div>\n<\/div>\n<div class=\"col-md-3 sh-4fbf74732ec3315f621e6ddfbaf4acd8\">\n<div class=\"fly-col-inner none\"><\/div>\n<\/div>\n<\/div>\n<\/div>\n<\/section>\n<p><!-- 7c044eed18f403b8ccc7f765a9da7c6d --><\/p>\n<\/div><\/section><\/div><\/div><\/div><\/main><!-- close content main element --><\/div><\/div><div id='after_section_1'  class='main_color av_default_container_wrap container_wrap fullsize'  ><div class='container av-section-cont-open' ><div class='template-page content  av-content-full alpha units'><div class='post-entry post-entry-type-page post-entry-191'><div class='entry-content-wrapper clearfix'><div class='flex_column av-8pg3j-19757f86385e4030f9c1f0bfc04cf6d0 av_one_third  avia-builder-el-5  el_after_av_section  avia-builder-el-no-sibling  first flex_column_div '   ><\/div><\/p>\n","protected":false},"excerpt":{"rendered":"","protected":false},"author":1,"featured_media":0,"parent":0,"menu_order":0,"comment_status":"closed","ping_status":"closed","template":"","meta":[],"_links":{"self":[{"href":"http:\/\/dunamuzeum.hu\/index.php\/wp-json\/wp\/v2\/pages\/191"}],"collection":[{"href":"http:\/\/dunamuzeum.hu\/index.php\/wp-json\/wp\/v2\/pages"}],"about":[{"href":"http:\/\/dunamuzeum.hu\/index.php\/wp-json\/wp\/v2\/types\/page"}],"author":[{"embeddable":true,"href":"http:\/\/dunamuzeum.hu\/index.php\/wp-json\/wp\/v2\/users\/1"}],"replies":[{"embeddable":true,"href":"http:\/\/dunamuzeum.hu\/index.php\/wp-json\/wp\/v2\/comments?post=191"}],"version-history":[{"count":14,"href":"http:\/\/dunamuzeum.hu\/index.php\/wp-json\/wp\/v2\/pages\/191\/revisions"}],"predecessor-version":[{"id":1466,"href":"http:\/\/dunamuzeum.hu\/index.php\/wp-json\/wp\/v2\/pages\/191\/revisions\/1466"}],"wp:attachment":[{"href":"http:\/\/dunamuzeum.hu\/index.php\/wp-json\/wp\/v2\/media?parent=191"}],"curies":[{"name":"wp","href":"https:\/\/api.w.org\/{rel}","templated":true}]}}