{"id":192,"date":"2021-06-25T13:55:28","date_gmt":"2021-06-25T11:55:28","guid":{"rendered":"http:\/\/dunamuzeum2.ovf.hu\/?page_id=192"},"modified":"2022-11-21T15:58:01","modified_gmt":"2022-11-21T13:58:01","slug":"epulettortenet","status":"publish","type":"page","link":"http:\/\/dunamuzeum.hu\/index.php\/epulettortenet\/","title":{"rendered":"\u00c9p\u00fclett\u00f6rt\u00e9net"},"content":{"rendered":"\n<style type=\"text\/css\" data-created_by=\"avia_inline_auto\" id=\"style-css-av-2vj00-34dc71c226a57c22ecd3b50ce063744e\">\n.avia-section.av-2vj00-34dc71c226a57c22ecd3b50ce063744e{\nbackground-repeat:no-repeat;\nbackground-image:url(http:\/\/dunamuzeum.hu\/wp-content\/uploads\/2022\/11\/Panorama-1.jpg);\nbackground-position:0% 0%;\nbackground-attachment:scroll;\n}\n<\/style>\n<div id='av_section_1'  class='avia-section av-2vj00-34dc71c226a57c22ecd3b50ce063744e main_color avia-section-default avia-no-border-styling  avia-builder-el-0  el_before_av_section  avia-builder-el-first  avia-bg-style-scroll av-minimum-height av-minimum-height-custom  container_wrap fullsize'  data-section-bg-repeat='no-repeat'><div class='container av-section-cont-open' style='height:510px'><main  role=\"main\" itemprop=\"mainContentOfPage\"  class='template-page content  av-content-full alpha units'><div class='post-entry post-entry-type-page post-entry-192'><div class='entry-content-wrapper clearfix'>\n\n<style type=\"text\/css\" data-created_by=\"avia_inline_auto\" id=\"style-css-av-laqurn7i-69bfadf7f74ca2643d5e7bd5533b0ab4\">\n#top .hr.hr-invisible.av-laqurn7i-69bfadf7f74ca2643d5e7bd5533b0ab4{\nheight:250px;\n}\n<\/style>\n<div  class='hr av-laqurn7i-69bfadf7f74ca2643d5e7bd5533b0ab4 hr-invisible  avia-builder-el-1  el_before_av_heading  avia-builder-el-first '><span class='hr-inner '><span class=\"hr-inner-style\"><\/span><\/span><\/div>\n\n<style type=\"text\/css\" data-created_by=\"avia_inline_auto\" id=\"style-css-av-l8qbp47x-9e84bbfb700290e8df91eca0540f4c0f\">\n#top .av-special-heading.av-l8qbp47x-9e84bbfb700290e8df91eca0540f4c0f{\npadding-bottom:10px;\ncolor:#ffffff;\n}\nbody .av-special-heading.av-l8qbp47x-9e84bbfb700290e8df91eca0540f4c0f .av-special-heading-tag .heading-char{\nfont-size:25px;\n}\n.av-special-heading.av-l8qbp47x-9e84bbfb700290e8df91eca0540f4c0f .special-heading-inner-border{\nborder-color:#ffffff;\n}\n.av-special-heading.av-l8qbp47x-9e84bbfb700290e8df91eca0540f4c0f .av-subheading{\nfont-size:15px;\n}\n<\/style>\n<div  class='av-special-heading av-l8qbp47x-9e84bbfb700290e8df91eca0540f4c0f av-special-heading-h2 custom-color-heading blockquote modern-quote  avia-builder-el-2  el_after_av_hr  avia-builder-el-last '><h2 class='av-special-heading-tag'  itemprop=\"headline\"  >\u00c9p\u00fclett\u00f6rt\u00e9net<\/h2><div class=\"special-heading-border\"><div class=\"special-heading-inner-border\"><\/div><\/div><\/div>\n<\/div><\/div><\/main><!-- close content main element --><\/div><\/div><div id='av_section_2'  class='avia-section av-j22g8-645407a419fd9bc1fe5aeec6df63afbe main_color avia-section-default avia-no-border-styling  avia-builder-el-3  el_after_av_section  avia-builder-el-last  avia-bg-style-scroll container_wrap fullsize'  ><div class='container av-section-cont-open' ><div class='template-page content  av-content-full alpha units'><div class='post-entry post-entry-type-page post-entry-192'><div class='entry-content-wrapper clearfix'>\n<div class='flex_column av-dhwfk-4f06992e947ffa1808196341d2078dfa av_one_fifth  avia-builder-el-4  el_before_av_three_fifth  avia-builder-el-first  first flex_column_div '   ><\/div><div class='flex_column av-9jd9c-70a8fc201db8ef9fbf01ba763a1b4bfb av_three_fifth  avia-builder-el-5  el_after_av_one_fifth  el_before_av_one_fifth  flex_column_div '   ><section  class='av_textblock_section av-l8qbouho-da724da9623a765c0193c9ac0b0c7f63'  itemscope=\"itemscope\" itemtype=\"https:\/\/schema.org\/CreativeWork\" ><div class='avia_textblock'  itemprop=\"text\" ><p><span style=\"font-weight: 400;\">Esztergomban a mai Pet\u0151fi utca egykor r\u00e9gi r\u00f3mai \u00e9s k\u00f6z\u00e9pkori orsz\u00e1g\u00fat volt, melynek k\u00f6rny\u00e9k\u00e9re \u00f6rm\u00e9nyek telep\u00fcltek az \u00c1rp\u00e1d-korban. K\u00f6zs\u00e9g\u00fck a <\/span><i><span style=\"font-weight: 400;\">Villa \u00c9rmen<\/span><\/i><span style=\"font-weight: 400;\"> nevet viselte. A tat\u00e1rj\u00e1r\u00e1s k\u00f6vetkezt\u00e9ben a kis \u00f6rm\u00e9ny falu elpusztult, \u00edgy a ter\u00fclet a magyar kir\u00e1lyok birtok\u00e1ba ker\u00fclt (V. L\u00e1szl\u00f3, II. Endre), akik a Szent \u00c1goston rendi szerzeteseknek adom\u00e1nyozt\u00e1k. Az \u00edgy l\u00e9trej\u00f6tt egyh\u00e1zi k\u00f6zpont k\u00f6r\u00e9 kereszt\u00e9nyek telep\u00fcltek, akik Szent Anna tisztelet\u00e9re templomot \u00e9s hatalmas kolostort emeltek, melyben k\u00e9s\u0151bb teol\u00f3giai f\u0151iskola is m\u0171k\u00f6d\u00f6tt. A t\u00f6r\u00f6k uralom el\u0151tt a ter\u00fclet a kolostorr\u00f3l a Szent Anna ker\u00fclet (<\/span><i><span style=\"font-weight: 400;\">contrata S. Annae<\/span><\/i><span style=\"font-weight: 400;\">) nevet kapta.<\/span><\/p>\n<p><span style=\"font-weight: 400;\">A t\u00f6r\u00f6k h\u00f3dolts\u00e1g kor\u00e1ban \u00fajra elpusztult az itteni telep\u00fcl\u00e9s, romjaira a XVII. sz. v\u00e9g\u00e9n alakult az akkor Zsember (Sember) nev\u0171 falu. Ekkor m\u00e1r a telep\u00fcl\u00e9s k\u00f6zpontja a mai V\u00f6r\u00f6smarty utca &#8211; K\u00f6lcsey utca vonala volt. A t\u00f6r\u00f6k ki\u0171z\u00e9se ut\u00e1n, mikor az esztergomi k\u00e1ptalan visszakapta birtok\u00e1t Szenttam\u00e1st (Zsemberrel egy\u00fctt), itt kezdett el berendezkedni.\u00a0 Esztergom t\u00f6r\u00f6kt\u0151l val\u00f3 visszav\u00e9tele \u00e9s az \u00e9rseks\u00e9g visszak\u00f6lt\u00f6z\u00e9se k\u00f6z\u00f6tti id\u0151szakban &#8211; mintegy 140 \u00e9ven \u00e1t &#8211; a k\u00e1ptalan \u00fcgyeit kihelyezett kanonokok int\u00e9zt\u00e9k. Az \u0151 sz\u00e1ll\u00e1shely\u00fck Szenttam\u00e1s k\u00f6zs\u00e9g lett. Nagy val\u00f3sz\u00edn\u0171s\u00e9ggel az 1730-as \u00e9vek egyik esztergomi kanonokja \u00e9p\u00edttette a k\u00e1ptalani h\u00e1zat.<\/span><\/p>\n<p><img decoding=\"async\" loading=\"lazy\" class=\"alignnone size-full wp-image-892\" src=\"http:\/\/dunamuzeum2.ovf.hu\/wp-content\/uploads\/2022\/10\/Leopold-Werner-metszet.jpg\" alt=\"\" width=\"1024\" height=\"723\" srcset=\"http:\/\/dunamuzeum.hu\/wp-content\/uploads\/2022\/10\/Leopold-Werner-metszet.jpg 1024w, http:\/\/dunamuzeum.hu\/wp-content\/uploads\/2022\/10\/Leopold-Werner-metszet-300x212.jpg 300w, http:\/\/dunamuzeum.hu\/wp-content\/uploads\/2022\/10\/Leopold-Werner-metszet-768x542.jpg 768w, http:\/\/dunamuzeum.hu\/wp-content\/uploads\/2022\/10\/Leopold-Werner-metszet-260x185.jpg 260w, http:\/\/dunamuzeum.hu\/wp-content\/uploads\/2022\/10\/Leopold-Werner-metszet-705x498.jpg 705w\" sizes=\"(max-width: 1024px) 100vw, 1024px\" \/><\/p>\n<p><span style=\"font-weight: 400;\">1770-ben k\u00e9sz\u00fclt Felkis Antal (Antony Felkis) geometra t\u00e9rk\u00e9pe a k\u00e1ptalani v\u00e1rosr\u00f3l. A rajzon j\u00f3l l\u00e1that\u00f3 az Esztergom \u00e9s Szenttam\u00e1s k\u00f6z\u00f6tti hat\u00e1rvonal (X jellel jel\u00f6lve), valamint az A-val jel\u00f6lt k\u00e1ptalanh\u00e1z \u00e9p\u00fclete is. <\/span><span style=\"font-weight: 400;\">A k\u00e1ptalani v\u00e1rosban szinte teljesen a mai utcarendnek megfelel\u0151 telep\u00fcl\u00e9sszerkezet alakult ki. A k\u00e1ptalani h\u00e1znak a v\u00e1rosban bet\u00f6lt\u00f6tt k\u00f6zponti szerep\u00e9t bizony\u00edtja, hogy az utak itt futnak \u00f6ssze, szinte egy pontban tal\u00e1lkoznak, k\u00f6zvetlen\u00fcl mellette van a pl\u00e9b\u00e1niatemplom n\u00e9lk\u00fcli telep\u00fcl\u00e9s polg\u00e1rainak k\u00e1poln\u00e1ja, s\u0151t a v\u00e1rosh\u00e1za is itt \u00e1llt.<\/span><\/p>\n<p><img decoding=\"async\" loading=\"lazy\" class=\"alignnone size-full wp-image-1000\" src=\"http:\/\/dunamuzeum2.ovf.hu\/wp-content\/uploads\/2022\/11\/Felkis_antal_rajza.jpg\" alt=\"\" width=\"1105\" height=\"753\" srcset=\"http:\/\/dunamuzeum.hu\/wp-content\/uploads\/2022\/11\/Felkis_antal_rajza.jpg 1105w, http:\/\/dunamuzeum.hu\/wp-content\/uploads\/2022\/11\/Felkis_antal_rajza-300x204.jpg 300w, http:\/\/dunamuzeum.hu\/wp-content\/uploads\/2022\/11\/Felkis_antal_rajza-1030x702.jpg 1030w, http:\/\/dunamuzeum.hu\/wp-content\/uploads\/2022\/11\/Felkis_antal_rajza-768x523.jpg 768w, http:\/\/dunamuzeum.hu\/wp-content\/uploads\/2022\/11\/Felkis_antal_rajza-705x480.jpg 705w\" sizes=\"(max-width: 1105px) 100vw, 1105px\" \/><\/p>\n<p><span style=\"font-weight: 400;\">Az \u00e9p\u00fcletr\u0151l jobb\u00e1ra csak az\u00e9rt eml\u00e9kezik meg az irodalom, mert 1790. febru\u00e1r 20-\u00e1n a magyar kir\u00e1lyi korona \u00e9s a koron\u00e1z\u00e1si jelv\u00e9nyek itt t\u00f6lt\u00f6ttek egy \u00e9jszak\u00e1t. Ez a nap &#8211; mint a korona B\u00e9cst\u0151l Bud\u00e1ig tart\u00f3 \u00fatj\u00e1nak n\u00e9gy napja az eg\u00e9sz orsz\u00e1gban &#8211; a v\u00e1ros sz\u00e1m\u00e1ra a legeml\u00e9kezetesebbek k\u00f6z\u00e9 tartozott.<\/span><\/p>\n<p><img decoding=\"async\" loading=\"lazy\" class=\"alignnone size-full wp-image-891\" src=\"http:\/\/dunamuzeum2.ovf.hu\/wp-content\/uploads\/2022\/10\/dsc02483-3.jpg\" alt=\"\" width=\"900\" height=\"1031\" srcset=\"http:\/\/dunamuzeum.hu\/wp-content\/uploads\/2022\/10\/dsc02483-3.jpg 900w, http:\/\/dunamuzeum.hu\/wp-content\/uploads\/2022\/10\/dsc02483-3-262x300.jpg 262w, http:\/\/dunamuzeum.hu\/wp-content\/uploads\/2022\/10\/dsc02483-3-768x880.jpg 768w, http:\/\/dunamuzeum.hu\/wp-content\/uploads\/2022\/10\/dsc02483-3-615x705.jpg 615w\" sizes=\"(max-width: 900px) 100vw, 900px\" \/><\/p>\n<p><span style=\"font-weight: 400;\">Az \u00e9p\u00fclet az els\u0151 vil\u00e1gh\u00e1bor\u00fa v\u00e9g\u00e9ig, mint az esztergomi k\u00e1ptalan gazdas\u00e1gi \u00e9s jogi k\u00f6zpontja m\u0171k\u00f6d\u00f6tt. A h\u00e1bor\u00fa ut\u00e1n egy-k\u00e9t \u00e9vvel a elcsatol\u00e1s okozta birtokcs\u00f6kken\u00e9s miatt m\u00e1r nem volt \u00e9rtelme ekkora \u00e9p\u00fcletet fenntartani erre a c\u00e9lra, ez\u00e9rt a k\u00e1ptalan \u00fagy d\u00f6nt\u00f6tt, hogy volt \u00fcgyv\u00e9dj\u00e9nek, Mike Lajosnak adja \u00e1t \u00e9letfogytiglan, ingyen az emeletet lak\u00e1sul, cser\u00e9be az\u00e9rt, hogy az lemond a k\u00e1ptalant\u00f3l \u0151t megillet\u0151 j\u00e1rand\u00f3s\u00e1g\u00e1r\u00f3l.<\/span><\/p>\n<p><img decoding=\"async\" loading=\"lazy\" class=\"alignnone wp-image-1001 size-full\" src=\"http:\/\/dunamuzeum2.ovf.hu\/wp-content\/uploads\/2022\/11\/dr.-Mike-Lajos-lakasanak-fotoja_ff-scaled.jpg\" alt=\"\" width=\"2560\" height=\"1898\" srcset=\"http:\/\/dunamuzeum.hu\/wp-content\/uploads\/2022\/11\/dr.-Mike-Lajos-lakasanak-fotoja_ff-scaled.jpg 2560w, http:\/\/dunamuzeum.hu\/wp-content\/uploads\/2022\/11\/dr.-Mike-Lajos-lakasanak-fotoja_ff-300x222.jpg 300w, http:\/\/dunamuzeum.hu\/wp-content\/uploads\/2022\/11\/dr.-Mike-Lajos-lakasanak-fotoja_ff-1030x764.jpg 1030w, http:\/\/dunamuzeum.hu\/wp-content\/uploads\/2022\/11\/dr.-Mike-Lajos-lakasanak-fotoja_ff-768x569.jpg 768w, http:\/\/dunamuzeum.hu\/wp-content\/uploads\/2022\/11\/dr.-Mike-Lajos-lakasanak-fotoja_ff-1536x1139.jpg 1536w, http:\/\/dunamuzeum.hu\/wp-content\/uploads\/2022\/11\/dr.-Mike-Lajos-lakasanak-fotoja_ff-2048x1519.jpg 2048w, http:\/\/dunamuzeum.hu\/wp-content\/uploads\/2022\/11\/dr.-Mike-Lajos-lakasanak-fotoja_ff-1500x1112.jpg 1500w, http:\/\/dunamuzeum.hu\/wp-content\/uploads\/2022\/11\/dr.-Mike-Lajos-lakasanak-fotoja_ff-705x523.jpg 705w\" sizes=\"(max-width: 2560px) 100vw, 2560px\" \/><\/p>\n<p><span style=\"font-weight: 400;\">Az \u00e9p\u00fclet az \u00f6tvenes \u00e9vek k\u00f6zep\u00e9t\u0151l a pilisi erd\u00e9szet tulajdon\u00e1ba ker\u00fclt. T\u00f6bb, mint 20 \u00e9v m\u00falva, 1976-ban vette \u00e1t a v\u00edz\u00fcgy, majd az \u00e9p\u00fclet helyre\u00e1ll\u00edt\u00e1sa ut\u00e1n 1980-ban megny\u00edlt a Duna M\u00fazeum els\u0151 ki\u00e1ll\u00edt\u00e1sa Esztergomban.<\/span><\/p>\n<p><img decoding=\"async\" loading=\"lazy\" class=\"alignnone size-full wp-image-895\" src=\"http:\/\/dunamuzeum2.ovf.hu\/wp-content\/uploads\/2022\/10\/1980-as-kia\u0301lli\u0301ta\u0301s_03-scaled.jpg\" alt=\"\" width=\"2560\" height=\"1658\" srcset=\"http:\/\/dunamuzeum.hu\/wp-content\/uploads\/2022\/10\/1980-as-kia\u0301lli\u0301ta\u0301s_03-scaled.jpg 2560w, http:\/\/dunamuzeum.hu\/wp-content\/uploads\/2022\/10\/1980-as-kia\u0301lli\u0301ta\u0301s_03-300x194.jpg 300w, http:\/\/dunamuzeum.hu\/wp-content\/uploads\/2022\/10\/1980-as-kia\u0301lli\u0301ta\u0301s_03-1030x667.jpg 1030w, http:\/\/dunamuzeum.hu\/wp-content\/uploads\/2022\/10\/1980-as-kia\u0301lli\u0301ta\u0301s_03-768x497.jpg 768w, http:\/\/dunamuzeum.hu\/wp-content\/uploads\/2022\/10\/1980-as-kia\u0301lli\u0301ta\u0301s_03-1536x995.jpg 1536w, http:\/\/dunamuzeum.hu\/wp-content\/uploads\/2022\/10\/1980-as-kia\u0301lli\u0301ta\u0301s_03-2048x1326.jpg 2048w, http:\/\/dunamuzeum.hu\/wp-content\/uploads\/2022\/10\/1980-as-kia\u0301lli\u0301ta\u0301s_03-1500x971.jpg 1500w, http:\/\/dunamuzeum.hu\/wp-content\/uploads\/2022\/10\/1980-as-kia\u0301lli\u0301ta\u0301s_03-705x457.jpg 705w\" sizes=\"(max-width: 2560px) 100vw, 2560px\" \/><\/p>\n<\/div><\/section><\/div><div class='flex_column av-7d3cw-0180580206984703750aeb5ff981e806 av_one_fifth  avia-builder-el-7  el_after_av_three_fifth  avia-builder-el-last  flex_column_div '   ><\/div>\n<\/p>\n","protected":false},"excerpt":{"rendered":"","protected":false},"author":1,"featured_media":0,"parent":0,"menu_order":0,"comment_status":"closed","ping_status":"closed","template":"","meta":[],"_links":{"self":[{"href":"http:\/\/dunamuzeum.hu\/index.php\/wp-json\/wp\/v2\/pages\/192"}],"collection":[{"href":"http:\/\/dunamuzeum.hu\/index.php\/wp-json\/wp\/v2\/pages"}],"about":[{"href":"http:\/\/dunamuzeum.hu\/index.php\/wp-json\/wp\/v2\/types\/page"}],"author":[{"embeddable":true,"href":"http:\/\/dunamuzeum.hu\/index.php\/wp-json\/wp\/v2\/users\/1"}],"replies":[{"embeddable":true,"href":"http:\/\/dunamuzeum.hu\/index.php\/wp-json\/wp\/v2\/comments?post=192"}],"version-history":[{"count":11,"href":"http:\/\/dunamuzeum.hu\/index.php\/wp-json\/wp\/v2\/pages\/192\/revisions"}],"predecessor-version":[{"id":2560,"href":"http:\/\/dunamuzeum.hu\/index.php\/wp-json\/wp\/v2\/pages\/192\/revisions\/2560"}],"wp:attachment":[{"href":"http:\/\/dunamuzeum.hu\/index.php\/wp-json\/wp\/v2\/media?parent=192"}],"curies":[{"name":"wp","href":"https:\/\/api.w.org\/{rel}","templated":true}]}}