{"id":200,"date":"2021-06-25T14:08:22","date_gmt":"2021-06-25T12:08:22","guid":{"rendered":"http:\/\/dunamuzeum2.ovf.hu\/?page_id=200"},"modified":"2022-11-21T13:02:59","modified_gmt":"2022-11-21T11:02:59","slug":"europai-kozep-galeria","status":"publish","type":"page","link":"http:\/\/dunamuzeum.hu\/index.php\/europai-kozep-galeria\/","title":{"rendered":"Eur\u00f3pai K\u00f6z\u00e9p Gal\u00e9ria"},"content":{"rendered":"<div id='full_slider_1'  class='avia-fullwidth-slider main_color avia-shadow   avia-builder-el-0  el_before_av_section  avia-builder-el-first   container_wrap fullsize'  ><div  class='avia-slideshow av-l74e57s9-c036259c1d3efcdb34a0cc850653c031 av-control-default avia-slideshow-featured av_slideshow_full avia-slide-slider av-default-height-applied   avia-slideshow-1'  data-size='featured'  data-lightbox_size='large'  data-animation='slide'  data-conditional_play=''  data-ids='790,789,788'  data-video_counter='0'  data-autoplay='true'  data-bg_slider='false'  data-slide_height=''  data-handle='av_slideshow_full'  data-interval='4'  data-class=''  data-extra_class=' '  data-el_id=''  data-css_id=''  data-scroll_down=''  data-control_layout='av-control-default'  data-custom_markup=''  data-perma_caption=''  data-autoplay_stopper=''  data-image_attachment=''  data-min_height='0px'  data-lazy_loading='disabled'  data-default-height='35.537190082645'  data-stretch=''  data-src=''  data-position='top left'  data-repeat='no-repeat'  data-attach='scroll'  data-img_scrset=''  data-av-desktop-hide=''  data-av-medium-hide=''  data-av-small-hide=''  data-av-mini-hide=''  data-id=''  data-custom_class=''  data-template_class=''  data-av_uid='av-l74e57s9'  data-sc_version='1.0'  data-heading_tag=''  data-heading_class=''   itemprop=\"image\" itemscope=\"itemscope\" itemtype=\"https:\/\/schema.org\/ImageObject\" ><ul class='avia-slideshow-inner ' style='padding-bottom: 35.537190082645%;'><li  class='avia-slideshow-slide av-l74e57s9-c036259c1d3efcdb34a0cc850653c031__0  slide-1 ' ><div data-rel='slideshow-1' class='avia-slide-wrap '   ><img decoding=\"async\" class=\"wp-image-790 avia-img-lazy-loading-not-790\"  src=\"http:\/\/dunamuzeum.hu\/wp-content\/uploads\/2022\/08\/EKG_hero3-1210x430.jpg\" width=\"1210\" height=\"430\" title='EKG_hero3' alt=''  itemprop=\"thumbnailUrl\"   \/><\/div><\/li><li  class='avia-slideshow-slide av-l74e57s9-c036259c1d3efcdb34a0cc850653c031__1  slide-2 ' ><div data-rel='slideshow-1' class='avia-slide-wrap '   ><img decoding=\"async\" class=\"wp-image-789 avia-img-lazy-loading-not-789\"  src=\"http:\/\/dunamuzeum.hu\/wp-content\/uploads\/2022\/08\/EKG_hero2-1210x430.jpg\" width=\"1210\" height=\"430\" title='EKG_hero2' alt=''  itemprop=\"thumbnailUrl\"   \/><\/div><\/li><li  class='avia-slideshow-slide av-l74e57s9-c036259c1d3efcdb34a0cc850653c031__2  slide-3 ' ><div data-rel='slideshow-1' class='avia-slide-wrap '   ><img decoding=\"async\" class=\"wp-image-788 avia-img-lazy-loading-not-788\"  src=\"http:\/\/dunamuzeum.hu\/wp-content\/uploads\/2022\/08\/EKG_hero1-1210x430.jpg\" width=\"1210\" height=\"430\" title='EKG_hero1' alt=''  itemprop=\"thumbnailUrl\"   \/><\/div><\/li><\/ul><div class='avia-slideshow-arrows avia-slideshow-controls' ><a href='#prev' class='prev-slide ' aria-hidden='true' data-av_icon='\ue87c' data-av_iconfont='entypo-fontello'  tabindex='-1'>El\u0151z\u0151<\/a><a href='#next' class='next-slide ' aria-hidden='true' data-av_icon='\ue87d' data-av_iconfont='entypo-fontello'  tabindex='-1'>K\u00f6vetkez\u0151<\/a><\/div><div class='avia-slideshow-dots avia-slideshow-controls'><a href='#1' class='goto-slide active' >1<\/a><a href='#2' class='goto-slide ' >2<\/a><a href='#3' class='goto-slide ' >3<\/a><\/div><\/div><\/div>\n<div id='av_section_1'  class='avia-section av-kytrk-a210b1517eaddd877173644719888c0c main_color avia-section-default avia-no-border-styling  avia-builder-el-1  el_after_av_slideshow_full  avia-builder-el-last  avia-bg-style-scroll container_wrap fullsize'  ><div class='container av-section-cont-open' ><div class='template-page content  av-content-full alpha units'><div class='post-entry post-entry-type-page post-entry-200'><div class='entry-content-wrapper clearfix'>\n<div class='flex_column av-df1tc-ff2e0aded81ab5c32d4c3b867293d021 av_one_third  avia-builder-el-2  el_before_av_two_third  avia-builder-el-first  first flex_column_div '   ><style type=\"text\/css\" data-created_by=\"avia_inline_auto\" id=\"style-css-av-l74e7cvi-50339f99dc5e6c8ebf18c9e9dd58b7a3\">\n#top .av-special-heading.av-l74e7cvi-50339f99dc5e6c8ebf18c9e9dd58b7a3{\npadding-bottom:10px;\n}\nbody .av-special-heading.av-l74e7cvi-50339f99dc5e6c8ebf18c9e9dd58b7a3 .av-special-heading-tag .heading-char{\nfont-size:25px;\n}\n.av-special-heading.av-l74e7cvi-50339f99dc5e6c8ebf18c9e9dd58b7a3 .av-subheading{\nfont-size:15px;\n}\n<\/style>\n<div  class='av-special-heading av-l74e7cvi-50339f99dc5e6c8ebf18c9e9dd58b7a3 av-special-heading-h3 blockquote modern-quote  avia-builder-el-3  avia-builder-el-no-sibling '><h3 class='av-special-heading-tag'  itemprop=\"headline\"  >Eur\u00f3pai K\u00f6z\u00e9p Gal\u00e9ria<\/h3><div class=\"special-heading-border\"><div class=\"special-heading-inner-border\"><\/div><\/div><\/div><\/div><div class='flex_column av-7oboo-b9ceda29c05467487c756d76e0e48718 av_two_third  avia-builder-el-4  el_after_av_one_third  avia-builder-el-last  flex_column_div '   ><section  class='av_textblock_section av-9ggbs-e4f79bf4a6fd8d34a47ca737b9480448'  itemscope=\"itemscope\" itemtype=\"https:\/\/schema.org\/CreativeWork\" ><div class='avia_textblock'  itemprop=\"text\" ><section class=\"fw-main-row \">\n<div class=\"fw-container\">\n<div class=\"fw-row\">\n<div class=\"fw-col-xs-12 fw-col-sm-9\">\n<p><span style=\"font-weight: 400;\">Az Eur\u00f3pai K\u00f6z\u00e9p Gal\u00e9ria 1993-ban azzal a c\u00e9llal j\u00f6tt l\u00e9tre, hogy helyet adjon a kort\u00e1rs m\u0171v\u00e9szet bemutatkoz\u00e1s\u00e1nak, teret adjon az \u00faj\u00edt\u00f3, k\u00eds\u00e9rletez\u0151 alkot\u00f3knak. Kaj\u00e1n Imre, a Duna M\u00fazeum akkori igazgat\u00f3ja abb\u00f3l indult ki, hogy l\u00e9tezik \u00e9s meg is mutatkozik a k\u00f6z\u00e9p-eur\u00f3pais\u00e1g mind a magyar k\u00e9pz\u0151m\u0171v\u00e9szetben, mind a t\u00e9rs\u00e9g m\u00e1s orsz\u00e1gaiban j\u00f3 n\u00e9h\u00e1ny alkot\u00f3 munk\u00e1ss\u00e1g\u00e1ban.\u00a0<\/span><\/p>\n<p><i><span style=\"font-weight: 400;\">\u00a0\u201eA Duna M\u00fazeumban annak idej\u00e9n \u00e9n kezdem\u00e9nyeztem az Eur\u00f3pai K\u00f6z\u00e9p Gal\u00e9ria l\u00e9trehoz\u00e1s\u00e1t, de elm\u00e9leti alapjait (Kaposi) Bandival egy\u00fctt tal\u00e1ltuk ki. Abb\u00f3l indultunk ki, hogy a szocializmus \u00e9vtizedei alatti bez\u00e1rts\u00e1gban a m\u0171v\u00e9szetnek egy nagyon saj\u00e1tos szabads\u00e1ga \u00e9s alkot\u00f3m\u00f3dja alakult ki, ami ugyan nem volt k\u00e9pes igazodni a vil\u00e1gtrendekhez, de p\u00e1rhuzamos (azaz a pl. nyugat m\u0171v\u00e9szet\u00e9t\u0151l f\u00fcggetlen, egyen\u00e9rt\u00e9k\u0171) vil\u00e1ga m\u00e9giscsak kialakult, \u00e9s ezt olyan \u00e9letm\u0171vek sora bizony\u00edtja, mint Kaposi Endre fi\u00e1\u00e9 Tam\u00e1s\u00e9, Kondor B\u00e9l\u00e1\u00e9, vagy a cseh Vladim\u00edr Boudn\u00edk\u00e9 (\u00e9s a sor hosszan folytathat\u00f3). Felmutatni teh\u00e1t ezt a saj\u00e1tos \u00e9rt\u00e9ket, a saj\u00e1tos k\u00f6r\u00fclm\u00e9nyek k\u00f6z\u00f6tt dolgoz\u00f3 m\u0171v\u00e9szek \u00fatkeres\u00e9seit, k\u00eds\u00e9rleteit az \u00f6r\u00f6ks\u00e9g v\u00e9delm\u00e9vel \u00e9s \u00e1t\u00f6r\u00f6k\u00edt\u00e9s\u00e9vel foglalkoz\u00f3 int\u00e9zm\u00e9nynek, a m\u00fazeumnak a dolga. Tett\u00fck h\u00e1t k\u00f6z\u00f6sen kiv\u00e1l\u00f3 munkat\u00e1rsaimmal \u00e9s persze Kaposi Endr\u00e9vel. Az Eur\u00f3pai K\u00f6z\u00e9p Gal\u00e9ria t\u00f6bb mint sz\u00e1z kiv\u00e1l\u00f3 ki\u00e1ll\u00edt\u00e1sa ennek az eredm\u00e9nye, az, hogy Esztergomban rang lett itt ki\u00e1ll\u00edtani, hogy a m\u00e1ra m\u00e1r cs\u00facsra \u00e9r\u0151 m\u0171v\u00e9szeknek a kis ki\u00e1ll\u00edt\u00f3 teremben rendezett bemutat\u00f3i rendre el\u0151kel\u0151 helyen eml\u00edt\u0151dnek meg a r\u00f3luk sz\u00f3l\u00f3 munk\u00e1kban. Valamit teh\u00e1t biztos eltal\u00e1ltunk \u00e9s nem csin\u00e1ltunk kifejezetten rosszul.\u201d \u00a0 <\/span><\/i><span style=\"font-weight: 400;\">&#8211; Kaj\u00e1n Imre<\/span><\/p>\n<p><span style=\"font-weight: 400;\">A gal\u00e9ria szolg\u00e1lja a kort\u00e1rs m\u0171v\u00e9szet bemutat\u00e1s\u00e1t \u00e9s teret ad az \u00faj\u00edt\u00f3, k\u00eds\u00e9rletez\u0151 alkot\u00f3knak. A gal\u00e9ria els\u0151sorban a k\u00e9pz\u0151m\u0171v\u00e9szek\u00e9, de az itt megrendezett ki\u00e1ll\u00edt\u00e1sokat \u00f6ssze lehet k\u00f6tni zen\u00e9vel, irodalommal. A gal\u00e9ri\u00e1ban \u00e1tlagosan 4 t\u00e1rlat ker\u00fcl bemutat\u00e1sra \u00e9vente, melyet mintegy 20 000 m\u0171v\u00e9szetkedvel\u0151 vend\u00e9g keres fel.<\/span><\/p>\n<\/div>\n<\/div>\n<\/div>\n<\/section>\n<p><!-- 44362453ce2250163bcf76590ea80c1b --><\/p>\n<\/div><\/section><\/div>\n\n","protected":false},"excerpt":{"rendered":"","protected":false},"author":1,"featured_media":0,"parent":0,"menu_order":0,"comment_status":"closed","ping_status":"closed","template":"","meta":[],"_links":{"self":[{"href":"http:\/\/dunamuzeum.hu\/index.php\/wp-json\/wp\/v2\/pages\/200"}],"collection":[{"href":"http:\/\/dunamuzeum.hu\/index.php\/wp-json\/wp\/v2\/pages"}],"about":[{"href":"http:\/\/dunamuzeum.hu\/index.php\/wp-json\/wp\/v2\/types\/page"}],"author":[{"embeddable":true,"href":"http:\/\/dunamuzeum.hu\/index.php\/wp-json\/wp\/v2\/users\/1"}],"replies":[{"embeddable":true,"href":"http:\/\/dunamuzeum.hu\/index.php\/wp-json\/wp\/v2\/comments?post=200"}],"version-history":[{"count":7,"href":"http:\/\/dunamuzeum.hu\/index.php\/wp-json\/wp\/v2\/pages\/200\/revisions"}],"predecessor-version":[{"id":1138,"href":"http:\/\/dunamuzeum.hu\/index.php\/wp-json\/wp\/v2\/pages\/200\/revisions\/1138"}],"wp:attachment":[{"href":"http:\/\/dunamuzeum.hu\/index.php\/wp-json\/wp\/v2\/media?parent=200"}],"curies":[{"name":"wp","href":"https:\/\/api.w.org\/{rel}","templated":true}]}}