{"id":209,"date":"2021-06-25T14:33:07","date_gmt":"2021-06-25T12:33:07","guid":{"rendered":"http:\/\/dunamuzeum2.ovf.hu\/?page_id=209"},"modified":"2022-11-21T15:24:08","modified_gmt":"2022-11-21T13:24:08","slug":"muzeumbarat-egyesulet","status":"publish","type":"page","link":"http:\/\/dunamuzeum.hu\/index.php\/muzeumbarat-egyesulet\/","title":{"rendered":"M\u00fazeumbar\u00e1t egyes\u00fclet"},"content":{"rendered":"<div id='av_section_1'  class='avia-section av-m5fq1-e4b7b3f9c9b3013fb5ffef26435dcff9 main_color avia-section-default avia-no-border-styling  avia-builder-el-0  el_before_av_section  avia-builder-el-first  avia-bg-style-scroll container_wrap fullsize'  ><div class='container av-section-cont-open' ><main  role=\"main\" itemprop=\"mainContentOfPage\"  class='template-page content  av-content-full alpha units'><div class='post-entry post-entry-type-page post-entry-209'><div class='entry-content-wrapper clearfix'>\n\n<style type=\"text\/css\" data-created_by=\"avia_inline_auto\" id=\"style-css-av-l8qa7xm6-7d377538e9c781384dd59f7e83ad0190\">\n#top .av-special-heading.av-l8qa7xm6-7d377538e9c781384dd59f7e83ad0190{\npadding-bottom:10px;\n}\nbody .av-special-heading.av-l8qa7xm6-7d377538e9c781384dd59f7e83ad0190 .av-special-heading-tag .heading-char{\nfont-size:25px;\n}\n.av-special-heading.av-l8qa7xm6-7d377538e9c781384dd59f7e83ad0190 .av-subheading{\nfont-size:15px;\n}\n<\/style>\n<div  class='av-special-heading av-l8qa7xm6-7d377538e9c781384dd59f7e83ad0190 av-special-heading-h3 blockquote modern-quote  avia-builder-el-1  avia-builder-el-no-sibling '><h3 class='av-special-heading-tag'  itemprop=\"headline\"  >M\u00fazeumbar\u00e1t egyes\u00fclet<\/h3><div class=\"special-heading-border\"><div class=\"special-heading-inner-border\"><\/div><\/div><\/div>\n\n<\/div><\/div><\/main><!-- close content main element --><\/div><\/div><div id='av_section_2'  class='avia-section av-cxk6x-1d1ec4e3d68e16b4654186d653b33393 main_color avia-section-default avia-no-border-styling  avia-builder-el-2  el_after_av_section  el_before_av_section  avia-bg-style-scroll container_wrap fullsize'  ><div class='container av-section-cont-open' ><div class='template-page content  av-content-full alpha units'><div class='post-entry post-entry-type-page post-entry-209'><div class='entry-content-wrapper clearfix'>\n<div class='flex_column av-e0fvt-f49409880edab3876cca76d971269263 av_one_third  avia-builder-el-3  el_before_av_two_third  avia-builder-el-first  first flex_column_div '   ><p>\n<style type=\"text\/css\" data-created_by=\"avia_inline_auto\" id=\"style-css-av-jlsc9-f8445d872f401e1b5b5b3ed9cc8b5830\">\n.avia-image-container.av-jlsc9-f8445d872f401e1b5b5b3ed9cc8b5830 .av-image-caption-overlay-center{\ncolor:#ffffff;\n}\n<\/style>\n<div  class='avia-image-container av-jlsc9-f8445d872f401e1b5b5b3ed9cc8b5830 av-styling- avia-align-center  avia-builder-el-4  el_before_av_hr  avia-builder-el-first '  itemprop=\"image\" itemscope=\"itemscope\" itemtype=\"https:\/\/schema.org\/ImageObject\" ><div class=\"avia-image-container-inner\"><div class=\"avia-image-overlay-wrap\"><a href=\"http:\/\/baratikor.dunamuzeum.hu\/\" class='avia_image'  target=\"_blank\"  rel=\"noopener noreferrer\"><img decoding=\"async\" class='wp-image- avia-img-lazy-loading-not- avia_image' src=\"http:\/\/dunamuzeum2.ovf.hu\/wp-content\/uploads\/2022\/10\/DMBKE-LOGO.jpg\" alt='' title=''   itemprop=\"thumbnailUrl\"  \/><\/a><\/div><\/div><\/div><br \/>\n\n<style type=\"text\/css\" data-created_by=\"avia_inline_auto\" id=\"style-css-av-laqtjslx-0a04345b4d68ddb3abab91a5a8cd5adf\">\n#top .hr.hr-invisible.av-laqtjslx-0a04345b4d68ddb3abab91a5a8cd5adf{\nheight:25px;\n}\n<\/style>\n<div  class='hr av-laqtjslx-0a04345b4d68ddb3abab91a5a8cd5adf hr-invisible  avia-builder-el-5  el_after_av_image  el_before_av_textblock '><span class='hr-inner '><span class=\"hr-inner-style\"><\/span><\/span><\/div><br \/>\n<section  class='av_textblock_section av-l8qa8ny6-90c7b1b848f48273c8ecd211f74a794c'  itemscope=\"itemscope\" itemtype=\"https:\/\/schema.org\/CreativeWork\" ><div class='avia_textblock'  itemprop=\"text\" ><h4><span style=\"font-weight: 400;\">A Duna M\u00fazeum Bar\u00e1ti K\u00f6re Egyes\u00fclet 2012-ben alakult meg. F\u0151bb c\u00e9ljai:<\/span><\/h4>\n<\/div><\/section><\/p><\/div><div class='flex_column av-bw1vt-c8928253e5efd2c093bbe1b8165e1f90 av_two_third  avia-builder-el-7  el_after_av_one_third  avia-builder-el-last  flex_column_div '   ><section  class='av_textblock_section av-laqom0lg-d9959753458c7776fc5da3fbb6629e54'  itemscope=\"itemscope\" itemtype=\"https:\/\/schema.org\/CreativeWork\" ><div class='avia_textblock'  itemprop=\"text\" ><p><span style=\"font-weight: 400;\">A m\u00fazeum szellemi \u00e9s t\u00e1rgyi javainak gondoz\u00e1sa, k\u00f6zread\u00e1sa, n\u00e9pszer\u0171s\u00edt\u00e9se; a v\u00edz\u00fcgyi eml\u00e9khelyek meg\u0151rz\u00e9s\u00e9nek el\u0151seg\u00edt\u00e9se. Ezen ter\u00fcleteken a kultur\u00e1lis \u00e9s term\u00e9szeti \u00e9rt\u00e9kek v\u00e9delme, \u0151rz\u00e9se, n\u00e9pszer\u0171s\u00edt\u00e9se; a kultur\u00e1lis \u00e9let sz\u00ednes\u00edt\u00e9se, a t\u00e1rsadalomtudom\u00e1nyi, m\u0171v\u00e9szeti, k\u00f6rnyezetv\u00e9delmi ismeretterjeszt\u00e9s megval\u00f3s\u00edt\u00e1sa, a term\u00e9szeti \u00e9s \u00e9p\u00edtett k\u00f6rnyezet v\u00e9delme, gondoz\u00e1sa \u00e9s \u00e9rt\u00e9keinek \u0151rz\u00e9se; a fiatalok k\u00f6rnyezeti nevel\u00e9si, technikat\u00f6rt\u00e9neti, m\u0171v\u00e9szeti \u00e9s k\u00f6rnyezetv\u00e9delmi ismereteinek gyarap\u00edt\u00e1sa.<\/span><\/p>\n<p><span style=\"font-weight: 400;\">A fenti c\u00e9lok el\u00e9r\u00e9se \u00e9rdek\u00e9ben az egyes\u00fclet v\u00e1llalja: sz\u00ednvonalas ismeretterjeszt\u0151 el\u0151ad\u00e1sok, kultur\u00e1lis programok \u00e9s rendezv\u00e9nyek szervez\u00e9s\u00e9t; a v\u00edz\u00fcgyi eml\u00e9kek \u00e9s eml\u00e9khelyek t\u00f6rt\u00e9net\u00e9re, fejl\u0151d\u00e9s\u00e9re vonatkoz\u00f3 t\u00e1rgyi \u00e9s \u00edr\u00e1sos anyagok gy\u0171jt\u00e9s\u00e9nek t\u00e1mogat\u00e1s\u00e1t, kutat\u00e1s\u00e1t, bemutat\u00e1s\u00e1t, k\u00f6zread\u00e1s\u00e1t; kiadv\u00e1nyok k\u00e9sz\u00edt\u00e9s\u00e9t, kultur\u00e1lis \u00e9s ismeretterjeszt\u0151 rendezv\u00e9nyek szervez\u00e9s\u00e9t.<\/span><\/p>\n<p><span style=\"font-weight: 400;\">Az egyes\u00fclet \u00f6nk\u00e9ntesei seg\u00edtik a m\u00fazeum m\u00fazeumpedag\u00f3gusait a m\u00fazeumi \u00f3r\u00e1k, foglalkoz\u00e1sok el\u0151k\u00e9sz\u00edt\u00e9s\u00e9ben \u00e9s megtart\u00e1sa sor\u00e1n.<\/span><\/p>\n<p><span style=\"font-weight: 400;\">Ig\u00e9ny \u00e9s lehet\u0151s\u00e9g szerint szakmai k\u00e9pz\u00e9seket szervez pedag\u00f3gusoknak \u00e9s m\u00fazeumpedag\u00f3gusoknak.<\/span><\/p>\n<p><span style=\"font-weight: 400;\">Felk\u00e9r\u00e9sre szakmai, m\u00f3dszertani (k\u00f6rnyezeti nevel\u00e9s, m\u00fazeumpedag\u00f3gia) seg\u00e9danyagok kidolgoz\u00e1s\u00e1ban is k\u00f6zrem\u0171k\u00f6dik.<\/span><\/p>\n<\/div><\/section><\/div><\/div><\/div><\/div><!-- close content main div --><\/div><\/div><div id='av_section_3'  class='avia-section av-dz2i1-95a3745858d26511ea53384ef1b22cc6 main_color avia-section-default avia-no-border-styling  avia-builder-el-9  el_after_av_section  avia-builder-el-last  avia-bg-style-scroll container_wrap fullsize'  ><div class='container av-section-cont-open' ><div class='template-page content  av-content-full alpha units'><div class='post-entry post-entry-type-page post-entry-209'><div class='entry-content-wrapper clearfix'>\n<div class='flex_column av-83mm9-4f554d4adce19a3e32626df2cd1aa369 av_one_third  avia-builder-el-10  el_before_av_two_third  avia-builder-el-first  first flex_column_div '   ><\/div><div class='flex_column av-7m0cx-047c003317821d3358eea31d5b0dc992 av_two_third  avia-builder-el-11  el_after_av_one_third  avia-builder-el-last  flex_column_div '   ><style type=\"text\/css\" data-created_by=\"avia_inline_auto\" id=\"style-css-av-laqtih66-b2e101a1686ab350e6f8327b0aeb9f57\">\n.avia-image-container.av-laqtih66-b2e101a1686ab350e6f8327b0aeb9f57 .av-image-caption-overlay-center{\ncolor:#ffffff;\n}\n<\/style>\n<div  class='avia-image-container av-laqtih66-b2e101a1686ab350e6f8327b0aeb9f57 av-styling- avia-align-center  avia-builder-el-12  avia-builder-el-no-sibling '  itemprop=\"image\" itemscope=\"itemscope\" itemtype=\"https:\/\/schema.org\/ImageObject\" ><div class=\"avia-image-container-inner\"><div class=\"avia-image-overlay-wrap\"><a href=\"http:\/\/baratikor.dunamuzeum.hu\/\" class='avia_image'  target=\"_blank\"  rel=\"noopener noreferrer\"><img decoding=\"async\" class='wp-image-1145 avia-img-lazy-loading-not-1145 avia_image' src=\"http:\/\/dunamuzeum.hu\/wp-content\/uploads\/2022\/11\/IMG_1325k.jpg\" alt='' title='IMG_1325k'  height=\"921\" width=\"1200\"  itemprop=\"thumbnailUrl\" srcset=\"http:\/\/dunamuzeum.hu\/wp-content\/uploads\/2022\/11\/IMG_1325k.jpg 1200w, http:\/\/dunamuzeum.hu\/wp-content\/uploads\/2022\/11\/IMG_1325k-300x230.jpg 300w, http:\/\/dunamuzeum.hu\/wp-content\/uploads\/2022\/11\/IMG_1325k-1030x791.jpg 1030w, http:\/\/dunamuzeum.hu\/wp-content\/uploads\/2022\/11\/IMG_1325k-768x589.jpg 768w, http:\/\/dunamuzeum.hu\/wp-content\/uploads\/2022\/11\/IMG_1325k-705x541.jpg 705w\" sizes=\"(max-width: 1200px) 100vw, 1200px\" \/><\/a><\/div><\/div><\/div><\/div>\n<\/p>\n","protected":false},"excerpt":{"rendered":"","protected":false},"author":1,"featured_media":0,"parent":0,"menu_order":0,"comment_status":"closed","ping_status":"closed","template":"","meta":[],"_links":{"self":[{"href":"http:\/\/dunamuzeum.hu\/index.php\/wp-json\/wp\/v2\/pages\/209"}],"collection":[{"href":"http:\/\/dunamuzeum.hu\/index.php\/wp-json\/wp\/v2\/pages"}],"about":[{"href":"http:\/\/dunamuzeum.hu\/index.php\/wp-json\/wp\/v2\/types\/page"}],"author":[{"embeddable":true,"href":"http:\/\/dunamuzeum.hu\/index.php\/wp-json\/wp\/v2\/users\/1"}],"replies":[{"embeddable":true,"href":"http:\/\/dunamuzeum.hu\/index.php\/wp-json\/wp\/v2\/comments?post=209"}],"version-history":[{"count":12,"href":"http:\/\/dunamuzeum.hu\/index.php\/wp-json\/wp\/v2\/pages\/209\/revisions"}],"predecessor-version":[{"id":1144,"href":"http:\/\/dunamuzeum.hu\/index.php\/wp-json\/wp\/v2\/pages\/209\/revisions\/1144"}],"wp:attachment":[{"href":"http:\/\/dunamuzeum.hu\/index.php\/wp-json\/wp\/v2\/media?parent=209"}],"curies":[{"name":"wp","href":"https:\/\/api.w.org\/{rel}","templated":true}]}}