{"id":210,"date":"2021-06-25T14:33:12","date_gmt":"2021-06-25T12:33:12","guid":{"rendered":"http:\/\/dunamuzeum2.ovf.hu\/?page_id=210"},"modified":"2022-10-20T15:00:44","modified_gmt":"2022-10-20T13:00:44","slug":"iksz","status":"publish","type":"page","link":"http:\/\/dunamuzeum.hu\/index.php\/iksz\/","title":{"rendered":"IKSZ"},"content":{"rendered":"<div id='av_section_1'  class='avia-section av-av_section-2dcb3d115e2e5af9a73072e0505910f8 main_color avia-section-default avia-no-border-styling  avia-builder-el-0  el_before_av_section  avia-builder-el-first  avia-bg-style-scroll container_wrap fullsize'  ><div class='container av-section-cont-open' ><main  role=\"main\" itemprop=\"mainContentOfPage\"  class='template-page content  av-content-full alpha units'><div class='post-entry post-entry-type-page post-entry-210'><div class='entry-content-wrapper clearfix'>\n\n<style type=\"text\/css\" data-created_by=\"avia_inline_auto\" id=\"style-css-av-l9h2faom-5847b15686addca1b163142025bbd850\">\n#top .av-special-heading.av-l9h2faom-5847b15686addca1b163142025bbd850{\npadding-bottom:10px;\n}\nbody .av-special-heading.av-l9h2faom-5847b15686addca1b163142025bbd850 .av-special-heading-tag .heading-char{\nfont-size:25px;\n}\n.av-special-heading.av-l9h2faom-5847b15686addca1b163142025bbd850 .av-subheading{\nfont-size:15px;\n}\n<\/style>\n<div  class='av-special-heading av-l9h2faom-5847b15686addca1b163142025bbd850 av-special-heading-h3 blockquote modern-quote  avia-builder-el-1  avia-builder-el-no-sibling '><h3 class='av-special-heading-tag'  itemprop=\"headline\"  >IKSZ<\/h3><div class=\"special-heading-border\"><div class=\"special-heading-inner-border\"><\/div><\/div><\/div>\n<\/div><\/div><\/main><!-- close content main element --><\/div><\/div><div id='av_section_2'  class='avia-section av-av_section-2dcb3d115e2e5af9a73072e0505910f8 main_color avia-section-default avia-no-border-styling  avia-builder-el-2  el_after_av_section  avia-builder-el-last  avia-bg-style-scroll container_wrap fullsize'  ><div class='container av-section-cont-open' ><div class='template-page content  av-content-full alpha units'><div class='post-entry post-entry-type-page post-entry-210'><div class='entry-content-wrapper clearfix'>\n\n<style type=\"text\/css\" data-created_by=\"avia_inline_auto\" id=\"style-css-av-av_hr-3a876428eececa9d35452247ddb053af\">\n#top .hr.hr-invisible.av-av_hr-3a876428eececa9d35452247ddb053af{\nheight:50px;\n}\n<\/style>\n<div  class='hr av-av_hr-3a876428eececa9d35452247ddb053af hr-invisible  avia-builder-el-3  el_before_av_two_fifth  avia-builder-el-first '><span class='hr-inner '><span class=\"hr-inner-style\"><\/span><\/span><\/div>\n<div class='flex_column av-av_two_fifth-a93934ecd89fbb8a9566d39e89cd3725 av_two_fifth  avia-builder-el-4  el_after_av_hr  el_before_av_three_fifth  first flex_column_div '   ><style type=\"text\/css\" data-created_by=\"avia_inline_auto\" id=\"style-css-av-l9h2ga1y-7aae68890b4a5d84825b84b3ed28ce78\">\n#top .av-special-heading.av-l9h2ga1y-7aae68890b4a5d84825b84b3ed28ce78{\npadding-bottom:10px;\n}\nbody .av-special-heading.av-l9h2ga1y-7aae68890b4a5d84825b84b3ed28ce78 .av-special-heading-tag .heading-char{\nfont-size:25px;\n}\n.av-special-heading.av-l9h2ga1y-7aae68890b4a5d84825b84b3ed28ce78 .av-subheading{\nfont-size:15px;\n}\n<\/style>\n<div  class='av-special-heading av-l9h2ga1y-7aae68890b4a5d84825b84b3ed28ce78 av-special-heading-h3 blockquote modern-quote  avia-builder-el-5  avia-builder-el-no-sibling '><h3 class='av-special-heading-tag'  itemprop=\"headline\"  >M\u00fazeumunkban lehet\u0151s\u00e9get biztos\u00edtunk iskolai k\u00f6z\u00f6ss\u00e9gi szolg\u00e1lat v\u00e9gz\u00e9s\u00e9re k\u00f6z\u00e9piskol\u00e1s di\u00e1kok sz\u00e1m\u00e1ra k\u00fcl\u00f6nb\u00f6z\u0151 ter\u00fcleteken. <\/h3><div class=\"special-heading-border\"><div class=\"special-heading-inner-border\"><\/div><\/div><\/div><\/div><div class='flex_column av-av_three_fifth-d06667205e6186ec8414c6eb7605d406 av_three_fifth  avia-builder-el-6  el_after_av_two_fifth  el_before_av_promobox  flex_column_div '   ><p><section  class='av_textblock_section av-l9h2g2yx-d788f26ea8d7e45414c380ce7d2b0c0e'  itemscope=\"itemscope\" itemtype=\"https:\/\/schema.org\/CreativeWork\" ><div class='avia_textblock'  itemprop=\"text\" ><p><span style=\"font-weight: 400;\">Milyen feladatokra v\u00e1runk? Rendezv\u00e9nyeken vend\u00e9gek fogad\u00e1sa, inform\u00e1l\u00e1sa; m\u00fazeumpedag\u00f3giai\u00a0 foglalkoz\u00e1sok seg\u00edt\u00e9se, el\u0151k\u00e9sz\u00edt\u00e9se; ny\u00e1ri t\u00e1bor lebonyol\u00edt\u00e1s\u00e1nak seg\u00edt\u00e9se; a m\u00fazeum udvar\u00e1nak \u00e9s el\u0151kertj\u00e9nek rendez\u00e9se, tiszt\u00e1n tart\u00e1sa, stb. A tev\u00e9kenys\u00e9g megkezd\u00e9s\u00e9nek felt\u00e9tele egy egy\u00fcttm\u0171k\u00f6d\u00e9si meg\u00e1llapod\u00e1s megl\u00e9te az iskol\u00e1d \u00e9s m\u00fazeumunk k\u00f6z\u00f6tt. <\/span><\/p>\n<\/div><\/section><br \/>\n<section  class='av_textblock_section av-l9h2i9ww-d695e0b511cf47894176444a0a4c1fec'  itemscope=\"itemscope\" itemtype=\"https:\/\/schema.org\/CreativeWork\" ><div class='avia_textblock'  itemprop=\"text\" ><p><strong>Jelenleg a k\u00f6vetkez\u0151 oktat\u00e1si int\u00e9zm\u00e9nyekkel van meg\u00e1llapod\u00e1sunk:<\/strong><\/p>\n<p>\u00c1rp\u00e1d-h\u00e1zi Szent Erzs\u00e9bet K\u00f6z\u00e9piskola, \u00d3voda \u00e9s \u00c1ltal\u00e1nos Iskola<\/p>\n<p>Esztergomi Dob\u00f3 Katalin Gimn\u00e1zium<\/p>\n<p>Esztergomi SZC Balassa B\u00e1lint Gazdas\u00e1gi Technikum \u00e9s Szakk\u00e9pz\u0151 Iskola<\/p>\n<p>Esztergomi SZC Botty\u00e1n J\u00e1nos Technikum<\/p>\n<p>KEM-I Zsigmondy Vilmos Gimn\u00e1zium \u00e9s Informatikai Szakk\u00f6z\u00e9piskola<\/p>\n<p>Temesv\u00e1ri Pelb\u00e1rt Ferences Gimn\u00e1zium \u00e9s Koll\u00e9gium<\/p>\n<p>\u00dajpesti K\u00f6nyves K\u00e1lm\u00e1n Gimn\u00e1zium<\/p>\n<p>Zs\u00e1mb\u00e9ki Premontrei Keresztel\u0151 Szent J\u00e1nos \u00c1ltal\u00e1nos Iskola, Gimn\u00e1zium \u00e9s Alapfok\u00fa M\u0171v\u00e9szetoktat\u00e1si Int\u00e9zm\u00e9ny<\/p>\n<\/div><\/section><\/p><\/div><div  class='av_promobox av-l9h2kr9k-39374ca87761c80209165630d7c5d90b avia-button-yes  avia-builder-el-9  el_after_av_three_fifth  avia-builder-el-last '><div class='avia-promocontent'><p><span style=\"font-weight: 400;\">Amennyiben \u00e9rdekel a k\u00f6z\u00f6ss\u00e9gi szolg\u00e1latos munkav\u00e9gz\u00e9s lehet\u0151s\u00e9ge k\u00e9rj\u00fck, \u00e9vfolyamod \u00e9s iskol\u00e1d nev\u00e9nek megjel\u00f6l\u00e9s\u00e9vel jelentkezz itt!<\/span><\/p>\n<\/div><div  class='avia-button-wrap avia-button-right ' ><a href='mailto:info@dunamuzeum.hu'  class='avia-button av-l9h2kr9k-843f629e4dc359db3e7bc7e21cbeda0a avia-icon_select-yes-left-icon avia-size-large avia-position-right avia-color-theme-color' ><span class='avia_button_icon avia_button_icon_left' aria-hidden='true' data-av_icon='\ue805' data-av_iconfont='entypo-fontello'><\/span><span class='avia_iconbox_title' >\u00cdrj nek\u00fcnk!<\/span><\/a><\/div><\/div>\n<\/p>\n","protected":false},"excerpt":{"rendered":"","protected":false},"author":1,"featured_media":0,"parent":0,"menu_order":0,"comment_status":"closed","ping_status":"closed","template":"","meta":[],"_links":{"self":[{"href":"http:\/\/dunamuzeum.hu\/index.php\/wp-json\/wp\/v2\/pages\/210"}],"collection":[{"href":"http:\/\/dunamuzeum.hu\/index.php\/wp-json\/wp\/v2\/pages"}],"about":[{"href":"http:\/\/dunamuzeum.hu\/index.php\/wp-json\/wp\/v2\/types\/page"}],"author":[{"embeddable":true,"href":"http:\/\/dunamuzeum.hu\/index.php\/wp-json\/wp\/v2\/users\/1"}],"replies":[{"embeddable":true,"href":"http:\/\/dunamuzeum.hu\/index.php\/wp-json\/wp\/v2\/comments?post=210"}],"version-history":[{"count":3,"href":"http:\/\/dunamuzeum.hu\/index.php\/wp-json\/wp\/v2\/pages\/210\/revisions"}],"predecessor-version":[{"id":2520,"href":"http:\/\/dunamuzeum.hu\/index.php\/wp-json\/wp\/v2\/pages\/210\/revisions\/2520"}],"wp:attachment":[{"href":"http:\/\/dunamuzeum.hu\/index.php\/wp-json\/wp\/v2\/media?parent=210"}],"curies":[{"name":"wp","href":"https:\/\/api.w.org\/{rel}","templated":true}]}}