{"id":216,"date":"2021-06-25T14:33:42","date_gmt":"2021-06-25T12:33:42","guid":{"rendered":"http:\/\/dunamuzeum2.ovf.hu\/?page_id=216"},"modified":"2022-10-24T21:29:49","modified_gmt":"2022-10-24T19:29:49","slug":"onkentesseg","status":"publish","type":"page","link":"http:\/\/dunamuzeum.hu\/index.php\/onkentesseg\/","title":{"rendered":"\u00d6nk\u00e9ntess\u00e9g"},"content":{"rendered":"<div id='av_section_1'  class='avia-section av-11saug-1615a601597c3dce4e61aab57ca65e53 main_color avia-section-default avia-no-border-styling  avia-builder-el-0  el_before_av_section  avia-builder-el-first  avia-bg-style-scroll container_wrap fullsize'  ><div class='container av-section-cont-open' ><main  role=\"main\" itemprop=\"mainContentOfPage\"  class='template-page content  av-content-full alpha units'><div class='post-entry post-entry-type-page post-entry-216'><div class='entry-content-wrapper clearfix'>\n\n<style type=\"text\/css\" data-created_by=\"avia_inline_auto\" id=\"style-css-av-l9n616u3-aede97037773886fd2a2361cc7a1e1c2\">\n#top .av-special-heading.av-l9n616u3-aede97037773886fd2a2361cc7a1e1c2{\npadding-bottom:10px;\n}\nbody .av-special-heading.av-l9n616u3-aede97037773886fd2a2361cc7a1e1c2 .av-special-heading-tag .heading-char{\nfont-size:25px;\n}\n.av-special-heading.av-l9n616u3-aede97037773886fd2a2361cc7a1e1c2 .av-subheading{\nfont-size:15px;\n}\n<\/style>\n<div  class='av-special-heading av-l9n616u3-aede97037773886fd2a2361cc7a1e1c2 av-special-heading-h2 blockquote modern-quote  avia-builder-el-1  avia-builder-el-no-sibling '><h2 class='av-special-heading-tag'  itemprop=\"headline\"  >\u00d6nk\u00e9ntess\u00e9g<\/h2><div class=\"special-heading-border\"><div class=\"special-heading-inner-border\"><\/div><\/div><\/div>\n\n<\/div><\/div><\/main><!-- close content main element --><\/div><\/div><div id='av_section_2'  class='avia-section av-wo24o-f08e2c1a5f45eb25b8e6855f0db5650b main_color avia-section-default avia-no-border-styling  avia-builder-el-2  el_after_av_section  avia-builder-el-last  avia-bg-style-scroll container_wrap fullsize'  ><div class='container av-section-cont-open' ><div class='template-page content  av-content-full alpha units'><div class='post-entry post-entry-type-page post-entry-216'><div class='entry-content-wrapper clearfix'>\n\n<style type=\"text\/css\" data-created_by=\"avia_inline_auto\" id=\"style-css-av-pm2m0-8ccf2c0851ca8c3e5df6fd2c21f825ff\">\n#top .hr.hr-invisible.av-pm2m0-8ccf2c0851ca8c3e5df6fd2c21f825ff{\nheight:50px;\n}\n<\/style>\n<div  class='hr av-pm2m0-8ccf2c0851ca8c3e5df6fd2c21f825ff hr-invisible  avia-builder-el-3  el_before_av_one_third  avia-builder-el-first '><span class='hr-inner '><span class=\"hr-inner-style\"><\/span><\/span><\/div>\n<div class='flex_column av-nbkpc-21f30014af4a4d3fb559266f572a9115 av_one_third  avia-builder-el-4  el_after_av_hr  el_before_av_two_third  first flex_column_div '   ><section  class='av_textblock_section av-l9n61oh5-7c27b8468978f0c59b0f59f5af5c004c'  itemscope=\"itemscope\" itemtype=\"https:\/\/schema.org\/CreativeWork\" ><div class='avia_textblock'  itemprop=\"text\" ><p><span style=\"font-weight: 400;\">Ha sz\u00edvesen dolgozn\u00e1l egy szakmailag \u00e9s a k\u00f6z\u00f6ns\u00e9g k\u00f6r\u00e9ben is elismert int\u00e9zm\u00e9nyben, ha kedveled a m\u00fazeumi hangulatot, \u00e9s ha havonta legal\u00e1bb 8 \u00f3r\u00e1t sz\u00e1nn\u00e1l r\u00e1 az id\u0151db\u0151l,<\/span><\/p>\n<h3 style=\"text-align: center;\"><b>akkor T\u00e9ged is v\u00e1runk!<\/b><\/h3>\n<\/div><\/section><\/div><div class='flex_column av-gaei8-8c52c0544b34d8b1ab10eb6f4091d708 av_two_third  avia-builder-el-6  el_after_av_one_third  avia-builder-el-last  flex_column_div '   ><p><section  class='av_textblock_section av-l9n62oog-c451dcf79c952f70f59327fa06268ba0'  itemscope=\"itemscope\" itemtype=\"https:\/\/schema.org\/CreativeWork\" ><div class='avia_textblock'  itemprop=\"text\" ><p><span style=\"font-weight: 400;\">A Duna M\u00fazeum Bar\u00e1ti K\u00f6re Egyes\u00fclet \u00f6nk\u00e9nteseket keres<\/span> <span style=\"font-weight: 400;\">az al\u00e1bbi m\u00fazeumi feladatok elv\u00e9gz\u00e9s\u00e9re:<\/span><\/p>\n<ul>\n<li style=\"font-weight: 400;\" aria-level=\"1\"><span style=\"font-weight: 400;\">rendezv\u00e9nyeken l\u00e1togat\u00f3k fogad\u00e1sa, inform\u00e1l\u00e1sa<\/span><\/li>\n<li style=\"font-weight: 400;\" aria-level=\"1\"><span style=\"font-weight: 400;\">csal\u00e1di \u00e9s gyermekprogramokon val\u00f3 k\u00f6zrem\u0171k\u00f6d\u00e9s<\/span><\/li>\n<li style=\"font-weight: 400;\" aria-level=\"1\"><span style=\"font-weight: 400;\">ny\u00e1ri t\u00e1bor lebonyol\u00edt\u00e1s\u00e1nak seg\u00edt\u00e9se<\/span><\/li>\n<\/ul>\n<p><span style=\"font-weight: 400;\">Jelentkezni a kit\u00f6lt\u00f6tt <\/span><a href=\"https:\/\/forms.gle\/S3gQsuGU4Fh7Zu7W8\"><b>jelentkez\u00e9si lap<\/b><\/a><span style=\"font-weight: 400;\"> kit\u00f6lt\u00e9s\u00e9vel lehet. Ha m\u00e1s ter\u00fcleten tudn\u00e1l seg\u00edteni nek\u00fcnk, k\u00e9rj\u00fck, \u00edrd meg azt is!<\/span><\/p>\n<p><span style=\"font-weight: 400;\">Minden jelentkez\u0151t \u00e9rtes\u00edt\u00fcnk \u00e9s egy szem\u00e9lyes besz\u00e9lget\u00e9s keret\u00e9ben megismerked\u00fcnk leend\u0151 csapattagjainkkal.<\/span><\/p>\n<\/div><\/section><br \/>\n<div  class='av_promobox av-7zqyo-07d33085517ab842c00c02bbf74f098b avia-button-yes  avia-builder-el-8  el_after_av_textblock  avia-builder-el-last '><div class='avia-promocontent'><p>\n<span style=\"font-weight: 400;\">Tov\u00e1bbi inform\u00e1ci\u00f3 k\u00e9rhet\u0151 e-mailen<\/span><\/p>\n<\/div><div  class='avia-button-wrap avia-button-right ' ><a href='mailto:info@dunamuzeum.hu'  class='avia-button av-7zqyo-b9b6118c1c3534a96211721af23ed529 avia-icon_select-yes-left-icon avia-size-large avia-position-right avia-color-theme-color' ><span class='avia_button_icon avia_button_icon_left' aria-hidden='true' data-av_icon='\ue805' data-av_iconfont='entypo-fontello'><\/span><span class='avia_iconbox_title' >\u00cdrj nek\u00fcnk!<\/span><\/a><\/div><\/div><\/p><\/div>\n","protected":false},"excerpt":{"rendered":"","protected":false},"author":1,"featured_media":0,"parent":0,"menu_order":0,"comment_status":"closed","ping_status":"closed","template":"","meta":[],"_links":{"self":[{"href":"http:\/\/dunamuzeum.hu\/index.php\/wp-json\/wp\/v2\/pages\/216"}],"collection":[{"href":"http:\/\/dunamuzeum.hu\/index.php\/wp-json\/wp\/v2\/pages"}],"about":[{"href":"http:\/\/dunamuzeum.hu\/index.php\/wp-json\/wp\/v2\/types\/page"}],"author":[{"embeddable":true,"href":"http:\/\/dunamuzeum.hu\/index.php\/wp-json\/wp\/v2\/users\/1"}],"replies":[{"embeddable":true,"href":"http:\/\/dunamuzeum.hu\/index.php\/wp-json\/wp\/v2\/comments?post=216"}],"version-history":[{"count":8,"href":"http:\/\/dunamuzeum.hu\/index.php\/wp-json\/wp\/v2\/pages\/216\/revisions"}],"predecessor-version":[{"id":921,"href":"http:\/\/dunamuzeum.hu\/index.php\/wp-json\/wp\/v2\/pages\/216\/revisions\/921"}],"wp:attachment":[{"href":"http:\/\/dunamuzeum.hu\/index.php\/wp-json\/wp\/v2\/media?parent=216"}],"curies":[{"name":"wp","href":"https:\/\/api.w.org\/{rel}","templated":true}]}}