{"id":218,"date":"2021-06-25T14:34:22","date_gmt":"2021-06-25T12:34:22","guid":{"rendered":"http:\/\/dunamuzeum2.ovf.hu\/?page_id=218"},"modified":"2022-12-20T21:25:44","modified_gmt":"2022-12-20T19:25:44","slug":"muzeumi-gyujtemenyek","status":"publish","type":"page","link":"http:\/\/dunamuzeum.hu\/index.php\/muzeumi-gyujtemenyek\/","title":{"rendered":"M\u00fazeumi gy\u0171jtem\u00e9nyek"},"content":{"rendered":"<div id='av_section_1'  class='avia-section av-1a6z6-9fae1055f9e6ab9e77863c529b2f91b6 main_color avia-section-default avia-no-border-styling  avia-builder-el-0  el_before_av_textblock  avia-builder-el-first  avia-bg-style-scroll container_wrap fullsize'  ><div class='container av-section-cont-open' ><main  role=\"main\" itemprop=\"mainContentOfPage\"  class='template-page content  av-content-full alpha units'><div class='post-entry post-entry-type-page post-entry-218'><div class='entry-content-wrapper clearfix'>\n\n<style type=\"text\/css\" data-created_by=\"avia_inline_auto\" id=\"style-css-av-l4vp7gjf-06856e789893572f99e1fbe297ceb10d\">\n#top .av-special-heading.av-l4vp7gjf-06856e789893572f99e1fbe297ceb10d{\npadding-bottom:10px;\n}\nbody .av-special-heading.av-l4vp7gjf-06856e789893572f99e1fbe297ceb10d .av-special-heading-tag .heading-char{\nfont-size:25px;\n}\n.av-special-heading.av-l4vp7gjf-06856e789893572f99e1fbe297ceb10d .av-subheading{\nfont-size:15px;\n}\n<\/style>\n<div  class='av-special-heading av-l4vp7gjf-06856e789893572f99e1fbe297ceb10d av-special-heading-h3 blockquote modern-quote  avia-builder-el-1  avia-builder-el-no-sibling '><h3 class='av-special-heading-tag'  itemprop=\"headline\"  >M\u00fazeumi gy\u0171jtem\u00e9nyek<\/h3><div class=\"special-heading-border\"><div class=\"special-heading-inner-border\"><\/div><\/div><\/div>\n<\/div><\/div><\/main><!-- close content main element --><\/div><\/div><div id='after_section_1'  class='main_color av_default_container_wrap container_wrap fullsize'  ><div class='container av-section-cont-open' ><div class='template-page content  av-content-full alpha units'><div class='post-entry post-entry-type-page post-entry-218'><div class='entry-content-wrapper clearfix'>\n<section  class='av_textblock_section av-l4vp7tah-4b7e51b9fb3741e15a0dc74daad0d71c'  itemscope=\"itemscope\" itemtype=\"https:\/\/schema.org\/CreativeWork\" ><div class='avia_textblock'  itemprop=\"text\" ><h4>M\u00fazeumunk a magyar v\u00edzgazd\u00e1lkod\u00e1ssal kapcsolatos muze\u00e1lis \u00e9rt\u00e9k\u0171 t\u00e1rgyakat , dokumentumokat \u0151rzi, 13 t\u00e1rba rendezve. Gy\u0171jtem\u00e9ny\u00fcnkben \u00d6n is b\u00f6ng\u00e9szhet <strong><a href=\"http:\/\/dunamuzeum.hu\/index.php\/digitalis-gyujtemeny\/\">Gy\u0171jtem\u00e9nyi keres\u0151nk<\/a><\/strong> seg\u00edts\u00e9g\u00e9vel. A kutat\u00e1si felt\u00e9telekr\u0151l a <strong><a href=\"http:\/\/dunamuzeum.hu\/index.php\/kutatoszolgalat\/\">Kutat\u00f3szolg\u00e1lat<\/a><\/strong> men\u00fcpont alatt t\u00e1j\u00e9koz\u00f3dhat.<\/h4>\n<\/div><\/section>\n<div  class='togglecontainer av-l4vpdp1f-4c5703891751d164ebb2e3646934f88b av-minimal-toggle  avia-builder-el-3  el_after_av_textblock  avia-builder-el-last  toggle_close_all' >\n<section class='av_toggle_section av-l4vp914w-a258bd843b81a56203c9ffd1a4d6ba49'  itemscope=\"itemscope\" itemtype=\"https:\/\/schema.org\/CreativeWork\" ><div role=\"tablist\" class=\"single_toggle\" data-tags=\"{Mind} \"  ><p data-fake-id='#toggle-id-1' class='toggler   '  itemprop=\"headline\"  role='tab' tabindex='0' aria-controls='toggle-id-1'>Adatt\u00e1r<span class=\"toggle_icon\"><span class=\"vert_icon\"><\/span><span class=\"hor_icon\"><\/span><\/span><\/p><div id='toggle-id-1' class='toggle_wrap  '  ><div class='toggle_content invers-color '  itemprop=\"text\" ><p><span style=\"font-weight: 400;\">A m\u00fazeum adatt\u00e1ra \u0151rzi a gy\u0171jtem\u00e9nyekben foly\u00f3 tudom\u00e1nyos munk\u00e1ra vonatkoz\u00f3 iratokat, utas\u00edt\u00e1sokat, a m\u00fazeum t\u00f6rt\u00e9net\u00e9re vonatkoz\u00f3 dokumentumokat. Itt tal\u00e1lhat\u00f3ak a ki\u00e1ll\u00edt\u00e1si t\u00e9matervek, forgat\u00f3k\u00f6nyvek, a ki\u00e1ll\u00edt\u00e1sokhoz kapcsol\u00f3d\u00f3 propaganda anyagok, nyomtatv\u00e1nyok, megh\u00edv\u00f3k \u00e9s plak\u00e1tok. Ugyancsak az adatt\u00e1rban tal\u00e1lhat\u00f3ak a hazai v\u00edzgazd\u00e1lkod\u00e1s kiemelked\u0151 szem\u00e9lyis\u00e9geinek, a v\u00edz\u00fcgyi szolg\u00e1latban tev\u00e9kenyked\u0151 m\u00e9rn\u00f6keinknek \u00e9letrajzi adatai.<\/span><\/p>\n<\/div><\/div><\/div><\/section>\n<section class='av_toggle_section av-l4vp9jx2-ceda15d551d96e9f8634687f8d75c2df'  itemscope=\"itemscope\" itemtype=\"https:\/\/schema.org\/CreativeWork\" ><div role=\"tablist\" class=\"single_toggle\" data-tags=\"{Mind} \"  ><p data-fake-id='#toggle-id-2' class='toggler   '  itemprop=\"headline\"  role='tab' tabindex='0' aria-controls='toggle-id-2'>Audiot\u00e1r (Hangt\u00e1r)<span class=\"toggle_icon\"><span class=\"vert_icon\"><\/span><span class=\"hor_icon\"><\/span><\/span><\/p><div id='toggle-id-2' class='toggle_wrap  '  ><div class='toggle_content invers-color '  itemprop=\"text\" ><p><span style=\"font-weight: 400;\">Ezt az \u00e9rt\u00e9kes gy\u0171jtem\u00e9nyt els\u0151sorban a v\u00edzgazd\u00e1lkod\u00e1s valamelyik \u00e1g\u00e1ban \u00e9vtizedeket t\u00f6lt\u00f6tt id\u0151s emberek visszaeml\u00e9kez\u00e9sei, hajdan volt jelent\u0151s esem\u00e9nyekre, a nagy \u00e1rvizekre, \u00e9p\u00edtkez\u00e9sekre, elt\u0171n\u0151ben l\u00e9v\u0151 foglalkoz\u00e1sokra eml\u00e9kez\u0151 besz\u00e9lget\u00e9sei alkotj\u00e1k.<\/span><\/p>\n<\/div><\/div><\/div><\/section>\n<section class='av_toggle_section av-l4vpakma-76207a8c3d41e9ea2bb74f52aedcbcc0'  itemscope=\"itemscope\" itemtype=\"https:\/\/schema.org\/CreativeWork\" ><div role=\"tablist\" class=\"single_toggle\" data-tags=\"{Mind} \"  ><p data-fake-id='#toggle-id-3' class='toggler   '  itemprop=\"headline\"  role='tab' tabindex='0' aria-controls='toggle-id-3'>\u00c9rem \u00e9s kisplasztika<span class=\"toggle_icon\"><span class=\"vert_icon\"><\/span><span class=\"hor_icon\"><\/span><\/span><\/p><div id='toggle-id-3' class='toggle_wrap  '  ><div class='toggle_content invers-color '  itemprop=\"text\" ><p><span style=\"font-weight: 400;\">Z\u00f6m\u00e9ben jelent\u0151s esem\u00e9nyek \u00e9vfordul\u00f3ihoz (pl. \u00e1rvizek, foly\u00f3szab\u00e1lyoz\u00e1s) vagy jeles v\u00edz\u00fcgyi szem\u00e9lyis\u00e9gekhez k\u00f6t\u0151d\u0151 eml\u00e9k\u00e9rmeket tartalmaz, de kisebb sz\u00e1mban egyes\u00fcleti jelv\u00e9nyek, kit\u0171z\u0151k is tal\u00e1lhat\u00f3k e gy\u0171jtem\u00e9nyi egys\u00e9gben. A kisplasztik\u00e1k jellemz\u0151en egy-egy v\u00edzi \u00e9letk\u00e9pet vagy kiemelked\u0151 szem\u00e9lyis\u00e9geket \u00f6r\u00f6k\u00edtenek meg.<\/span><\/p>\n<\/div><\/div><\/div><\/section>\n<section class='av_toggle_section av-l4vpb099-c53c40469840b6055e7cc7e5d1de8864'  itemscope=\"itemscope\" itemtype=\"https:\/\/schema.org\/CreativeWork\" ><div role=\"tablist\" class=\"single_toggle\" data-tags=\"{Mind} \"  ><p data-fake-id='#toggle-id-4' class='toggler   '  itemprop=\"headline\"  role='tab' tabindex='0' aria-controls='toggle-id-4'>K\u00e9peslapgy\u0171jtem\u00e9ny<span class=\"toggle_icon\"><span class=\"vert_icon\"><\/span><span class=\"hor_icon\"><\/span><\/span><\/p><div id='toggle-id-4' class='toggle_wrap  '  ><div class='toggle_content invers-color '  itemprop=\"text\" ><p><span style=\"font-weight: 400;\">Magyarorsz\u00e1g mintegy f\u00e9lezer telep\u00fcl\u00e9s\u00e9t valamint hat\u00e1ron t\u00fali falvak, v\u00e1rosok hajdani k\u00e9p\u00e9t meg\u00f6r\u00f6k\u00edt\u0151 k\u00e9pes levelez\u0151lapok tal\u00e1lhat\u00f3k ebben a gy\u0171jtem\u00e9nyi egys\u00e9gben. A lapok t\u00f6bbs\u00e9g\u00e9nek t\u00e9m\u00e1ja valamilyen form\u00e1ban kapcsol\u00f3dik a v\u00edzhez: r\u00e9gi strandf\u00fcrd\u0151k, hidak, kutak, haj\u00f3k, v\u00edzimalmok k\u00e9pei id\u00e9zik fel a v\u00edz hasznos\u00edt\u00e1si form\u00e1it a 19. sz\u00e1zad v\u00e9g\u00e9t\u0151l napjainkig.<\/span><\/p>\n<\/div><\/div><\/div><\/section>\n<section class='av_toggle_section av-l4vpbhzd-4fe5d211c8ef9236454c9f618bd749ab'  itemscope=\"itemscope\" itemtype=\"https:\/\/schema.org\/CreativeWork\" ><div role=\"tablist\" class=\"single_toggle\" data-tags=\"{Mind} \"  ><p data-fake-id='#toggle-id-5' class='toggler   '  itemprop=\"headline\"  role='tab' tabindex='0' aria-controls='toggle-id-5'>M\u0171szaki dokument\u00e1ci\u00f3s t\u00e1r<span class=\"toggle_icon\"><span class=\"vert_icon\"><\/span><span class=\"hor_icon\"><\/span><\/span><\/p><div id='toggle-id-5' class='toggle_wrap  '  ><div class='toggle_content invers-color '  itemprop=\"text\" ><p><span style=\"font-weight: 400;\">E gy\u0171jtem\u00e9ny gerinc\u00e9t k\u00fcl\u00f6nf\u00e9le v\u00edzi l\u00e9tes\u00edtm\u00e9nyek (zsilipek, hidak, v\u00edztornyok stb.) kiviteli tervei alkotj\u00e1k, ezeket els\u0151sorban helysz\u00ednrajzok, m\u0171szaki le\u00edr\u00e1sok, m\u00e9r\u00e9si jegyz\u0151k\u00f6nyvek eg\u00e9sz\u00edtik ki. Seg\u00edts\u00e9g\u00fckkel k\u00e9pet kaphatunk a 19-20. sz\u00e1zad m\u00e9rn\u00f6ki elk\u00e9pzel\u00e9seir\u0151l, tervezett \u00e9s sz\u00e1mos esetben megval\u00f3s\u00edtott m\u0171szaki megold\u00e1sair\u00f3l.<\/span><\/p>\n<\/div><\/div><\/div><\/section>\n<section class='av_toggle_section av-l4vpc1gs-a5272400bb108067fe855dfee52bb3a1'  itemscope=\"itemscope\" itemtype=\"https:\/\/schema.org\/CreativeWork\" ><div role=\"tablist\" class=\"single_toggle\" data-tags=\"{Mind} \"  ><p data-fake-id='#toggle-id-6' class='toggler   '  itemprop=\"headline\"  role='tab' tabindex='0' aria-controls='toggle-id-6'>Okm\u00e1ny- \u00e9s iratgy\u0171jtem\u00e9ny<span class=\"toggle_icon\"><span class=\"vert_icon\"><\/span><span class=\"hor_icon\"><\/span><\/span><\/p><div id='toggle-id-6' class='toggle_wrap  '  ><div class='toggle_content invers-color '  itemprop=\"text\" ><p><span style=\"font-weight: 400;\">Az elm\u00falt \u00e9vsz\u00e1zadok \u00edr\u00e1sos eml\u00e9kei, \u00fagymint c\u00e9hes \u201evizes\u201d mesters\u00e9gek iratai, mag\u00e1n- \u00e9s hivatalos levelek, szerz\u0151d\u00e9sek \u00e9pp\u00fagy megtal\u00e1lhat\u00f3ak gy\u0171jtem\u00e9ny\u00fcnk ezen r\u00e9sz\u00e9ben, mint a foly\u00f3szab\u00e1lyoz\u00f3 \u00e9s \u00e1rmentes\u00edt\u0151 t\u00e1rsulatok iratai vagy \u00e9ppen a v\u00edz\u00fcgyi tev\u00e9kenys\u00e9get folytat\u00f3 szakemberek szem\u00e9lyes\u00a0 okm\u00e1nyai.<\/span><\/p>\n<\/div><\/div><\/div><\/section>\n<section class='av_toggle_section av-l4vpcjgq-30165797d8b6ab746f4f52cc9255a9e9'  itemscope=\"itemscope\" itemtype=\"https:\/\/schema.org\/CreativeWork\" ><div role=\"tablist\" class=\"single_toggle\" data-tags=\"{Mind} \"  ><p data-fake-id='#toggle-id-7' class='toggler   '  itemprop=\"headline\"  role='tab' tabindex='0' aria-controls='toggle-id-7'>Sz\u00e9chenyi iratok<span class=\"toggle_icon\"><span class=\"vert_icon\"><\/span><span class=\"hor_icon\"><\/span><\/span><\/p><div id='toggle-id-7' class='toggle_wrap  '  ><div class='toggle_content invers-color '  itemprop=\"text\" ><p><span style=\"font-weight: 400;\">Az orsz\u00e1g harmadik legjelent\u0151sebb Sz\u00e9chenyi dokumentum-gy\u0171jtem\u00e9nye r\u00e9v\u00e9n megismerhet\u0151v\u00e9 v\u00e1lik a reformkor vez\u00e9ralakj\u00e1nak szellemi portr\u00e9ja, ugyanakkor bepillant\u00e1st nyerhet\u00fcnk a kor nagy \u00e9p\u00edtkez\u00e9seinek, v\u00e1llalkoz\u00e1sainak t\u00f6rt\u00e9net\u00e9be. Az iratok t\u00f6bbs\u00e9g\u00e9t a gr\u00f3fhoz \u00edrt levelek alkotj\u00e1k, emellett a nev\u00e9re ki\u00e1ll\u00edtott sz\u00e1ml\u00e1k, nyugt\u00e1k, utaz\u00e1si jegyek teszik v\u00e1ltozatoss\u00e1 az anyagot.<\/span><\/p>\n<\/div><\/div><\/div><\/section>\n<section class='av_toggle_section av-l4vpd11b-1db8c27a371edcf942eed8dd4c9e2bb3'  itemscope=\"itemscope\" itemtype=\"https:\/\/schema.org\/CreativeWork\" ><div role=\"tablist\" class=\"single_toggle\" data-tags=\"{Mind} \"  ><p data-fake-id='#toggle-id-8' class='toggler   '  itemprop=\"headline\"  role='tab' tabindex='0' aria-controls='toggle-id-8'>Tematikus gy\u0171jtem\u00e9ny<span class=\"toggle_icon\"><span class=\"vert_icon\"><\/span><span class=\"hor_icon\"><\/span><\/span><\/p><div id='toggle-id-8' class='toggle_wrap  '  ><div class='toggle_content invers-color '  itemprop=\"text\" ><p><span style=\"font-weight: 400;\">E rendk\u00edv\u00fcl sz\u00ednes \u00e9s sokf\u00e9le anyagot mag\u00e1ban foglal\u00f3 egys\u00e9g tartalmazza azokat a \u2013 m\u00e1shova nem besorolhat\u00f3 \u2013 \u00edr\u00e1sos dokumentumokat, melyek seg\u00edts\u00e9g\u00e9vel \u00e1tfog\u00f3 k\u00e9pet kaphatunk az elm\u00falt \u00e9vtizedek v\u00edz\u00fcgyi \u00e9s k\u00f6rnyezetv\u00e9delmi k\u00e9rd\u00e9seir\u0151l. Itt kaptak helyet a k\u00fcl\u00f6nb\u00f6z\u0151 k\u00e9ziratok, cikkek, tanulm\u00e1nyok, levelek \u00e9s plak\u00e1tok tematikus egys\u00e9gekbe rendezve, mint \u00e1rvizek, malmok stb.<\/span><\/p>\n<\/div><\/div><\/div><\/section>\n<section class='av_toggle_section av-l4vpdngn-3c9d6f9ce012949483404c1a7e3a8a42'  itemscope=\"itemscope\" itemtype=\"https:\/\/schema.org\/CreativeWork\" ><div role=\"tablist\" class=\"single_toggle\" data-tags=\"{Mind} \"  ><p data-fake-id='#toggle-id-9' class='toggler   '  itemprop=\"headline\"  role='tab' tabindex='0' aria-controls='toggle-id-9'>T\u00e1rgyi gy\u0171jtem\u00e9ny<span class=\"toggle_icon\"><span class=\"vert_icon\"><\/span><span class=\"hor_icon\"><\/span><\/span><\/p><div id='toggle-id-9' class='toggle_wrap  '  ><div class='toggle_content invers-color '  itemprop=\"text\" ><p><span style=\"font-weight: 400;\">A m\u00fazeum egyik legsz\u00ednesebb, egy\u00fattal legl\u00e1tv\u00e1nyosabb gy\u0171jtem\u00e9nyi egys\u00e9ge. A v\u00edz\u00e9p\u00edt\u00e9si munk\u00e1k sor\u00e1n haszn\u00e1lt m\u00e9rn\u00f6ki m\u0171szerek \u00e9s eszk\u00f6z\u00f6k mellett a h\u00e9tk\u00f6znapi \u00e9let t\u00e1rgyi vil\u00e1ga is k\u00e9pviselteti mag\u00e1t, a pipereszappant\u00f3l eg\u00e9szen a wc-tart\u00e1lyig. Kiemelked\u0151 egys\u00e9get alkotnak a k\u00fcl\u00f6nf\u00e9le makettek, modellek, k\u00f6zt\u00fck v\u00edzimalmok, kutak, haj\u00f3k kicsiny\u00edtett \u2013 esetenk\u00e9nt m\u0171k\u00f6d\u0151 \u2013 m\u00e1sai.<\/span><\/p>\n<\/div><\/div><\/div><\/section>\n<section class='av_toggle_section av-ao10i-1901495a31a0bf0408c8e2f846da28be'  itemscope=\"itemscope\" itemtype=\"https:\/\/schema.org\/CreativeWork\" ><div role=\"tablist\" class=\"single_toggle\" data-tags=\"{Mind} \"  ><p data-fake-id='#toggle-id-10' class='toggler   '  itemprop=\"headline\"  role='tab' tabindex='0' aria-controls='toggle-id-10'>T\u00f6rt\u00e9neti k\u00e9pgy\u0171jtem\u00e9ny<span class=\"toggle_icon\"><span class=\"vert_icon\"><\/span><span class=\"hor_icon\"><\/span><\/span><\/p><div id='toggle-id-10' class='toggle_wrap  '  ><div class='toggle_content invers-color '  itemprop=\"text\" ><p><span style=\"font-weight: 400;\">Metszetek, grafik\u00e1k, f\u00e9nyk\u00e9pek alkotj\u00e1k ezt a gy\u0171jtem\u00e9nyt. V\u00e1ros- \u00e9s t\u00e1jk\u00e9pek, portr\u00e9k \u00e9pp\u00fagy megtal\u00e1lhat\u00f3k k\u00f6zt\u00fck, mint arch\u00edv f\u00e9nyk\u00e9pek v\u00edz\u00e9p\u00edt\u00e9si, \u00e1rmentes\u00edt\u00e9si munk\u00e1latokr\u00f3l.\u00a0 A gy\u0171jtem\u00e9ny \u00e9rt\u00e9kes r\u00e9sz\u00e9t k\u00e9pez\u0151 fot\u00f3albumok tematikusan tud\u00f3s\u00edtanak egy-egy jelent\u0151sebb \u00e1rv\u00edzr\u0151l, h\u00edd\u00e9p\u00edt\u00e9sr\u0151l, v\u00edzszennyez\u00e9sr\u0151l.<\/span><\/p>\n<\/div><\/div><\/div><\/section>\n<section class='av_toggle_section av-l4vpesj1-74cccb6ccaa5871c650a88b01fac8619'  itemscope=\"itemscope\" itemtype=\"https:\/\/schema.org\/CreativeWork\" ><div role=\"tablist\" class=\"single_toggle\" data-tags=\"{Mind} \"  ><p data-fake-id='#toggle-id-11' class='toggler   '  itemprop=\"headline\"  role='tab' tabindex='0' aria-controls='toggle-id-11'>T\u00f6rt\u00e9neti t\u00e9rk\u00e9pt\u00e1r<span class=\"toggle_icon\"><span class=\"vert_icon\"><\/span><span class=\"hor_icon\"><\/span><\/span><\/p><div id='toggle-id-11' class='toggle_wrap  '  ><div class='toggle_content invers-color '  itemprop=\"text\" ><p><span style=\"font-weight: 400;\">Gy\u0171jtem\u00e9ny\u00fcnk egyik leggazdagabb \u00e9s leg\u00e9rt\u00e9kesebb r\u00e9sz\u00e9t alkotj\u00e1k a t\u00e9rk\u00e9pek, t\u00f6bbs\u00e9g\u00fck a 19-20. sz\u00e1zadb\u00f3l sz\u00e1rmazik, de megtal\u00e1lhat\u00f3ak k\u00f6zt\u00fck olyan kiemelked\u0151 jelent\u0151s\u00e9g\u0171 darabok, mint Mikovinyi S\u00e1muel vagy Marsigli 18. sz\u00e1zadban kiadott t\u00e9rk\u00e9pei. Eml\u00edt\u00e9st \u00e9rdemelnek az \u00fan. t\u00e1rsulati t\u00e9rk\u00e9pek, v\u00edzrajzi atlaszok, foly\u00f3ink szab\u00e1lyoz\u00e1s\u00e1val kapcsolatos felm\u00e9r\u00e9sek, szelv\u00e9nyrajzok, melyek rendk\u00edv\u00fcl \u00e9rt\u00e9kes hidrogr\u00e1fiai forr\u00e1sanyagot szolg\u00e1ltatnak a mai kutat\u00f3k sz\u00e1m\u00e1ra.<\/span><\/p>\n<\/div><\/div><\/div><\/section>\n<section class='av_toggle_section av-l4vpfb4c-c3b8620cc833915be7dd92d4b317dfad'  itemscope=\"itemscope\" itemtype=\"https:\/\/schema.org\/CreativeWork\" ><div role=\"tablist\" class=\"single_toggle\" data-tags=\"{Mind} \"  ><p data-fake-id='#toggle-id-12' class='toggler   '  itemprop=\"headline\"  role='tab' tabindex='0' aria-controls='toggle-id-12'>Vide\u00f3t\u00e1r<span class=\"toggle_icon\"><span class=\"vert_icon\"><\/span><span class=\"hor_icon\"><\/span><\/span><\/p><div id='toggle-id-12' class='toggle_wrap  '  ><div class='toggle_content invers-color '  itemprop=\"text\" ><p><span style=\"font-weight: 400;\">Mozg\u00f3k\u00e9p-arch\u00edvumunk darabjai jellemz\u0151en v\u00edz\u00fcgyi ill. k\u00f6rnyezetv\u00e9delmi t\u00e9m\u00e1kat dolgoznak fel, legyen az az \u00edv\u00f3v\u00edzgy\u00e1rt\u00e1s vagy \u00e9ppen a magyarorsz\u00e1gi v\u00edzl\u00e9pcs\u0151k m\u0171k\u00f6d\u00e9se. E dokumentumfilmek mellett bepillant\u00e1st nyerhet\u00fcnk a v\u00edz\u00fcgyi szakma \u00e9s a m\u00fazeum k\u00f6zelm\u00faltbeli m\u0171k\u00f6d\u00e9s\u00e9be is sz\u00e1mos \u00e9rtekezlet, konferencia, el\u0151ad\u00e1s vide\u00f3anyag\u00e1nak seg\u00edts\u00e9g\u00e9vel.<\/span><\/p>\n<\/div><\/div><\/div><\/section>\n<\/div>\n","protected":false},"excerpt":{"rendered":"","protected":false},"author":1,"featured_media":0,"parent":0,"menu_order":0,"comment_status":"closed","ping_status":"closed","template":"","meta":[],"_links":{"self":[{"href":"http:\/\/dunamuzeum.hu\/index.php\/wp-json\/wp\/v2\/pages\/218"}],"collection":[{"href":"http:\/\/dunamuzeum.hu\/index.php\/wp-json\/wp\/v2\/pages"}],"about":[{"href":"http:\/\/dunamuzeum.hu\/index.php\/wp-json\/wp\/v2\/types\/page"}],"author":[{"embeddable":true,"href":"http:\/\/dunamuzeum.hu\/index.php\/wp-json\/wp\/v2\/users\/1"}],"replies":[{"embeddable":true,"href":"http:\/\/dunamuzeum.hu\/index.php\/wp-json\/wp\/v2\/comments?post=218"}],"version-history":[{"count":7,"href":"http:\/\/dunamuzeum.hu\/index.php\/wp-json\/wp\/v2\/pages\/218\/revisions"}],"predecessor-version":[{"id":1256,"href":"http:\/\/dunamuzeum.hu\/index.php\/wp-json\/wp\/v2\/pages\/218\/revisions\/1256"}],"wp:attachment":[{"href":"http:\/\/dunamuzeum.hu\/index.php\/wp-json\/wp\/v2\/media?parent=218"}],"curies":[{"name":"wp","href":"https:\/\/api.w.org\/{rel}","templated":true}]}}