{"id":223,"date":"2021-06-25T14:34:50","date_gmt":"2021-06-25T12:34:50","guid":{"rendered":"http:\/\/dunamuzeum2.ovf.hu\/?page_id=223"},"modified":"2026-03-09T12:40:57","modified_gmt":"2026-03-09T10:40:57","slug":"digitalis-gyujtemeny","status":"publish","type":"page","link":"http:\/\/dunamuzeum.hu\/index.php\/digitalis-gyujtemeny\/","title":{"rendered":"Digit\u00e1lis gy\u0171jtem\u00e9ny"},"content":{"rendered":"<div class='flex_column av-82j9z-8bc5e765ba2061eff66b1df25ab5726f av_one_full  avia-builder-el-0  el_before_av_one_half  avia-builder-el-first  first flex_column_div '   ><p>\n<style type=\"text\/css\" data-created_by=\"avia_inline_auto\" id=\"style-css-av-l9pcmwn0-11f95b7c16cbb369bd7196da65194018\">\n#top .av-special-heading.av-l9pcmwn0-11f95b7c16cbb369bd7196da65194018{\npadding-bottom:10px;\n}\nbody .av-special-heading.av-l9pcmwn0-11f95b7c16cbb369bd7196da65194018 .av-special-heading-tag .heading-char{\nfont-size:25px;\n}\n.av-special-heading.av-l9pcmwn0-11f95b7c16cbb369bd7196da65194018 .av-subheading{\nfont-size:15px;\n}\n<\/style>\n<div  class='av-special-heading av-l9pcmwn0-11f95b7c16cbb369bd7196da65194018 av-special-heading-h2 blockquote modern-quote  avia-builder-el-1  el_before_av_codeblock  avia-builder-el-first '><h2 class='av-special-heading-tag'  itemprop=\"headline\"  >Digit\u00e1lis gy\u0171jtem\u00e9ny<\/h2><div class=\"special-heading-border\"><div class=\"special-heading-inner-border\"><\/div><\/div><\/div><br \/>\n<\/p><\/div><div class='flex_column av-jqyb3-3bef8dccfd12fc7d2e28e1f8129a3fc5 av_one_half  avia-builder-el-3  el_after_av_one_full  el_before_av_one_half  first flex_column_div column-top-margin'   ><section  class='av_textblock_section av-l5ifnxqk-efb23dcacd59bc65044a7437474c0b88'  itemscope=\"itemscope\" itemtype=\"https:\/\/schema.org\/CreativeWork\" ><div class='avia_textblock'  itemprop=\"text\" ><ul>\n<li>\n<h5><a href=\"http:\/\/dunamuzeum.hu\/index.php\/mdcb\/?advsearch=1&amp;gesusa=1141\">T\u00e1rgyi gy\u0171jtem\u00e9ny<\/a><\/h5>\n<\/li>\n<li>\n<h5><a href=\"http:\/\/dunamuzeum.hu\/index.php\/mdcb\/?advsearch=1&amp;gesusa=1171\">Sz\u00e9chenyi iratok gy\u0171jtem\u00e9ny<\/a><\/h5>\n<\/li>\n<li>\n<h5><a href=\"http:\/\/dunamuzeum.hu\/index.php\/mdcb\/?advsearch=1&amp;gesusa=1173\">K\u00e9peslapgy\u0171jtem\u00e9ny<\/a><\/h5>\n<\/li>\n<li>\n<h5><a href=\"http:\/\/dunamuzeum.hu\/index.php\/mdcb\/?advsearch=1&amp;gesusa=1229\">V\u00edz\u00fcgyi T\u00f6rt\u00e9neti Eml\u00e9khely Szeged<\/a><\/h5>\n<\/li>\n<li>\n<h5><a href=\"http:\/\/dunamuzeum.hu\/index.php\/mdcb\/?advsearch=1&amp;gesusa=1157\">Tudom\u00e1nyos Seg\u00e9dt\u00e1r<\/a><\/h5>\n<\/li>\n<li>\n<h5><a href=\"http:\/\/dunamuzeum.hu\/index.php\/mdcb\/?advsearch=1&amp;gesusa=1149\">M\u0171szaki Dokument\u00e1ci\u00f3k<\/a><\/h5>\n<\/li>\n<\/ul>\n<\/div><\/section><\/div><\/p>\n<div class='flex_column av-hsjl3-6161198e0c53464e9671c8ef6e54b6df av_one_half  avia-builder-el-5  el_after_av_one_half  el_before_av_one_full  flex_column_div column-top-margin'   ><section  class='av_textblock_section av-l5ifunrz-debd43313d652bb6f157a3eda72372dc'  itemscope=\"itemscope\" itemtype=\"https:\/\/schema.org\/CreativeWork\" ><div class='avia_textblock'  itemprop=\"text\" ><ul>\n<li>\n<h5><a href=\"http:\/\/dunamuzeum.hu\/index.php\/mdcb\/?advsearch=1&amp;gesusa=1148\">Okm\u00e1ny \u00e9s Iratgy\u0171jtem\u00e9ny<\/a><\/h5>\n<\/li>\n<li>\n<h5><a href=\"http:\/\/dunamuzeum.hu\/index.php\/mdcb\/?advsearch=1&amp;gesusa=1150\">Videot\u00e1r<\/a><\/h5>\n<\/li>\n<li>\n<h5><a href=\"http:\/\/dunamuzeum.hu\/index.php\/mdcb\/?advsearch=1&amp;gesusa=1147\">Tematikus Gy\u0171jtem\u00e9ny<\/a><\/h5>\n<\/li>\n<li>\n<h5><a href=\"http:\/\/dunamuzeum.hu\/index.php\/mdcb\/?advsearch=1&amp;gesusa=1146\">\u00c9rem \u00e9s Kisplasztika Gy\u0171jtem\u00e9ny<\/a><\/h5>\n<\/li>\n<li>\n<h5><a href=\"http:\/\/dunamuzeum.hu\/index.php\/mdcb\/?advsearch=1&amp;gesusa=1143\">T\u00f6rt\u00e9neti T\u00e9rk\u00e9pt\u00e1r<\/a><\/h5>\n<\/li>\n<li>\n<h5><a href=\"http:\/\/dunamuzeum.hu\/index.php\/mdcb\/?advsearch=1&amp;gesusa=1145\">T\u00f6rt\u00e9neti K\u00e9pgy\u0171jtem\u00e9ny<\/a><\/h5>\n<\/li>\n<\/ul>\n<\/div><\/section><\/div>\n<div class='flex_column av-a525b-6a0b57c752e8f82225c4d2452b5e73d5 av_one_full  avia-builder-el-7  el_after_av_one_half  avia-builder-el-last  first flex_column_div column-top-margin'   ><\/div>\n","protected":false},"excerpt":{"rendered":"","protected":false},"author":1,"featured_media":0,"parent":0,"menu_order":0,"comment_status":"closed","ping_status":"closed","template":"","meta":[],"_links":{"self":[{"href":"http:\/\/dunamuzeum.hu\/index.php\/wp-json\/wp\/v2\/pages\/223"}],"collection":[{"href":"http:\/\/dunamuzeum.hu\/index.php\/wp-json\/wp\/v2\/pages"}],"about":[{"href":"http:\/\/dunamuzeum.hu\/index.php\/wp-json\/wp\/v2\/types\/page"}],"author":[{"embeddable":true,"href":"http:\/\/dunamuzeum.hu\/index.php\/wp-json\/wp\/v2\/users\/1"}],"replies":[{"embeddable":true,"href":"http:\/\/dunamuzeum.hu\/index.php\/wp-json\/wp\/v2\/comments?post=223"}],"version-history":[{"count":21,"href":"http:\/\/dunamuzeum.hu\/index.php\/wp-json\/wp\/v2\/pages\/223\/revisions"}],"predecessor-version":[{"id":3306,"href":"http:\/\/dunamuzeum.hu\/index.php\/wp-json\/wp\/v2\/pages\/223\/revisions\/3306"}],"wp:attachment":[{"href":"http:\/\/dunamuzeum.hu\/index.php\/wp-json\/wp\/v2\/media?parent=223"}],"curies":[{"name":"wp","href":"https:\/\/api.w.org\/{rel}","templated":true}]}}