{"id":227,"date":"2021-06-25T14:35:00","date_gmt":"2021-06-25T12:35:00","guid":{"rendered":"http:\/\/dunamuzeum2.ovf.hu\/?page_id=227"},"modified":"2023-05-08T10:50:06","modified_gmt":"2023-05-08T08:50:06","slug":"kutatoszolgalat","status":"publish","type":"page","link":"http:\/\/dunamuzeum.hu\/index.php\/kutatoszolgalat\/","title":{"rendered":"Kutat\u00f3szolg\u00e1lat"},"content":{"rendered":"<div id='av_section_1'  class='avia-section av-1rqisr-ce837d9af1ec3059f4235d00454a5dbe main_color avia-section-default avia-no-border-styling  avia-builder-el-0  el_before_av_one_fifth  avia-builder-el-first  avia-bg-style-scroll container_wrap fullsize'  ><div class='container av-section-cont-open' ><main  role=\"main\" itemprop=\"mainContentOfPage\"  class='template-page content  av-content-full alpha units'><div class='post-entry post-entry-type-page post-entry-227'><div class='entry-content-wrapper clearfix'>\n\n<style type=\"text\/css\" data-created_by=\"avia_inline_auto\" id=\"style-css-av-l4voaqtq-43a7be6cceaa421ff8d90b0303c7e054\">\n#top .av-special-heading.av-l4voaqtq-43a7be6cceaa421ff8d90b0303c7e054{\npadding-bottom:10px;\n}\nbody .av-special-heading.av-l4voaqtq-43a7be6cceaa421ff8d90b0303c7e054 .av-special-heading-tag .heading-char{\nfont-size:25px;\n}\n.av-special-heading.av-l4voaqtq-43a7be6cceaa421ff8d90b0303c7e054 .av-subheading{\nfont-size:15px;\n}\n<\/style>\n<div  class='av-special-heading av-l4voaqtq-43a7be6cceaa421ff8d90b0303c7e054 av-special-heading-h3 blockquote modern-quote  avia-builder-el-1  avia-builder-el-no-sibling '><h3 class='av-special-heading-tag'  itemprop=\"headline\"  >Kutat\u00f3szolg\u00e1lat<\/h3><div class=\"special-heading-border\"><div class=\"special-heading-inner-border\"><\/div><\/div><\/div>\n<\/div><\/div><\/main><!-- close content main element --><\/div><\/div><div id='after_section_1'  class='main_color av_default_container_wrap container_wrap fullsize'  ><div class='container av-section-cont-open' ><div class='template-page content  av-content-full alpha units'><div class='post-entry post-entry-type-page post-entry-227'><div class='entry-content-wrapper clearfix'>\n<div class='flex_column av-jmk4r-f6d994305a86e822f5afecaec67ab325 av_one_fifth  avia-builder-el-2  el_after_av_section  el_before_av_three_fifth  avia-builder-el-first  first flex_column_div '   ><\/div>\n<div class='flex_column av-h4kxn-846e14a9384628dcfbb4bb7e029c06ef av_three_fifth  avia-builder-el-3  el_after_av_one_fifth  el_before_av_one_fifth  flex_column_div '   ><style type=\"text\/css\" data-created_by=\"avia_inline_auto\" id=\"style-css-av-l8ot35gx-c8b4d1b9e1e26674ae64b88280829953\">\n.avia_message_box.av-l8ot35gx-c8b4d1b9e1e26674ae64b88280829953{\nbackground-color:#3d6d79;\ncolor:#ffffff;\n}\n<\/style>\n<div id='avia-messagebox-' class='avia_message_box av_notification av-l8ot35gx-c8b4d1b9e1e26674ae64b88280829953 avia-color-custom avia-size-normal avia-icon_select-yes avia-border-  avia-builder-el-4  avia-builder-el-no-sibling ' ><div class=\"avia_message_box_content\"><span class='avia_message_box_icon' aria-hidden='true' data-av_icon='\ue8bb' data-av_iconfont='entypo-fontello'><\/span><p>M\u00fazeumunk ingyenes kutat\u00f3szolg\u00e1latot tart fent,<br \/>\nmelyet az e c\u00e9lra kijel\u00f6lt napokon lehet ig\u00e9nybe venni.<\/p>\n<\/div><\/div><\/div>\n<div class='flex_column av-a4v7f-a57017a92dc7ba45aa941c4f43ccd003 av_one_fifth  avia-builder-el-5  el_after_av_three_fifth  el_before_av_hr  flex_column_div '   ><\/div>\n<div  class='hr av-ld081q1s-0890645dd55ebd277ba4efbbf06e06e9 hr-default  avia-builder-el-6  el_after_av_one_fifth  el_before_av_one_third '><span class='hr-inner '><span class=\"hr-inner-style\"><\/span><\/span><\/div>\n<div class='flex_column_table av-1luyab-41709f4fb29cfb0aaee92b866282d95e sc-av_one_third av-equal-height-column-flextable'>\n<style type=\"text\/css\" data-created_by=\"avia_inline_auto\" id=\"style-css-av-1luyab-41709f4fb29cfb0aaee92b866282d95e\">\n.flex_column.av-1luyab-41709f4fb29cfb0aaee92b866282d95e{\npadding:25px 25px 25px 25px;\nbackground-color:#e8edf3;\n}\n<\/style>\n<div class='flex_column av-1luyab-41709f4fb29cfb0aaee92b866282d95e av_one_third  avia-builder-el-7  el_after_av_hr  el_before_av_one_third  first no_margin flex_column_table_cell av-equal-height-column av-align-top '   ><p>\n<style type=\"text\/css\" data-created_by=\"avia_inline_auto\" id=\"style-css-av-l4vodkhu-3c33b2db2868fefefc89e62409c1ae4c\">\n#top .av-special-heading.av-l4vodkhu-3c33b2db2868fefefc89e62409c1ae4c{\npadding-bottom:42px;\n}\nbody .av-special-heading.av-l4vodkhu-3c33b2db2868fefefc89e62409c1ae4c .av-special-heading-tag .heading-char{\nfont-size:25px;\n}\n.av-special-heading.av-l4vodkhu-3c33b2db2868fefefc89e62409c1ae4c .av-subheading{\nfont-size:15px;\n}\n<\/style>\n<div  class='av-special-heading av-l4vodkhu-3c33b2db2868fefefc89e62409c1ae4c av-special-heading-h3 blockquote modern-quote  avia-builder-el-8  el_before_av_textblock  avia-builder-el-first '><h3 class='av-special-heading-tag'  itemprop=\"headline\"  >Kutat\u00e1si napok:<\/h3><div class=\"special-heading-border\"><div class=\"special-heading-inner-border\"><\/div><\/div><\/div><br \/>\n<section  class='av_textblock_section av-l4vodz0i-a7a20fdfc36bbd9a84f3cec724d307b1'  itemscope=\"itemscope\" itemtype=\"https:\/\/schema.org\/CreativeWork\" ><div class='avia_textblock'  itemprop=\"text\" ><p><span style=\"font-weight: 400;\">h\u00e9tf\u0151, szerda, cs\u00fct\u00f6rt\u00f6k 9\u201314 \u00f3ra<\/span><\/p>\n<\/div><\/section><br \/>\n\n<style type=\"text\/css\" data-created_by=\"avia_inline_auto\" id=\"style-css-av-mj0xn-83df86507be7afb83ffd0279244030ee\">\n#top .hr.hr-invisible.av-mj0xn-83df86507be7afb83ffd0279244030ee{\nheight:50px;\n}\n<\/style>\n<div  class='hr av-mj0xn-83df86507be7afb83ffd0279244030ee hr-invisible  avia-builder-el-10  el_after_av_textblock  el_before_av_heading '><span class='hr-inner '><span class=\"hr-inner-style\"><\/span><\/span><\/div><br \/>\n\n<style type=\"text\/css\" data-created_by=\"avia_inline_auto\" id=\"style-css-av-l4voft0c-845930c6ded1e60960cb72e4984bfd89\">\n#top .av-special-heading.av-l4voft0c-845930c6ded1e60960cb72e4984bfd89{\npadding-bottom:10px;\n}\nbody .av-special-heading.av-l4voft0c-845930c6ded1e60960cb72e4984bfd89 .av-special-heading-tag .heading-char{\nfont-size:25px;\n}\n.av-special-heading.av-l4voft0c-845930c6ded1e60960cb72e4984bfd89 .av-subheading{\nfont-size:15px;\n}\n<\/style>\n<div  class='av-special-heading av-l4voft0c-845930c6ded1e60960cb72e4984bfd89 av-special-heading-h3 blockquote modern-quote  avia-builder-el-11  el_after_av_hr  el_before_av_textblock '><h3 class='av-special-heading-tag'  itemprop=\"headline\"  >Reprodukci\u00f3:<\/h3><div class=\"special-heading-border\"><div class=\"special-heading-inner-border\"><\/div><\/div><\/div><br \/>\n<section  class='av_textblock_section av-l4vofxv2-8ea230d0e6421a7e804225fcb6ac6540'  itemscope=\"itemscope\" itemtype=\"https:\/\/schema.org\/CreativeWork\" ><div class='avia_textblock'  itemprop=\"text\" ><p><span style=\"font-weight: 400;\">Egyes gy\u0171jtem\u00e9nyi anyagokr\u00f3l reprodukci\u00f3 k\u00e9sz\u00edttethet\u0151, amit az aktu\u00e1lis <\/span><a href=\"http:\/\/www.dunamuzeum.hu\/wp-content\/uploads\/2022\/06\/Reprodukcios-dijak_fejleces.pdf\"><span style=\"font-weight: 400;\">reprodukci\u00f3s d\u00edjszab\u00e1s<\/span><\/a><span style=\"font-weight: 400;\">ban felt\u00fcntetett d\u00edj ellen\u00e9ben teljes\u00edt\u00fcnk.<\/span><\/p>\n<\/div><\/section><br \/>\n\n<style type=\"text\/css\" data-created_by=\"avia_inline_auto\" id=\"style-css-av-9j4sr-27d2b687284d04ee5e163e52a1caaf6b\">\n#top .hr.hr-invisible.av-9j4sr-27d2b687284d04ee5e163e52a1caaf6b{\nheight:50px;\n}\n<\/style>\n<div  class='hr av-9j4sr-27d2b687284d04ee5e163e52a1caaf6b hr-invisible  avia-builder-el-13  el_after_av_textblock  el_before_av_heading '><span class='hr-inner '><span class=\"hr-inner-style\"><\/span><\/span><\/div><br \/>\n\n<style type=\"text\/css\" data-created_by=\"avia_inline_auto\" id=\"style-css-av-l4voge3p-259c6194cd470b367d24d17d7768fb94\">\n#top .av-special-heading.av-l4voge3p-259c6194cd470b367d24d17d7768fb94{\npadding-bottom:10px;\n}\nbody .av-special-heading.av-l4voge3p-259c6194cd470b367d24d17d7768fb94 .av-special-heading-tag .heading-char{\nfont-size:25px;\n}\n.av-special-heading.av-l4voge3p-259c6194cd470b367d24d17d7768fb94 .av-subheading{\nfont-size:15px;\n}\n<\/style>\n<div  class='av-special-heading av-l4voge3p-259c6194cd470b367d24d17d7768fb94 av-special-heading-h3 blockquote modern-quote  avia-builder-el-14  el_after_av_hr  el_before_av_textblock '><h3 class='av-special-heading-tag'  itemprop=\"headline\"  >Felhaszn\u00e1l\u00e1s:<\/h3><div class=\"special-heading-border\"><div class=\"special-heading-inner-border\"><\/div><\/div><\/div><br \/>\n<section  class='av_textblock_section av-l4voghus-6ed3f08dfac506811bbf1ea809f2d270'  itemscope=\"itemscope\" itemtype=\"https:\/\/schema.org\/CreativeWork\" ><div class='avia_textblock'  itemprop=\"text\" ><p><span style=\"font-weight: 400;\">B\u00e1rmilyen nyilv\u00e1nos felhaszn\u00e1l\u00e1s eset\u00e9ben a megrendel\u0151nek <\/span><a href=\"http:\/\/www.dunamuzeum.hu\/wp-content\/uploads\/2022\/06\/Publikacios-engedely_fejleces.pdf\"><span style=\"font-weight: 400;\">publik\u00e1ci\u00f3s enged\u00e9ly<\/span><\/a><span style=\"font-weight: 400;\">t kell k\u00e9rnie, valamint k\u00f6zl\u00e9si d\u00edjat kell fizetnie. <\/span><span style=\"font-weight: 400;\">A k\u00fcl\u00f6nb\u00f6z\u0151 felhaszn\u00e1l\u00e1si t\u00edpusokra \u00e9rv\u00e9nyes <a href=\"http:\/\/www.dunamuzeum.hu\/wp-content\/uploads\/2022\/06\/Kozlesi-dijak_fejleces.pdf\">k\u00f6zl\u00e9si d\u00edjak<\/a>at tartalmaz\u00f3 t\u00e1bl\u00e1zat el\u00e9rhet\u0151 <\/span><span style=\"font-weight: 400;\">itt<\/span><span style=\"font-weight: 400;\">.<\/span><\/p>\n<\/div><\/section><\/p><\/div>\n\n<style type=\"text\/css\" data-created_by=\"avia_inline_auto\" id=\"style-css-av-1cd5i3-760ad75bc22ce1c5900cd15379f5e695\">\n.flex_column.av-1cd5i3-760ad75bc22ce1c5900cd15379f5e695{\npadding:25px 25px 25px 25px;\n}\n<\/style>\n<div class='flex_column av-1cd5i3-760ad75bc22ce1c5900cd15379f5e695 av_one_third  avia-builder-el-16  el_after_av_one_third  el_before_av_one_third  no_margin flex_column_table_cell av-equal-height-column av-align-top '   ><p>\n<style type=\"text\/css\" data-created_by=\"avia_inline_auto\" id=\"style-css-av-l4voec19-06aa60ec041a4e863db3aff7b88104f5\">\n#top .av-special-heading.av-l4voec19-06aa60ec041a4e863db3aff7b88104f5{\npadding-bottom:10px;\n}\nbody .av-special-heading.av-l4voec19-06aa60ec041a4e863db3aff7b88104f5 .av-special-heading-tag .heading-char{\nfont-size:25px;\n}\n.av-special-heading.av-l4voec19-06aa60ec041a4e863db3aff7b88104f5 .av-subheading{\nfont-size:15px;\n}\n<\/style>\n<div  class='av-special-heading av-l4voec19-06aa60ec041a4e863db3aff7b88104f5 av-special-heading-h3 blockquote modern-quote  avia-builder-el-17  el_before_av_textblock  avia-builder-el-first '><h3 class='av-special-heading-tag'  itemprop=\"headline\"  >Kutat\u00e1s a gy\u0171jtem\u00e9nyekben:<\/h3><div class=\"special-heading-border\"><div class=\"special-heading-inner-border\"><\/div><\/div><\/div><br \/>\n<section  class='av_textblock_section av-l4voem8e-2d376cdee72c1f3acb258f6939b8a871'  itemscope=\"itemscope\" itemtype=\"https:\/\/schema.org\/CreativeWork\" ><div class='avia_textblock'  itemprop=\"text\" ><p><span style=\"font-weight: 400;\">A Duna M\u00fazeum k\u00f6zel 150 000 darabot sz\u00e1ml\u00e1l\u00f3 gy\u0171jtem\u00e9ny\u00e9ben m\u00e1r <a href=\"http:\/\/dunamuzeum.hu\/index.php\/digitalis-gyujtemeny\/\">online is b\u00f6ng\u00e9szhet<\/a><\/span><span style=\"font-weight: 400;\">! Amennyiben kutatni szeretne a m\u00fazeum gy\u0171jtem\u00e9nyeiben, k\u00e9rj\u00fck, tanulm\u00e1nyozza int\u00e9zm\u00e9ny\u00fcnk <\/span><a href=\"http:\/\/www.dunamuzeum.hu\/wp-content\/uploads\/2022\/06\/Kutatasi-szabalyzat_fejleces.pdf\"><span style=\"font-weight: 400;\">Kutat\u00e1si szab\u00e1lyzat<\/span><\/a><span style=\"font-weight: 400;\">\u00e1t.\u00a0<\/span><\/p>\n<p><span style=\"font-weight: 400;\">Kutat\u00e1si k\u00e9relm\u00e9t a <\/span><a href=\"http:\/\/www.dunamuzeum.hu\/wp-content\/uploads\/2022\/06\/Kutatasi-engedely_fejleces.pdf\"><span style=\"font-weight: 400;\">Kutat\u00e1si enged\u00e9ly <\/span><\/a><span style=\"font-weight: 400;\">\u00e9s a <\/span><a href=\"http:\/\/www.dunamuzeum.hu\/wp-content\/uploads\/2022\/06\/Kutatoi-nyilatkozat_fejleces.pdf\"><span style=\"font-weight: 400;\">Kutat\u00e1si nyilatkozat<\/span><\/a><span style=\"font-weight: 400;\">\u00a0egyidej\u0171 kit\u00f6lt\u00e9s\u00e9vel \u00e9s elk\u00fcld\u00e9s\u00e9vel ny\u00fajthatja be. A kit\u00f6lt\u00f6tt \u00e9s al\u00e1\u00edrt \u0171rlapokat <\/span><span style=\"font-weight: 400;\">juttassa el hozz\u00e1nk \u2013 elektronikus vagy postai lev\u00e9lben \u2013 a m\u00fazeum vezet\u0151j\u00e9nek c\u00edmezve. <\/span><span style=\"font-weight: 400;\">A kutat\u00e1si enged\u00e9ly megad\u00e1s\u00e1r\u00f3l e-mailen k\u00fcld\u00fcnk \u00e9rtes\u00edt\u00e9st.\u00a0<\/span><\/p>\n<p><span style=\"font-weight: 400;\">A kutat\u00e1si enged\u00e9ly megad\u00e1s\u00e1t k\u00f6vet\u0151en tud id\u0151pontot egyeztetni az enged\u00e9lyben megnevezett muzeol\u00f3gussal. Ekkor c\u00e9lszer\u0171 a kutatni k\u00edv\u00e1nt anyag jegyz\u00e9k\u00e9t el\u0151zetesen elk\u00fcldeni, hogy a muzeol\u00f3gusok az egyeztetett id\u0151pontra el\u0151k\u00e9sz\u00edthess\u00e9k a k\u00e9rt anyagokat. Ez jelent\u0151sen meggyors\u00edthatja a kutat\u00e1st.<\/span><\/p>\n<\/div><\/section><\/p><\/div>\n<style type=\"text\/css\" data-created_by=\"avia_inline_auto\" id=\"style-css-av-14c89n-1f12f07b1190fe3011d074185080acee\">\n.flex_column.av-14c89n-1f12f07b1190fe3011d074185080acee{\npadding:25px 25px 25px 25px;\nbackground-color:#e8edf3;\n}\n<\/style>\n<div class='flex_column av-14c89n-1f12f07b1190fe3011d074185080acee av_one_third  avia-builder-el-19  el_after_av_one_third  avia-builder-el-last  no_margin flex_column_table_cell av-equal-height-column av-align-top '   ><p>\n<style type=\"text\/css\" data-created_by=\"avia_inline_auto\" id=\"style-css-av-l4voeye3-35a46378842a0264341148db285e0f31\">\n#top .av-special-heading.av-l4voeye3-35a46378842a0264341148db285e0f31{\npadding-bottom:10px;\n}\nbody .av-special-heading.av-l4voeye3-35a46378842a0264341148db285e0f31 .av-special-heading-tag .heading-char{\nfont-size:25px;\n}\n.av-special-heading.av-l4voeye3-35a46378842a0264341148db285e0f31 .av-subheading{\nfont-size:15px;\n}\n<\/style>\n<div  class='av-special-heading av-l4voeye3-35a46378842a0264341148db285e0f31 av-special-heading-h3 blockquote modern-quote  avia-builder-el-20  el_before_av_textblock  avia-builder-el-first '><h3 class='av-special-heading-tag'  itemprop=\"headline\"  >Kutat\u00e1s a k\u00f6nyvt\u00e1rban:<\/h3><div class=\"special-heading-border\"><div class=\"special-heading-inner-border\"><\/div><\/div><\/div><br \/>\n<section  class='av_textblock_section av-l4vof9tc-7894a1e2031bf93974e90f7ad09b669c'  itemscope=\"itemscope\" itemtype=\"https:\/\/schema.org\/CreativeWork\" ><div class='avia_textblock'  itemprop=\"text\" ><p><span style=\"font-weight: 400;\">M\u00fazeumunk k\u00f6nyvt\u00e1ri gy\u0171jtem\u00e9ny\u00e9nek adatb\u00e1zisa <\/span><a href=\"http:\/\/0598.netlib.hu\/katalogus\"><span style=\"font-weight: 400;\">az interneten kereszt\u00fcl<\/span><\/a> <span style=\"font-weight: 400;\">is el\u00e9rhet\u0151, \u00edgy a kutat\u00f3k m\u00e1r el\u0151zetesen t\u00e1j\u00e9koz\u00f3dhatnak arr\u00f3l, van-e a k\u00f6nyvt\u00e1r \u00e1llom\u00e1ny\u00e1ban a kutat\u00e1si t\u00e9m\u00e1jukhoz kapcsol\u00f3d\u00f3 t\u00e1rgy\u00fa k\u00f6nyv, kiadv\u00e1ny.<\/span><\/p>\n<p><span style=\"font-weight: 400;\">A kiv\u00e1lasztott k\u00f6nyvek k\u00f6lcs\u00f6nz\u00e9s\u00e9re nincs lehet\u0151s\u00e9g, csup\u00e1n helyben olvashat\u00f3k. Amennyiben \u00e9lni k\u00edv\u00e1n a lehet\u0151s\u00e9ggel, k\u00e9rj\u00fck, hogy a kiv\u00e1lasztott k\u00f6nyv(ek) szerz\u0151j\u00e9t, c\u00edm\u00e9t \u00e9s rakt\u00e1ri jelzet\u00e9t tartalmaz\u00f3 list\u00e1val \u00e9s kutat\u00e1si k\u00e9relm\u00e9vel forduljon a m\u00fazeum igazgat\u00f3j\u00e1hoz.\u00a0<\/span><\/p>\n<\/div><\/section><\/p><\/div><\/div><!--close column table wrapper. Autoclose: 1 --><\/p>\n","protected":false},"excerpt":{"rendered":"","protected":false},"author":1,"featured_media":0,"parent":0,"menu_order":0,"comment_status":"closed","ping_status":"closed","template":"","meta":[],"_links":{"self":[{"href":"http:\/\/dunamuzeum.hu\/index.php\/wp-json\/wp\/v2\/pages\/227"}],"collection":[{"href":"http:\/\/dunamuzeum.hu\/index.php\/wp-json\/wp\/v2\/pages"}],"about":[{"href":"http:\/\/dunamuzeum.hu\/index.php\/wp-json\/wp\/v2\/types\/page"}],"author":[{"embeddable":true,"href":"http:\/\/dunamuzeum.hu\/index.php\/wp-json\/wp\/v2\/users\/1"}],"replies":[{"embeddable":true,"href":"http:\/\/dunamuzeum.hu\/index.php\/wp-json\/wp\/v2\/comments?post=227"}],"version-history":[{"count":28,"href":"http:\/\/dunamuzeum.hu\/index.php\/wp-json\/wp\/v2\/pages\/227\/revisions"}],"predecessor-version":[{"id":2517,"href":"http:\/\/dunamuzeum.hu\/index.php\/wp-json\/wp\/v2\/pages\/227\/revisions\/2517"}],"wp:attachment":[{"href":"http:\/\/dunamuzeum.hu\/index.php\/wp-json\/wp\/v2\/media?parent=227"}],"curies":[{"name":"wp","href":"https:\/\/api.w.org\/{rel}","templated":true}]}}