{"id":231,"date":"2021-06-25T14:36:17","date_gmt":"2021-06-25T12:36:17","guid":{"rendered":"http:\/\/dunamuzeum2.ovf.hu\/?page_id=231"},"modified":"2026-03-30T10:13:13","modified_gmt":"2026-03-30T08:13:13","slug":"tudnivalok-latogatoknak","status":"publish","type":"page","link":"http:\/\/dunamuzeum.hu\/index.php\/tudnivalok-latogatoknak\/","title":{"rendered":"Tudnival\u00f3k l\u00e1togat\u00f3knak"},"content":{"rendered":"<div id='av_section_1'  class='avia-section av-1s0c73-6d8d09031966c89b0ab807c7f826524a main_color avia-section-default avia-no-border-styling  avia-builder-el-0  el_before_av_section  avia-builder-el-first  avia-bg-style-scroll container_wrap fullsize'  ><div class='container av-section-cont-open' ><main  role=\"main\" itemprop=\"mainContentOfPage\"  class='template-page content  av-content-full alpha units'><div class='post-entry post-entry-type-page post-entry-231'><div class='entry-content-wrapper clearfix'>\n\n<style type=\"text\/css\" data-created_by=\"avia_inline_auto\" id=\"style-css-av-lajhxfzc-48dfcf634295bbbc03c8e8b2b6fbb89d\">\n#top .av-special-heading.av-lajhxfzc-48dfcf634295bbbc03c8e8b2b6fbb89d{\npadding-bottom:10px;\n}\nbody .av-special-heading.av-lajhxfzc-48dfcf634295bbbc03c8e8b2b6fbb89d .av-special-heading-tag .heading-char{\nfont-size:25px;\n}\n.av-special-heading.av-lajhxfzc-48dfcf634295bbbc03c8e8b2b6fbb89d .av-subheading{\nfont-size:15px;\n}\n<\/style>\n<div  class='av-special-heading av-lajhxfzc-48dfcf634295bbbc03c8e8b2b6fbb89d av-special-heading-h2 blockquote modern-quote  avia-builder-el-1  el_before_av_hr  avia-builder-el-first '><h2 class='av-special-heading-tag'  itemprop=\"headline\"  >Tudnival\u00f3k l\u00e1togat\u00f3knak<\/h2><div class=\"special-heading-border\"><div class=\"special-heading-inner-border\"><\/div><\/div><\/div>\n\n<style type=\"text\/css\" data-created_by=\"avia_inline_auto\" id=\"style-css-av-1e6aev-dfba251fa7ad332ed42018072b25726e\">\n#top .hr.hr-invisible.av-1e6aev-dfba251fa7ad332ed42018072b25726e{\nheight:50px;\n}\n<\/style>\n<div  class='hr av-1e6aev-dfba251fa7ad332ed42018072b25726e hr-invisible  avia-builder-el-2  el_after_av_heading  avia-builder-el-last '><span class='hr-inner '><span class=\"hr-inner-style\"><\/span><\/span><\/div>\n\n<\/div><\/div><\/main><!-- close content main element --><\/div><\/div><div id='av_section_2'  class='avia-section av-lakxf66c-15c60239ba4c912e9124b42f4d8944ae main_color avia-section-large avia-no-border-styling  avia-builder-el-3  el_after_av_section  el_before_av_section  avia-bg-style-scroll container_wrap fullsize'  ><div class='container av-section-cont-open' ><div class='template-page content  av-content-full alpha units'><div class='post-entry post-entry-type-page post-entry-231'><div class='entry-content-wrapper clearfix'>\n<div class='flex_column av-gx7i7-9f8ca6aab24e216794d0c7bff125bcc1 av_two_third  avia-builder-el-4  avia-builder-el-no-sibling  first flex_column_div '   ><p>\n<style type=\"text\/css\" data-created_by=\"avia_inline_auto\" id=\"style-css-av-lajhz4lh-4c49d69fca1cb7c178846782a89b69c4\">\n#top .av-special-heading.av-lajhz4lh-4c49d69fca1cb7c178846782a89b69c4{\npadding-bottom:10px;\n}\nbody .av-special-heading.av-lajhz4lh-4c49d69fca1cb7c178846782a89b69c4 .av-special-heading-tag .heading-char{\nfont-size:25px;\n}\n.av-special-heading.av-lajhz4lh-4c49d69fca1cb7c178846782a89b69c4 .av-subheading{\nfont-size:15px;\n}\n<\/style>\n<div  class='av-special-heading av-lajhz4lh-4c49d69fca1cb7c178846782a89b69c4 av-special-heading-h3 blockquote modern-quote  avia-builder-el-5  el_before_av_textblock  avia-builder-el-first '><h3 class='av-special-heading-tag'  itemprop=\"headline\"  >Tisztelt L\u00e1togat\u00f3k!<\/h3><div class=\"special-heading-border\"><div class=\"special-heading-inner-border\"><\/div><\/div><\/div><br \/>\n<section  class='av_textblock_section av-lakxc46x-61c852544bc891e028b97a748d7d514c'  itemscope=\"itemscope\" itemtype=\"https:\/\/schema.org\/CreativeWork\" ><div class='avia_textblock'  itemprop=\"text\" ><p>Az \u00e1lland\u00f3 ki\u00e1ll\u00edt\u00e1st \u00e9s a L\u00e1tv\u00e1nyt\u00e1rat \u00d6n\u00f6knek k\u00e9sz\u00edtett\u00fck, k\u00f6z\u00f6s \u00fcgy\u00fcnk, hogy sok\u00e1ig fenntarthat\u00f3 legyen. K\u00e9rj\u00fck, vegy\u00e9k figyelembe az al\u00e1bbi szab\u00e1lyokat:<\/p>\n<\/div><\/section><\/p><\/div>\n\n<\/div><\/div><\/div><!-- close content main div --><\/div><\/div><div id='av_section_3'  class='avia-section av-1k1lnz-2bd0b3a7eaec9471c67164c5bc84366a main_color avia-section-default avia-no-border-styling  avia-builder-el-7  el_after_av_section  el_before_av_one_third  avia-bg-style-scroll container_wrap fullsize'  ><div class='container av-section-cont-open' ><div class='template-page content  av-content-full alpha units'><div class='post-entry post-entry-type-page post-entry-231'><div class='entry-content-wrapper clearfix'>\n<div class='flex_column av-15lu8v-4db3d01a8ece1f4acf70d3f63fdeb771 av_one_third  avia-builder-el-8  el_before_av_one_third  avia-builder-el-first  first flex_column_div '   ><p>\n<style type=\"text\/css\" data-created_by=\"avia_inline_auto\" id=\"style-css-av-laji0c63-7bef68eb07860d8eeb82dd84d79ab41d\">\n#top .av-special-heading.av-laji0c63-7bef68eb07860d8eeb82dd84d79ab41d{\npadding-bottom:10px;\n}\nbody .av-special-heading.av-laji0c63-7bef68eb07860d8eeb82dd84d79ab41d .av-special-heading-tag .heading-char{\nfont-size:25px;\n}\n.av-special-heading.av-laji0c63-7bef68eb07860d8eeb82dd84d79ab41d .av-subheading{\nfont-size:15px;\n}\n<\/style>\n<div  class='av-special-heading av-laji0c63-7bef68eb07860d8eeb82dd84d79ab41d av-special-heading-h3 blockquote modern-quote  avia-builder-el-9  el_before_av_textblock  avia-builder-el-first '><h3 class='av-special-heading-tag'  itemprop=\"headline\"  >Akad\u00e1lymentess\u00e9g<\/h3><div class=\"special-heading-border\"><div class=\"special-heading-inner-border\"><\/div><\/div><\/div><br \/>\n<section  class='av_textblock_section av-laji00kq-067fef7e348007856b421f0d9d19a322'  itemscope=\"itemscope\" itemtype=\"https:\/\/schema.org\/CreativeWork\" ><div class='avia_textblock'  itemprop=\"text\" ><div class=\"html-div xdj266r x14z9mp xat24cr x1lziwak xexx8yu xyri2b x18d9i69 x1c1uobl\">\n<div class=\"html-div xdj266r x14z9mp xat24cr x1lziwak xexx8yu xyri2b x18d9i69 x1c1uobl\" dir=\"auto\">\n<div class=\"html-div xdj266r x14z9mp xat24cr x1lziwak xexx8yu xyri2b x18d9i69 x1c1uobl\" data-ad-rendering-role=\"story_message\">\n<div id=\"_r_5u_\" class=\"x1iorvi4 xjkvuk6 x1g0dm76 xpdmqnj\" data-ad-comet-preview=\"message\" data-ad-preview=\"message\">\n<div class=\"x78zum5 xdt5ytf xz62fqu x16ldp7u\">\n<div class=\"xu06os2 x1ok221b\">\n<div class=\"html-div xdj266r x14z9mp xat24cr x1lziwak xexx8yu xyri2b x18d9i69 x1c1uobl\">\n<div class=\"xdj266r x14z9mp xat24cr x1lziwak x1vvkbs x126k92a\">\n<div dir=\"auto\"><\/div>\n<\/div>\n<div class=\"x14z9mp xat24cr x1lziwak x1vvkbs xtlvy1s x126k92a\"><\/div>\n<\/div>\n<\/div>\n<\/div>\n<\/div>\n<\/div>\n<\/div>\n<\/div>\n<p>A m\u00fazeum akad\u00e1lymentesen l\u00e1togathat\u00f3, a kerekessz\u00e9kkel \u00e9rkez\u0151 \u00e9s a nehezen mozg\u00f3 l\u00e1togat\u00f3k l\u00e9pcs\u0151lift ig\u00e9nybev\u00e9tel\u00e9vel juthatnak fel a ki\u00e1ll\u00edt\u00e1sba.<\/p>\n<p><strong>A vakvezet\u0151 kuty\u00e1k term\u00e9szetesen sz\u00edvesen l\u00e1tott vend\u00e9geink.<\/strong><\/p>\n<\/div><\/section><\/p><\/div><div class='flex_column av-wxqwn-5cc6ba76ba1f2269b1839a3039585011 av_one_third  avia-builder-el-11  el_after_av_one_third  el_before_av_one_third  flex_column_div '   ><p>\n<style type=\"text\/css\" data-created_by=\"avia_inline_auto\" id=\"style-css-av-laji0ue2-930e8938ad9466968a3899240d9bb92e\">\n#top .av-special-heading.av-laji0ue2-930e8938ad9466968a3899240d9bb92e{\npadding-bottom:10px;\n}\nbody .av-special-heading.av-laji0ue2-930e8938ad9466968a3899240d9bb92e .av-special-heading-tag .heading-char{\nfont-size:25px;\n}\n.av-special-heading.av-laji0ue2-930e8938ad9466968a3899240d9bb92e .av-subheading{\nfont-size:15px;\n}\n<\/style>\n<div  class='av-special-heading av-laji0ue2-930e8938ad9466968a3899240d9bb92e av-special-heading-h3 blockquote modern-quote  avia-builder-el-12  el_before_av_textblock  avia-builder-el-first '><h3 class='av-special-heading-tag'  itemprop=\"headline\"  >Ruhat\u00e1r<\/h3><div class=\"special-heading-border\"><div class=\"special-heading-inner-border\"><\/div><\/div><\/div><br \/>\n<section  class='av_textblock_section av-laji11aw-0c100cc63c1e7dd8c796696672b6d565'  itemscope=\"itemscope\" itemtype=\"https:\/\/schema.org\/CreativeWork\" ><div class='avia_textblock'  itemprop=\"text\" ><p>A ruhat\u00e1r haszn\u00e1lata ingyenes \u00e9s k\u00f6telez\u0151. K\u00e9rj\u00fck, hogy sz\u00edveskedjenek a ruhat\u00e1rban hagyni a nagyobb m\u00e9ret\u0171 csomagot (30\u00d740\u00d720cm felett), h\u00e1tizs\u00e1kot, eserny\u0151t, \u00e9telt \u00e9s italt. K\u00e9rj\u00fck, ne vigyenek be olyan eszk\u00f6z\u00f6ket, amelyek a l\u00e1togat\u00f3k, a munkat\u00e1rsak, a m\u0171t\u00e1rgyak \u00e9s az install\u00e1ci\u00f3 \u00e9ps\u00e9g\u00e9t vesz\u00e9lyeztetik. Ker\u00e9kp\u00e1r, roller sz\u00e1m\u00e1ra t\u00e1rol\u00f3 az udvarban tal\u00e1lhat\u00f3.<\/p>\n<\/div><\/section><\/p><\/div><div class='flex_column av-sov1r-5fcf562b94d61b7791cc732203866f95 av_one_third  avia-builder-el-14  el_after_av_one_third  el_before_av_one_third  flex_column_div '   ><p>\n<style type=\"text\/css\" data-created_by=\"avia_inline_auto\" id=\"style-css-av-laji1iz5-b2b12083a9aeb0fce17bd1ceec0b4ed5\">\n#top .av-special-heading.av-laji1iz5-b2b12083a9aeb0fce17bd1ceec0b4ed5{\npadding-bottom:10px;\n}\nbody .av-special-heading.av-laji1iz5-b2b12083a9aeb0fce17bd1ceec0b4ed5 .av-special-heading-tag .heading-char{\nfont-size:25px;\n}\n.av-special-heading.av-laji1iz5-b2b12083a9aeb0fce17bd1ceec0b4ed5 .av-subheading{\nfont-size:15px;\n}\n<\/style>\n<div  class='av-special-heading av-laji1iz5-b2b12083a9aeb0fce17bd1ceec0b4ed5 av-special-heading-h3 blockquote modern-quote  avia-builder-el-15  el_before_av_textblock  avia-builder-el-first '><h3 class='av-special-heading-tag'  itemprop=\"headline\"  >F\u00e9nyk\u00e9pez\u00e9s, vide\u00f3z\u00e1s<\/h3><div class=\"special-heading-border\"><div class=\"special-heading-inner-border\"><\/div><\/div><\/div><br \/>\n<section  class='av_textblock_section av-lakx9fjb-2d15533db48cf4a1e39f69f091ef2809'  itemscope=\"itemscope\" itemtype=\"https:\/\/schema.org\/CreativeWork\" ><div class='avia_textblock'  itemprop=\"text\" ><p class=\"font_8\">F\u00e9nyk\u00e9p \u00e9s vide\u00f3felv\u00e9tel szem\u00e9lyes c\u00e9lokra enged\u00e9ly n\u00e9lk\u00fcl k\u00e9sz\u00edthet\u0151.<\/p>\n<p><strong><a href=\"http:\/\/dunamuzeum.hu\/index.php?option=com_content&amp;view=article&amp;id=37:adatkezelesi-tajekoztato&amp;catid=9:kategoria-hu-hu&amp;lang=hu-HU\">Adatkezel\u00e9si t\u00e1j\u00e9koztat\u00f3 kamer\u00e1s megfigyel\u00e9sr\u0151l.<\/a><\/strong><\/p>\n<\/div><\/section><\/p><\/div><div class='flex_column av-j3mt3-7db989d0018be4d5f1c2e23792c7dbce av_one_third  avia-builder-el-17  el_after_av_one_third  el_before_av_one_third  first flex_column_div column-top-margin'   ><p>\n<style type=\"text\/css\" data-created_by=\"avia_inline_auto\" id=\"style-css-av-lakx9vhn-b033a5c96a9cafa4048cae7dad923f50\">\n#top .av-special-heading.av-lakx9vhn-b033a5c96a9cafa4048cae7dad923f50{\npadding-bottom:10px;\n}\nbody .av-special-heading.av-lakx9vhn-b033a5c96a9cafa4048cae7dad923f50 .av-special-heading-tag .heading-char{\nfont-size:25px;\n}\n.av-special-heading.av-lakx9vhn-b033a5c96a9cafa4048cae7dad923f50 .av-subheading{\nfont-size:15px;\n}\n<\/style>\n<div  class='av-special-heading av-lakx9vhn-b033a5c96a9cafa4048cae7dad923f50 av-special-heading-h3 blockquote modern-quote  avia-builder-el-18  el_before_av_textblock  avia-builder-el-first '><h3 class='av-special-heading-tag'  itemprop=\"headline\"  >L\u00e1togat\u00e1s kisgyermekkel<\/h3><div class=\"special-heading-border\"><div class=\"special-heading-inner-border\"><\/div><\/div><\/div><br \/>\n<section  class='av_textblock_section av-lakx9oki-23c40f8c0064ab3fdb9f218b5fd0de59'  itemscope=\"itemscope\" itemtype=\"https:\/\/schema.org\/CreativeWork\" ><div class='avia_textblock'  itemprop=\"text\" ><p class=\"font_8\">A ki\u00e1ll\u00edt\u00e1s l\u00e1togathat\u00f3 babakocsival, amennyiben a kisgyermek m\u00e9g nem tud \u00f6n\u00e1ll\u00f3an k\u00f6zlekedni. A pelenk\u00e1z\u00f3 kulcs\u00e1t a p\u00e9nzt\u00e1rban lehet elk\u00e9rni.<\/p>\n<\/div><\/section><br \/>\n<section  class='av_textblock_section av-lmbvncnv-ac4e94045da6c36e0e24068263c63558'  itemscope=\"itemscope\" itemtype=\"https:\/\/schema.org\/CreativeWork\" ><div class='avia_textblock'  itemprop=\"text\" ><p><strong><a href=\"http:\/\/dunamuzeum.hu\/index.php\/2023\/09\/09\/csaladbarat-muzeum\/\">CSAL\u00c1DBAR\u00c1T M\u00daZEUM!<\/a><br \/>\n<\/strong><\/p>\n<\/div><\/section><\/p><\/div><div class='flex_column av-dvgvz-919ebd10dd2268bac913649064d204f6 av_one_third  avia-builder-el-21  el_after_av_one_third  el_before_av_one_third  flex_column_div column-top-margin'   ><p>\n<style type=\"text\/css\" data-created_by=\"avia_inline_auto\" id=\"style-css-av-lakxac5g-80a030ba261518f59362575f1206330e\">\n#top .av-special-heading.av-lakxac5g-80a030ba261518f59362575f1206330e{\npadding-bottom:10px;\n}\nbody .av-special-heading.av-lakxac5g-80a030ba261518f59362575f1206330e .av-special-heading-tag .heading-char{\nfont-size:25px;\n}\n.av-special-heading.av-lakxac5g-80a030ba261518f59362575f1206330e .av-subheading{\nfont-size:15px;\n}\n<\/style>\n<div  class='av-special-heading av-lakxac5g-80a030ba261518f59362575f1206330e av-special-heading-h3 blockquote modern-quote  avia-builder-el-22  el_before_av_textblock  avia-builder-el-first '><h3 class='av-special-heading-tag'  itemprop=\"headline\"  >Csoportos l\u00e1togat\u00e1s<\/h3><div class=\"special-heading-border\"><div class=\"special-heading-inner-border\"><\/div><\/div><\/div><br \/>\n<section  class='av_textblock_section av-lakxajn1-ee87e5d23d8e7dc52b0e6d30f659df84'  itemscope=\"itemscope\" itemtype=\"https:\/\/schema.org\/CreativeWork\" ><div class='avia_textblock'  itemprop=\"text\" ><p>K\u00e9rj\u00fck, el\u0151re jelezz\u00e9k a csoportos l\u00e1togat\u00e1st! A l\u00e1togat\u00f3k maxim\u00e1lis l\u00e9tsz\u00e1ma egy id\u0151ben az \u00e1lland\u00f3 ki\u00e1ll\u00edt\u00f3t\u00e9rben 100 f\u0151, a L\u00e1tv\u00e1nyt\u00e1rban 15 f\u0151. El\u0151re egyeztetett id\u0151pont eset\u00e9n elker\u00fclhetik az esetleges v\u00e1rakoz\u00e1st.<\/p>\n<p>A m\u00fazeumpedag\u00f3giai foglalkoz\u00e1sokon r\u00e9sztvev\u0151k sz\u00e1ma a foglalkoz\u00e1s jelleg\u00e9t\u0151l f\u00fcgg\u0151en 12 &#8211; 25 f\u0151.<br \/>\nItt t\u00e1j\u00e9koz\u00f3dhatnak a r\u00e9szletekr\u0151l: (<a href=\"http:\/\/dunamuzeum.hu\/index.php\/tudnivalok\/\">m\u00fazeumpedag\u00f3gia tudnival\u00f3k<\/a>)<\/p>\n<p>A csoportok az egy\u00e9ni l\u00e1togat\u00f3kra \u00e9rv\u00e9nyes szab\u00e1lyok mellett tart\u00f3zkodhatnak a m\u00fazeum z\u00e1rt tereiben. A sok \u00e9rinthet\u0151 fel\u00fclet miatt javasoljuk a bej\u00e1ratn\u00e1l elhelyezett k\u00e9zfert\u0151tlen\u00edt\u0151 haszn\u00e1lat\u00e1t.<\/p>\n<\/div><\/section><\/p><\/div><div class='flex_column av-atu4n-9b09101ebce63e95fe5648a243a22801 av_one_third  avia-builder-el-24  el_after_av_one_third  el_before_av_promobox  flex_column_div column-top-margin'   ><p>\n<style type=\"text\/css\" data-created_by=\"avia_inline_auto\" id=\"style-css-av-lakxay8u-61d5968097b4c7459e479c1dfd2b0195\">\n#top .av-special-heading.av-lakxay8u-61d5968097b4c7459e479c1dfd2b0195{\npadding-bottom:10px;\n}\nbody .av-special-heading.av-lakxay8u-61d5968097b4c7459e479c1dfd2b0195 .av-special-heading-tag .heading-char{\nfont-size:25px;\n}\n.av-special-heading.av-lakxay8u-61d5968097b4c7459e479c1dfd2b0195 .av-subheading{\nfont-size:15px;\n}\n<\/style>\n<div  class='av-special-heading av-lakxay8u-61d5968097b4c7459e479c1dfd2b0195 av-special-heading-h3 blockquote modern-quote  avia-builder-el-25  el_before_av_textblock  avia-builder-el-first '><h3 class='av-special-heading-tag'  itemprop=\"headline\"  >Doh\u00e1nyz\u00e1s<\/h3><div class=\"special-heading-border\"><div class=\"special-heading-inner-border\"><\/div><\/div><\/div><br \/>\n<section  class='av_textblock_section av-lakxb1ma-abdf086170a9a3eb258e098d35ca0a3b'  itemscope=\"itemscope\" itemtype=\"https:\/\/schema.org\/CreativeWork\" ><div class='avia_textblock'  itemprop=\"text\" ><p class=\"font_8\">A M\u00fazeum eg\u00e9sz ter\u00fclet\u00e9n tilos a doh\u00e1nyz\u00e1s.<\/p>\n<\/div><\/section><\/p><\/div><div  class='av_promobox av-lajhy6h9-221c5b50151b0c4c8feb578d247276a7 avia-button-no  avia-builder-el-27  el_after_av_one_third  avia-builder-el-last '><div class='avia-promocontent'><p class=\"font_8\">A hangoskod\u00e1s, szaladg\u00e1l\u00e1s zavarhat m\u00e1sokat, k\u00e9rj\u00fck, legyenek tekintettel egym\u00e1sra.<\/p>\n<p class=\"font_8\">K\u00f6sz\u00f6nj\u00fck az egy\u00fcttm\u0171k\u00f6d\u00e9st!<\/p>\n<\/div><\/div>\n<\/div><\/div><\/div><!-- close content main div --><\/div><\/div><div id='after_section_3'  class='main_color av_default_container_wrap container_wrap fullsize'  ><div class='container av-section-cont-open' ><div class='template-page content  av-content-full alpha units'><div class='post-entry post-entry-type-page post-entry-231'><div class='entry-content-wrapper clearfix'><div class='flex_column av-92vxb-95cce710e7db560ed7c66a8e614f1819 av_one_third  avia-builder-el-28  el_after_av_section  avia-builder-el-no-sibling  first flex_column_div '   ><\/div><\/p>\n","protected":false},"excerpt":{"rendered":"","protected":false},"author":1,"featured_media":0,"parent":0,"menu_order":0,"comment_status":"closed","ping_status":"closed","template":"","meta":[],"_links":{"self":[{"href":"http:\/\/dunamuzeum.hu\/index.php\/wp-json\/wp\/v2\/pages\/231"}],"collection":[{"href":"http:\/\/dunamuzeum.hu\/index.php\/wp-json\/wp\/v2\/pages"}],"about":[{"href":"http:\/\/dunamuzeum.hu\/index.php\/wp-json\/wp\/v2\/types\/page"}],"author":[{"embeddable":true,"href":"http:\/\/dunamuzeum.hu\/index.php\/wp-json\/wp\/v2\/users\/1"}],"replies":[{"embeddable":true,"href":"http:\/\/dunamuzeum.hu\/index.php\/wp-json\/wp\/v2\/comments?post=231"}],"version-history":[{"count":20,"href":"http:\/\/dunamuzeum.hu\/index.php\/wp-json\/wp\/v2\/pages\/231\/revisions"}],"predecessor-version":[{"id":3349,"href":"http:\/\/dunamuzeum.hu\/index.php\/wp-json\/wp\/v2\/pages\/231\/revisions\/3349"}],"wp:attachment":[{"href":"http:\/\/dunamuzeum.hu\/index.php\/wp-json\/wp\/v2\/media?parent=231"}],"curies":[{"name":"wp","href":"https:\/\/api.w.org\/{rel}","templated":true}]}}