{"id":249,"date":"2021-06-25T15:20:16","date_gmt":"2021-06-25T13:20:16","guid":{"rendered":"http:\/\/dunamuzeum2.ovf.hu\/?page_id=249"},"modified":"2024-07-29T10:47:22","modified_gmt":"2024-07-29T08:47:22","slug":"muzeumpedagogia-felso-tagozatosoknak-kozepiskolasoknak","status":"publish","type":"page","link":"http:\/\/dunamuzeum.hu\/index.php\/muzeumpedagogia-felso-tagozatosoknak-kozepiskolasoknak\/","title":{"rendered":"M\u00fazeumpedag\u00f3gia fels\u0151 tagozatosoknak\/k\u00f6z\u00e9piskol\u00e1soknak"},"content":{"rendered":"<div  id=\"av-sc-portfolio-1\"  class=\"av-portfolio-grid-sorting-container\"><div class='sort_width_container  av-sort-yes' data-portfolio-id='1' ><div id='js_sort_items' ><div class='sort_by_cat hidden'><a href=\"#\" data-filter=\"all_sort\" class=\"all_sort_button active_sort\"><span class=\"inner_sort_button\"><span>Mind<\/span><small class=\"av-cat-count\"> 7 <\/small><\/span><\/a><span class=\"text-sep muzeumpedagogia-felso-tagozatosoknak-es-kozepiskolasoknak_sort_sep\">\/<\/span><a href=\"#\" data-filter=\"muzeumpedagogia-felso-tagozatosoknak-es-kozepiskolasoknak_sort\" class=\"muzeumpedagogia-felso-tagozatosoknak-es-kozepiskolasoknak_sort_button\" ><span class=\"inner_sort_button\"><span>M\u00fazeumpedag\u00f3gia fels\u0151 tagozatosoknak \u00e9s k\u00f6z\u00e9piskol\u00e1soknak<\/span><small class=\"av-cat-count\"> 7 <\/small><\/span><\/a><\/div><\/div><\/div><div  class=' grid-sort-container isotope   no_margin-container with-title-container grid-total-odd grid-col-3 grid-links-' data-portfolio-id='1'><div data-ajax-id='2903' class=' grid-entry flex_column isotope-item all_sort no_margin post-entry post-entry-2903 grid-entry-overview grid-loop-1 grid-parity-odd  muzeumpedagogia-felnotteknek_sort muzeumpedagogia-felso-tagozatosoknak-es-kozepiskolasoknak_sort  av_one_third first default_av_fullwidth '><article class='main_color inner-entry'  itemscope=\"itemscope\" itemtype=\"https:\/\/schema.org\/CreativeWork\" ><a href=\"http:\/\/dunamuzeum.hu\/index.php\/portfolio-item\/az-alom-vege-klimavaltozas-az-ember-tragediajaban-es-ma\/\" title='Az \u00e1lom v\u00e9ge? Kl\u00edmav\u00e1ltoz\u00e1s Az ember trag\u00e9di\u00e1j\u00e1ban \u00e9s ma'  data-rel='grid-1' class='grid-image avia-hover-fx'> <img width=\"400\" height=\"400\" src=\"http:\/\/dunamuzeum.hu\/wp-content\/uploads\/2025\/07\/az-alom-vege.jpg\" class=\"wp-image-3086 avia-img-lazy-loading-not-3086 attachment-portfolio size-portfolio wp-post-image\" alt=\"Az \u00e1lom v\u00e9ge? Kl\u00edmav\u00e1ltoz\u00e1s Az ember trag\u00e9di\u00e1j\u00e1ban \u00e9s ma\" decoding=\"async\" \/><\/a><div class='grid-content'><div class='avia-arrow'><\/div><header class=\"entry-content-header\"><h3 class='grid-entry-title entry-title '  itemprop=\"headline\" ><a href='http:\/\/dunamuzeum.hu\/index.php\/portfolio-item\/az-alom-vege-klimavaltozas-az-ember-tragediajaban-es-ma\/' title='Az \u00e1lom v\u00e9ge? Kl\u00edmav\u00e1ltoz\u00e1s Az ember trag\u00e9di\u00e1j\u00e1ban \u00e9s ma'>Az \u00e1lom v\u00e9ge? Kl\u00edmav\u00e1ltoz\u00e1s Az ember trag\u00e9di\u00e1j\u00e1ban \u00e9s ma<\/a><\/h3><\/header><\/div><footer class=\"entry-footer\"><\/footer><\/article><\/div><div data-ajax-id='435' class=' grid-entry flex_column isotope-item all_sort no_margin post-entry post-entry-435 grid-entry-overview grid-loop-2 grid-parity-even  muzeumpedagogia-felso-tagozatosoknak-es-kozepiskolasoknak_sort  av_one_third  default_av_fullwidth '><article class='main_color inner-entry'  itemscope=\"itemscope\" itemtype=\"https:\/\/schema.org\/CreativeWork\" ><a href=\"http:\/\/dunamuzeum.hu\/index.php\/portfolio-item\/te-mekkora-labon-elsz-az-okologiai-labnyom\/\" title='L\u00e1bnyomaink nyom\u00e1ban  Interakt\u00edv \u00f6ko-nyomoz\u00e1s saj\u00e1t v\u00edz \u00e9s \u00f6ko-l\u00e1bnyomunk ut\u00e1n'  data-rel='grid-1' class='grid-image avia-hover-fx'> <img width=\"400\" height=\"400\" src=\"http:\/\/dunamuzeum.hu\/wp-content\/uploads\/2021\/07\/Te-mekkora-la\u0301bon-e\u0301lsz.jpg\" class=\"wp-image-283 avia-img-lazy-loading-not-283 attachment-portfolio size-portfolio wp-post-image\" alt=\"\" decoding=\"async\" srcset=\"http:\/\/dunamuzeum.hu\/wp-content\/uploads\/2021\/07\/Te-mekkora-la\u0301bon-e\u0301lsz.jpg 600w, http:\/\/dunamuzeum.hu\/wp-content\/uploads\/2021\/07\/Te-mekkora-la\u0301bon-e\u0301lsz-150x150.jpg 150w, http:\/\/dunamuzeum.hu\/wp-content\/uploads\/2021\/07\/Te-mekkora-la\u0301bon-e\u0301lsz-300x300.jpg 300w\" sizes=\"(max-width: 400px) 100vw, 400px\" \/><\/a><div class='grid-content'><div class='avia-arrow'><\/div><header class=\"entry-content-header\"><h3 class='grid-entry-title entry-title '  itemprop=\"headline\" ><a href='http:\/\/dunamuzeum.hu\/index.php\/portfolio-item\/te-mekkora-labon-elsz-az-okologiai-labnyom\/' title='L\u00e1bnyomaink nyom\u00e1ban  Interakt\u00edv \u00f6ko-nyomoz\u00e1s saj\u00e1t v\u00edz \u00e9s \u00f6ko-l\u00e1bnyomunk ut\u00e1n'>L\u00e1bnyomaink nyom\u00e1ban  Interakt\u00edv \u00f6ko-nyomoz\u00e1s saj\u00e1t v\u00edz \u00e9s \u00f6ko-l\u00e1bnyomunk ut\u00e1n<\/a><\/h3><\/header><\/div><footer class=\"entry-footer\"><\/footer><\/article><\/div><div data-ajax-id='451' class=' grid-entry flex_column isotope-item all_sort no_margin post-entry post-entry-451 grid-entry-overview grid-loop-3 grid-parity-odd  muzeumpedagogia-felso-tagozatosoknak-es-kozepiskolasoknak_sort  av_one_third  default_av_fullwidth '><article class='main_color inner-entry'  itemscope=\"itemscope\" itemtype=\"https:\/\/schema.org\/CreativeWork\" ><a href=\"http:\/\/dunamuzeum.hu\/index.php\/portfolio-item\/milyen-ugyei-vannak-a-viznek\/\" title='Milyen \u00fcgyei vannak a v\u00edznek?  V\u00edz\u00fcgyi gyorstalpal\u00f3 a &#8222;lefoly\u00f3&#8221; vizek orsz\u00e1g\u00e1ban'  data-rel='grid-1' class='grid-image avia-hover-fx'> <img width=\"400\" height=\"400\" src=\"http:\/\/dunamuzeum.hu\/wp-content\/uploads\/2021\/07\/Tavaszi-sze\u0301l-vizet-a\u0301raszt.jpg\" class=\"wp-image-282 avia-img-lazy-loading-not-282 attachment-portfolio size-portfolio wp-post-image\" alt=\"\" decoding=\"async\" srcset=\"http:\/\/dunamuzeum.hu\/wp-content\/uploads\/2021\/07\/Tavaszi-sze\u0301l-vizet-a\u0301raszt.jpg 600w, http:\/\/dunamuzeum.hu\/wp-content\/uploads\/2021\/07\/Tavaszi-sze\u0301l-vizet-a\u0301raszt-150x150.jpg 150w, http:\/\/dunamuzeum.hu\/wp-content\/uploads\/2021\/07\/Tavaszi-sze\u0301l-vizet-a\u0301raszt-300x300.jpg 300w\" sizes=\"(max-width: 400px) 100vw, 400px\" \/><\/a><div class='grid-content'><div class='avia-arrow'><\/div><header class=\"entry-content-header\"><h3 class='grid-entry-title entry-title '  itemprop=\"headline\" ><a href='http:\/\/dunamuzeum.hu\/index.php\/portfolio-item\/milyen-ugyei-vannak-a-viznek\/' title='Milyen \u00fcgyei vannak a v\u00edznek?  V\u00edz\u00fcgyi gyorstalpal\u00f3 a &#8222;lefoly\u00f3&#8221; vizek orsz\u00e1g\u00e1ban'>Milyen \u00fcgyei vannak a v\u00edznek?  V\u00edz\u00fcgyi gyorstalpal\u00f3 a &#8222;lefoly\u00f3&#8221; vizek orsz\u00e1g\u00e1ban<\/a><\/h3><\/header><\/div><footer class=\"entry-footer\"><\/footer><\/article><\/div><div data-ajax-id='433' class=' grid-entry flex_column isotope-item all_sort no_margin post-entry post-entry-433 grid-entry-overview grid-loop-4 grid-parity-even  muzeumpedagogia-felso-tagozatosoknak-es-kozepiskolasoknak_sort  av_one_third first default_av_fullwidth '><article class='main_color inner-entry'  itemscope=\"itemscope\" itemtype=\"https:\/\/schema.org\/CreativeWork\" ><a href=\"http:\/\/dunamuzeum.hu\/index.php\/portfolio-item\/nem-minden-hulladek-szemet\/\" title='Nem minden hullad\u00e9k szem\u00e9t &#8230; avagy hogyan lehet\u00fcnk Zero Hero-k?'  data-rel='grid-1' class='grid-image avia-hover-fx'> <img width=\"400\" height=\"400\" src=\"http:\/\/dunamuzeum.hu\/wp-content\/uploads\/2021\/07\/Nem-minden-hullade\u0301k-szeme\u0301t.jpg\" class=\"wp-image-292 avia-img-lazy-loading-not-292 attachment-portfolio size-portfolio wp-post-image\" alt=\"\" decoding=\"async\" srcset=\"http:\/\/dunamuzeum.hu\/wp-content\/uploads\/2021\/07\/Nem-minden-hullade\u0301k-szeme\u0301t.jpg 600w, http:\/\/dunamuzeum.hu\/wp-content\/uploads\/2021\/07\/Nem-minden-hullade\u0301k-szeme\u0301t-150x150.jpg 150w, http:\/\/dunamuzeum.hu\/wp-content\/uploads\/2021\/07\/Nem-minden-hullade\u0301k-szeme\u0301t-300x300.jpg 300w\" sizes=\"(max-width: 400px) 100vw, 400px\" \/><\/a><div class='grid-content'><div class='avia-arrow'><\/div><header class=\"entry-content-header\"><h3 class='grid-entry-title entry-title '  itemprop=\"headline\" ><a href='http:\/\/dunamuzeum.hu\/index.php\/portfolio-item\/nem-minden-hulladek-szemet\/' title='Nem minden hullad\u00e9k szem\u00e9t &#8230; avagy hogyan lehet\u00fcnk Zero Hero-k?'>Nem minden hullad\u00e9k szem\u00e9t &#8230; avagy hogyan lehet\u00fcnk Zero Hero-k?<\/a><\/h3><\/header><\/div><footer class=\"entry-footer\"><\/footer><\/article><\/div><div data-ajax-id='431' class=' grid-entry flex_column isotope-item all_sort no_margin post-entry post-entry-431 grid-entry-overview grid-loop-5 grid-parity-odd  muzeumpedagogia-felso-tagozatosoknak-es-kozepiskolasoknak_sort  av_one_third  default_av_fullwidth '><article class='main_color inner-entry'  itemscope=\"itemscope\" itemtype=\"https:\/\/schema.org\/CreativeWork\" ><a href=\"http:\/\/dunamuzeum.hu\/index.php\/portfolio-item\/papirmalomtol-az-ujra-papirig\/\" title='Pap\u00edrmalomt\u00f3l az \u00fajrapap\u00edrig'  data-rel='grid-1' class='grid-image avia-hover-fx'> <img width=\"400\" height=\"400\" src=\"http:\/\/dunamuzeum.hu\/wp-content\/uploads\/2021\/07\/Papi\u0301rmalomto\u0301l-az-u\u0301jra-papi\u0301rig.jpg\" class=\"wp-image-291 avia-img-lazy-loading-not-291 attachment-portfolio size-portfolio wp-post-image\" alt=\"\" decoding=\"async\" srcset=\"http:\/\/dunamuzeum.hu\/wp-content\/uploads\/2021\/07\/Papi\u0301rmalomto\u0301l-az-u\u0301jra-papi\u0301rig.jpg 600w, http:\/\/dunamuzeum.hu\/wp-content\/uploads\/2021\/07\/Papi\u0301rmalomto\u0301l-az-u\u0301jra-papi\u0301rig-150x150.jpg 150w, http:\/\/dunamuzeum.hu\/wp-content\/uploads\/2021\/07\/Papi\u0301rmalomto\u0301l-az-u\u0301jra-papi\u0301rig-300x300.jpg 300w\" sizes=\"(max-width: 400px) 100vw, 400px\" \/><\/a><div class='grid-content'><div class='avia-arrow'><\/div><header class=\"entry-content-header\"><h3 class='grid-entry-title entry-title '  itemprop=\"headline\" ><a href='http:\/\/dunamuzeum.hu\/index.php\/portfolio-item\/papirmalomtol-az-ujra-papirig\/' title='Pap\u00edrmalomt\u00f3l az \u00fajrapap\u00edrig'>Pap\u00edrmalomt\u00f3l az \u00fajrapap\u00edrig<\/a><\/h3><\/header><\/div><footer class=\"entry-footer\"><\/footer><\/article><\/div><div data-ajax-id='437' class=' grid-entry flex_column isotope-item all_sort no_margin post-entry post-entry-437 grid-entry-overview grid-loop-6 grid-parity-even  muzeumpedagogia-felso-tagozatosoknak-es-kozepiskolasoknak_sort  av_one_third  default_av_fullwidth '><article class='main_color inner-entry'  itemscope=\"itemscope\" itemtype=\"https:\/\/schema.org\/CreativeWork\" ><a href=\"http:\/\/dunamuzeum.hu\/index.php\/portfolio-item\/szechenyi-sztorik\/\" title='Sz\u00e9chenyi-sztorik'  data-rel='grid-1' class='grid-image avia-hover-fx'> <img width=\"400\" height=\"400\" src=\"http:\/\/dunamuzeum.hu\/wp-content\/uploads\/2021\/07\/Sze\u0301chenyi-sztorik.jpg\" class=\"wp-image-286 avia-img-lazy-loading-not-286 attachment-portfolio size-portfolio wp-post-image\" alt=\"\" decoding=\"async\" srcset=\"http:\/\/dunamuzeum.hu\/wp-content\/uploads\/2021\/07\/Sze\u0301chenyi-sztorik.jpg 600w, http:\/\/dunamuzeum.hu\/wp-content\/uploads\/2021\/07\/Sze\u0301chenyi-sztorik-150x150.jpg 150w, http:\/\/dunamuzeum.hu\/wp-content\/uploads\/2021\/07\/Sze\u0301chenyi-sztorik-300x300.jpg 300w\" sizes=\"(max-width: 400px) 100vw, 400px\" \/><\/a><div class='grid-content'><div class='avia-arrow'><\/div><header class=\"entry-content-header\"><h3 class='grid-entry-title entry-title '  itemprop=\"headline\" ><a href='http:\/\/dunamuzeum.hu\/index.php\/portfolio-item\/szechenyi-sztorik\/' title='Sz\u00e9chenyi-sztorik'>Sz\u00e9chenyi-sztorik<\/a><\/h3><\/header><\/div><footer class=\"entry-footer\"><\/footer><\/article><\/div><div data-ajax-id='443' class=' grid-entry flex_column isotope-item all_sort no_margin post-entry post-entry-443 grid-entry-overview grid-loop-7 grid-parity-odd  post-entry-last  muzeumpedagogia-felso-tagozatosoknak-es-kozepiskolasoknak_sort  av_one_third first default_av_fullwidth '><article class='main_color inner-entry'  itemscope=\"itemscope\" itemtype=\"https:\/\/schema.org\/CreativeWork\" ><a href=\"http:\/\/dunamuzeum.hu\/index.php\/portfolio-item\/tisztasag-fel-egeszseg\/\" title='Tiszta \u00fcgy K\u00f6rnyezettudatosan is lehet\u00fcnk tiszt\u00e1k?'  data-rel='grid-1' class='grid-image avia-hover-fx'> <img width=\"400\" height=\"400\" src=\"http:\/\/dunamuzeum.hu\/wp-content\/uploads\/2021\/07\/Tisztasa\u0301g-fe\u0301l-ege\u0301szse\u0301g.jpg\" class=\"wp-image-284 avia-img-lazy-loading-not-284 attachment-portfolio size-portfolio wp-post-image\" alt=\"\" decoding=\"async\" srcset=\"http:\/\/dunamuzeum.hu\/wp-content\/uploads\/2021\/07\/Tisztasa\u0301g-fe\u0301l-ege\u0301szse\u0301g.jpg 600w, http:\/\/dunamuzeum.hu\/wp-content\/uploads\/2021\/07\/Tisztasa\u0301g-fe\u0301l-ege\u0301szse\u0301g-150x150.jpg 150w, http:\/\/dunamuzeum.hu\/wp-content\/uploads\/2021\/07\/Tisztasa\u0301g-fe\u0301l-ege\u0301szse\u0301g-300x300.jpg 300w\" sizes=\"(max-width: 400px) 100vw, 400px\" \/><\/a><div class='grid-content'><div class='avia-arrow'><\/div><header class=\"entry-content-header\"><h3 class='grid-entry-title entry-title '  itemprop=\"headline\" ><a href='http:\/\/dunamuzeum.hu\/index.php\/portfolio-item\/tisztasag-fel-egeszseg\/' title='Tiszta \u00fcgy K\u00f6rnyezettudatosan is lehet\u00fcnk tiszt\u00e1k?'>Tiszta \u00fcgy K\u00f6rnyezettudatosan is lehet\u00fcnk tiszt\u00e1k?<\/a><\/h3><\/header><\/div><footer class=\"entry-footer\"><\/footer><\/article><\/div><\/div><\/div>   <!--   class=\"av-portfolio-grid-sorting-container\"  -->\n<div id='av_section_1'  class='avia-section av-1ph8w1-8491178c1c14a5a8915a907505adf29b main_color avia-section-default avia-no-border-styling  avia-builder-el-1  el_after_av_portfolio  el_before_av_section  avia-bg-style-scroll container_wrap fullsize'  ><div class='container av-section-cont-open' ><div class='template-page content  av-content-full alpha units'><div class='post-entry post-entry-type-page post-entry-249'><div class='entry-content-wrapper clearfix'>\n<\/div><\/div><\/div><!-- close content main div --><\/div><\/div><div id='av_section_2'  class='avia-section av-1l939l-4dfc7fae54adad1228e59612801cd67e main_color avia-section-default avia-no-border-styling  avia-builder-el-2  el_after_av_section  avia-builder-el-last  avia-bg-style-scroll container_wrap fullsize'  ><div class='container av-section-cont-open' ><div class='template-page content  av-content-full alpha units'><div class='post-entry post-entry-type-page post-entry-249'><div class='entry-content-wrapper clearfix'>\n<div class='flex_column av-1fd5mx-19c4bcc49e4a5b32ed8218fd30bafb4e av_one_half  avia-builder-el-3  el_before_av_one_half  avia-builder-el-first  first flex_column_div '   ><p>\n<style type=\"text\/css\" data-created_by=\"avia_inline_auto\" id=\"style-css-av-1905t5-b937d300f281f454a37222e80ec34f98\">\n#top .av-special-heading.av-1905t5-b937d300f281f454a37222e80ec34f98{\npadding-bottom:10px;\n}\nbody .av-special-heading.av-1905t5-b937d300f281f454a37222e80ec34f98 .av-special-heading-tag .heading-char{\nfont-size:25px;\n}\n.av-special-heading.av-1905t5-b937d300f281f454a37222e80ec34f98 .av-subheading{\nfont-size:15px;\n}\n<\/style>\n<div  class='av-special-heading av-1905t5-b937d300f281f454a37222e80ec34f98 av-special-heading-h3 blockquote modern-quote  avia-builder-el-4  el_before_av_hr  avia-builder-el-first '><h3 class='av-special-heading-tag'  itemprop=\"headline\"  >Speci\u00e1lis foglalkoz\u00e1s<\/h3><div class=\"special-heading-border\"><div class=\"special-heading-inner-border\"><\/div><\/div><\/div><br \/>\n\n<style type=\"text\/css\" data-created_by=\"avia_inline_auto\" id=\"style-css-av-12bz7d-f458d920c5c8b35df0dd4d8024cc3fe3\">\n#top .hr.hr-invisible.av-12bz7d-f458d920c5c8b35df0dd4d8024cc3fe3{\nheight:50px;\n}\n<\/style>\n<div  class='hr av-12bz7d-f458d920c5c8b35df0dd4d8024cc3fe3 hr-invisible  avia-builder-el-5  el_after_av_heading  el_before_av_textblock '><span class='hr-inner '><span class=\"hr-inner-style\"><\/span><\/span><\/div><br \/>\n<section  class='av_textblock_section av-x49hl-76dc0aa2b71be862e7e6e847d3147da1'  itemscope=\"itemscope\" itemtype=\"https:\/\/schema.org\/CreativeWork\" ><div class='avia_textblock'  itemprop=\"text\" ><p>Nagy szeretettel v\u00e1rjuk az akad\u00e1lyokkal \u00e9l\u0151 gyermekeket, foglalkoz\u00e1saink nagy r\u00e9sz\u00e9t ig\u00e9nyeikhez tudjuk alak\u00edtani.<\/p>\n<p>K\u00e9rj\u00fck, vegy\u00e9k fel a kapcsolatot m\u00fazeumpedag\u00f3gusainkkal!<\/p>\n<\/div><\/section><br \/>\n<div  class='avia-button-wrap avia-button-left  avia-builder-el-7  el_after_av_textblock  avia-builder-el-last ' ><a href='mailto:tanai.a@dunamuzeum.hu'  class='avia-button av-l4p947vv-0b29c063b9c12973416b0d5818bcc7da avia-icon_select-yes-left-icon avia-size-medium avia-position-left avia-color-theme-color' ><span class='avia_button_icon avia_button_icon_left' aria-hidden='true' data-av_icon='\ue805' data-av_iconfont='entypo-fontello'><\/span><span class='avia_iconbox_title' >Lev\u00e9l k\u00fcld\u00e9se<\/span><\/a><\/div><\/p><\/div><div class='flex_column av-rl6tl-00105231179d61a108e3a44b582b857e av_one_half  avia-builder-el-8  el_after_av_one_half  avia-builder-el-last  flex_column_div '   ><p>\n<style type=\"text\/css\" data-created_by=\"avia_inline_auto\" id=\"style-css-av-1y9ih-0884d6cf0a209cdea7c9ce7f9beb2ee2\">\n#top .av-special-heading.av-1y9ih-0884d6cf0a209cdea7c9ce7f9beb2ee2{\npadding-bottom:10px;\n}\nbody .av-special-heading.av-1y9ih-0884d6cf0a209cdea7c9ce7f9beb2ee2 .av-special-heading-tag .heading-char{\nfont-size:25px;\n}\n.av-special-heading.av-1y9ih-0884d6cf0a209cdea7c9ce7f9beb2ee2 .av-subheading{\nfont-size:15px;\n}\n<\/style>\n<div  class='av-special-heading av-1y9ih-0884d6cf0a209cdea7c9ce7f9beb2ee2 av-special-heading-h3 blockquote modern-quote  avia-builder-el-9  el_before_av_hr  avia-builder-el-first '><h3 class='av-special-heading-tag'  itemprop=\"headline\"  >K\u00e9zm\u0171ves foglalkoz\u00e1sok<\/h3><div class=\"special-heading-border\"><div class=\"special-heading-inner-border\"><\/div><\/div><\/div><br \/>\n\n<style type=\"text\/css\" data-created_by=\"avia_inline_auto\" id=\"style-css-av-f11td-76ecb9e0b68a7005992d387a44d349ac\">\n#top .hr.hr-invisible.av-f11td-76ecb9e0b68a7005992d387a44d349ac{\nheight:50px;\n}\n<\/style>\n<div  class='hr av-f11td-76ecb9e0b68a7005992d387a44d349ac hr-invisible  avia-builder-el-10  el_after_av_heading  el_before_av_textblock '><span class='hr-inner '><span class=\"hr-inner-style\"><\/span><\/span><\/div><br \/>\n<section  class='av_textblock_section av-a2beh-457c62ed679facafaf274184b2c358b2'  itemscope=\"itemscope\" itemtype=\"https:\/\/schema.org\/CreativeWork\" ><div class='avia_textblock'  itemprop=\"text\" ><p>A foglalkoz\u00e1s sor\u00e1n lehet\u0151s\u00e9g van gy\u00e9k\u00e9nyfigur\u00e1k fon\u00e1s\u00e1ra, kavicsfest\u00e9sre, nemezel\u00e9sre, pap\u00edrmer\u00edt\u00e9sre, spatula haj\u00f3 k\u00e9sz\u00edt\u00e9sre, vessz\u0151karika\/hal fon\u00e1s\u00e1ra, gy\u00e9k\u00e9nytutaj k\u00e9sz\u00edt\u00e9sre, haj\u00f3hajtogat\u00e1sra, b\u00e9kab\u00e1b \u00e9s tekn\u0151sb\u00e9ka k\u00e9sz\u00edt\u00e9s\u00e9re pap\u00edrb\u00f3l.<\/p>\n<p>Egy\u00e9b t\u00e1rgyalkot\u00f3 foglalkoz\u00e1sokra is lehet\u0151s\u00e9g van, k\u00e9rj\u00fck, keress\u00e9k meg m\u00fazeumpedag\u00f3gusainkat!<\/p>\n<\/div><\/section><br \/>\n<div  class='avia-button-wrap avia-button-left  avia-builder-el-12  el_after_av_textblock  avia-builder-el-last ' ><a href='mailto:tanai.a@dunamuzeum.hu'  class='avia-button av-75881-aa2a6fab4a4c2d878a3e3d03b1db5a11 avia-icon_select-yes-left-icon avia-size-medium avia-position-left avia-color-theme-color' ><span class='avia_button_icon avia_button_icon_left' aria-hidden='true' data-av_icon='\ue805' data-av_iconfont='entypo-fontello'><\/span><span class='avia_iconbox_title' >Lev\u00e9l k\u00fcld\u00e9se<\/span><\/a><\/div><\/p><\/div>\n","protected":false},"excerpt":{"rendered":"","protected":false},"author":1,"featured_media":0,"parent":0,"menu_order":0,"comment_status":"closed","ping_status":"closed","template":"","meta":[],"_links":{"self":[{"href":"http:\/\/dunamuzeum.hu\/index.php\/wp-json\/wp\/v2\/pages\/249"}],"collection":[{"href":"http:\/\/dunamuzeum.hu\/index.php\/wp-json\/wp\/v2\/pages"}],"about":[{"href":"http:\/\/dunamuzeum.hu\/index.php\/wp-json\/wp\/v2\/types\/page"}],"author":[{"embeddable":true,"href":"http:\/\/dunamuzeum.hu\/index.php\/wp-json\/wp\/v2\/users\/1"}],"replies":[{"embeddable":true,"href":"http:\/\/dunamuzeum.hu\/index.php\/wp-json\/wp\/v2\/comments?post=249"}],"version-history":[{"count":9,"href":"http:\/\/dunamuzeum.hu\/index.php\/wp-json\/wp\/v2\/pages\/249\/revisions"}],"predecessor-version":[{"id":2306,"href":"http:\/\/dunamuzeum.hu\/index.php\/wp-json\/wp\/v2\/pages\/249\/revisions\/2306"}],"wp:attachment":[{"href":"http:\/\/dunamuzeum.hu\/index.php\/wp-json\/wp\/v2\/media?parent=249"}],"curies":[{"name":"wp","href":"https:\/\/api.w.org\/{rel}","templated":true}]}}