{"id":254,"date":"2021-06-25T15:20:40","date_gmt":"2021-06-25T13:20:40","guid":{"rendered":"http:\/\/dunamuzeum2.ovf.hu\/?page_id=254"},"modified":"2022-10-07T11:19:56","modified_gmt":"2022-10-07T09:19:56","slug":"nyari-tabor","status":"publish","type":"page","link":"http:\/\/dunamuzeum.hu\/index.php\/nyari-tabor\/","title":{"rendered":"Ny\u00e1ri t\u00e1bor"},"content":{"rendered":"<div  class='avia-slideshow av-l8y9z0ep-a425fc7390736b0a0f5383a9aebc8d94 av-control-default avia-slideshow-featured av_slideshow avia-slide-slider  avia-builder-el-0  el_before_av_section  avia-builder-el-no-sibling  av-default-height-applied avia-slideshow-1'  data-size='featured'  data-lightbox_size='large'  data-animation='slide'  data-conditional_play=''  data-ids='908'  data-video_counter='0'  data-autoplay='false'  data-bg_slider='false'  data-slide_height=''  data-handle='av_slideshow'  data-interval='5'  data-class=' avia-builder-el-0  el_before_av_section  avia-builder-el-no-sibling '  data-extra_class=''  data-el_id=''  data-css_id=''  data-scroll_down=''  data-control_layout='av-control-default'  data-custom_markup=''  data-perma_caption=''  data-autoplay_stopper=''  data-image_attachment=''  data-min_height='0px'  data-lazy_loading='disabled'  data-default-height='35.537190082645'  data-img_scrset=''  data-av-desktop-hide=''  data-av-medium-hide=''  data-av-small-hide=''  data-av-mini-hide=''  data-alb_description=''  data-id=''  data-custom_class=''  data-template_class=''  data-av_uid='av-l8y9z0ep'  data-sc_version='1.0'  data-heading_tag=''  data-heading_class=''   itemprop=\"image\" itemscope=\"itemscope\" itemtype=\"https:\/\/schema.org\/ImageObject\" ><ul class='avia-slideshow-inner ' style='padding-bottom: 35.537190082645%;'><li  class='avia-slideshow-slide av-l8y9z0ep-a425fc7390736b0a0f5383a9aebc8d94__0  av-single-slide slide-1 ' ><div data-rel='slideshow-1' class='avia-slide-wrap '   ><div class='av-slideshow-caption av-l8y9z0ep-a425fc7390736b0a0f5383a9aebc8d94__0 avia-caption'><div class=\"avia-inner-caption\"><h2 class='avia-caption-title '  itemprop=\"name\" >Ny\u00e1ri t\u00e1bor<\/h2><\/div><\/div><img decoding=\"async\" class=\"wp-image-908 avia-img-lazy-loading-not-908\"  src=\"http:\/\/dunamuzeum.hu\/wp-content\/uploads\/2022\/10\/nya\u0301rita\u0301borhero-1210x430.jpg\" width=\"1210\" height=\"430\" title='nya\u0301rita\u0301borhero' alt=''  itemprop=\"thumbnailUrl\"   \/><\/div><\/li><\/ul><\/div>\n<\/div><\/div><\/div><!-- close content main div --><\/div><\/div><div id='av_section_1'  class='avia-section av-mlut2-0f186025ff46225b6e80b68da646ec7f main_color avia-section-default avia-no-border-styling  avia-builder-el-1  el_after_av_slideshow  avia-builder-el-last  avia-bg-style-scroll container_wrap fullsize'  ><div class='container av-section-cont-open' ><div class='template-page content  av-content-full alpha units'><div class='post-entry post-entry-type-page post-entry-254'><div class='entry-content-wrapper clearfix'>\n<div class='flex_column av-egwie-223a38731d5eeb9e5837aa9725f87f54 av_one_third  avia-builder-el-2  el_before_av_two_third  avia-builder-el-first  first flex_column_div '   ><section  class='av_textblock_section av-l8y9spa2-404fbb079402b63a948bc797232044bf'  itemscope=\"itemscope\" itemtype=\"https:\/\/schema.org\/CreativeWork\" ><div class='avia_textblock'  itemprop=\"text\" ><h4><span style=\"font-weight: 400;\">A Duna M\u00fazeum az \u00e1lland\u00f3 \u00e9s id\u0151szakos ki\u00e1ll\u00edt\u00e1sok mellett nagy hangs\u00falyt fektet a gyerekek \u00e9s fiatalok k\u00f6rnyezettudatos nevel\u00e9s\u00e9re.<\/span><\/h4>\n<\/div><\/section><\/div><div class='flex_column av-a3jdy-409678156b0c524816157152a556ae5c av_two_third  avia-builder-el-4  el_after_av_one_third  avia-builder-el-last  flex_column_div '   ><section  class='av_textblock_section av-l8y9shnt-cd3875f602bc545e0d05cf9e8bee7c8b'  itemscope=\"itemscope\" itemtype=\"https:\/\/schema.org\/CreativeWork\" ><div class='avia_textblock'  itemprop=\"text\" ><p><span style=\"font-weight: 400;\">Ny\u00e1ri t\u00e1borunk a 7-12 \u00e9ves koroszt\u00e1lynak k\u00edn\u00e1l egyszerre sz\u00f3rakoz\u00e1si, \u00e9s j\u00e1tszva tanul\u00e1si lehet\u0151s\u00e9get. C\u00e9lunk, hogy ismerkedjenek a v\u00edz tulajdons\u00e1gaival, a k\u00f6rnyezetv\u00e9delem szerep\u00e9vel, a k\u00f6r\u00fcl\u00f6tt\u00fcnk \u00e9l\u0151 n\u00f6v\u00e9nyekkel, \u00e1llatokkal, \u00e9s b\u00e1trabban mozogjanak az \u0151ket k\u00f6r\u00fclvev\u0151 term\u00e9szetben, ismerj\u00e9k fel annak sz\u00e9ps\u00e9g\u00e9t, stresszold\u00f3 jelleg\u00e9t. \u00c9rzelmi kapcsolatba ker\u00fclve az \u0151ket k\u00f6r\u00fclvev\u0151 term\u00e9szeti kincsekkel, a k\u00f6rnyezetbar\u00e1t megold\u00e1sokra fog\u00e9konyabb\u00e1 v\u00e1lnak, nyitottak lesznek a szeml\u00e9letform\u00e1l\u00e1sra. \u00c9rz\u00e9kszerveiket szeretn\u00e9nk bekapcsolni \u00e9s a digit\u00e1lis eszk\u00f6z\u00f6ket kikapcsolni. A ny\u00e1ri sz\u00fcnet a pihen\u00e9s id\u0151szaka, szem el\u0151tt tartjuk mozg\u00e1sig\u00e9ny\u00fcket, hagyunk id\u0151t az \u00f6nfeledt szabad j\u00e1t\u00e9kra, pihen\u00e9sre, t\u00e1rsas kapcsolataik \u00e9p\u00edt\u00e9s\u00e9re. Van alkalom a V\u00edzeum c\u00edm\u0171 ki\u00e1ll\u00edt\u00e1s j\u00e1t\u00e9kos felfedez\u00e9s\u00e9re is. Szeretettel v\u00e1runk minden leend\u0151 t\u00e1borost!<\/span><\/p>\n<\/div><\/section><\/div>\n\n","protected":false},"excerpt":{"rendered":"","protected":false},"author":1,"featured_media":0,"parent":0,"menu_order":0,"comment_status":"closed","ping_status":"closed","template":"","meta":[],"_links":{"self":[{"href":"http:\/\/dunamuzeum.hu\/index.php\/wp-json\/wp\/v2\/pages\/254"}],"collection":[{"href":"http:\/\/dunamuzeum.hu\/index.php\/wp-json\/wp\/v2\/pages"}],"about":[{"href":"http:\/\/dunamuzeum.hu\/index.php\/wp-json\/wp\/v2\/types\/page"}],"author":[{"embeddable":true,"href":"http:\/\/dunamuzeum.hu\/index.php\/wp-json\/wp\/v2\/users\/1"}],"replies":[{"embeddable":true,"href":"http:\/\/dunamuzeum.hu\/index.php\/wp-json\/wp\/v2\/comments?post=254"}],"version-history":[{"count":4,"href":"http:\/\/dunamuzeum.hu\/index.php\/wp-json\/wp\/v2\/pages\/254\/revisions"}],"predecessor-version":[{"id":907,"href":"http:\/\/dunamuzeum.hu\/index.php\/wp-json\/wp\/v2\/pages\/254\/revisions\/907"}],"wp:attachment":[{"href":"http:\/\/dunamuzeum.hu\/index.php\/wp-json\/wp\/v2\/media?parent=254"}],"curies":[{"name":"wp","href":"https:\/\/api.w.org\/{rel}","templated":true}]}}