{"id":2719,"date":"2025-04-15T12:19:41","date_gmt":"2025-04-15T10:19:41","guid":{"rendered":"http:\/\/dunamuzeum.hu\/?page_id=2719"},"modified":"2025-04-15T12:19:41","modified_gmt":"2025-04-15T10:19:41","slug":"muzeumpedagogia-felnotteknek","status":"publish","type":"page","link":"http:\/\/dunamuzeum.hu\/index.php\/muzeumpedagogia-felnotteknek\/","title":{"rendered":"M\u00fazeumpedag\u00f3gia feln\u0151tteknek"},"content":{"rendered":"<div  id=\"av-sc-portfolio-1\"  class=\"av-portfolio-grid-sorting-container\"><div class='sort_width_container  av-sort-yes' data-portfolio-id='1' ><div id='js_sort_items' ><div class='sort_by_cat hidden'><a href=\"#\" data-filter=\"all_sort\" class=\"all_sort_button active_sort\"><span class=\"inner_sort_button\"><span>Mind<\/span><small class=\"av-cat-count\"> 4 <\/small><\/span><\/a><span class=\"text-sep muzeumpedagogia-felnotteknek_sort_sep\">\/<\/span><a href=\"#\" data-filter=\"muzeumpedagogia-felnotteknek_sort\" class=\"muzeumpedagogia-felnotteknek_sort_button\" ><span class=\"inner_sort_button\"><span>M\u00fazeumpedag\u00f3gia feln\u0151tteknek<\/span><small class=\"av-cat-count\"> 4 <\/small><\/span><\/a><\/div><\/div><\/div><div  class=' grid-sort-container isotope   no_margin-container with-title-container grid-total-even grid-col-3 grid-links-' data-portfolio-id='1'><div data-ajax-id='2903' class=' grid-entry flex_column isotope-item all_sort no_margin post-entry post-entry-2903 grid-entry-overview grid-loop-1 grid-parity-odd  muzeumpedagogia-felnotteknek_sort muzeumpedagogia-felso-tagozatosoknak-es-kozepiskolasoknak_sort  av_one_third first default_av_fullwidth '><article class='main_color inner-entry'  itemscope=\"itemscope\" itemtype=\"https:\/\/schema.org\/CreativeWork\" ><a href=\"http:\/\/dunamuzeum.hu\/index.php\/portfolio-item\/az-alom-vege-klimavaltozas-az-ember-tragediajaban-es-ma\/\" title='Az \u00e1lom v\u00e9ge? Kl\u00edmav\u00e1ltoz\u00e1s Az ember trag\u00e9di\u00e1j\u00e1ban \u00e9s ma'  data-rel='grid-1' class='grid-image avia-hover-fx'> <img width=\"400\" height=\"400\" src=\"http:\/\/dunamuzeum.hu\/wp-content\/uploads\/2025\/07\/az-alom-vege.jpg\" class=\"wp-image-3086 avia-img-lazy-loading-not-3086 attachment-portfolio size-portfolio wp-post-image\" alt=\"Az \u00e1lom v\u00e9ge? Kl\u00edmav\u00e1ltoz\u00e1s Az ember trag\u00e9di\u00e1j\u00e1ban \u00e9s ma\" decoding=\"async\" \/><\/a><div class='grid-content'><div class='avia-arrow'><\/div><header class=\"entry-content-header\"><h3 class='grid-entry-title entry-title '  itemprop=\"headline\" ><a href='http:\/\/dunamuzeum.hu\/index.php\/portfolio-item\/az-alom-vege-klimavaltozas-az-ember-tragediajaban-es-ma\/' title='Az \u00e1lom v\u00e9ge? Kl\u00edmav\u00e1ltoz\u00e1s Az ember trag\u00e9di\u00e1j\u00e1ban \u00e9s ma'>Az \u00e1lom v\u00e9ge? Kl\u00edmav\u00e1ltoz\u00e1s Az ember trag\u00e9di\u00e1j\u00e1ban \u00e9s ma<\/a><\/h3><\/header><\/div><footer class=\"entry-footer\"><\/footer><\/article><\/div><div data-ajax-id='2742' class=' grid-entry flex_column isotope-item all_sort no_margin post-entry post-entry-2742 grid-entry-overview grid-loop-2 grid-parity-even  muzeumpedagogia-felnotteknek_sort  av_one_third  default_av_fullwidth '><article class='main_color inner-entry'  itemscope=\"itemscope\" itemtype=\"https:\/\/schema.org\/CreativeWork\" ><a href=\"http:\/\/dunamuzeum.hu\/index.php\/portfolio-item\/szechenyi-sztorik-felnott\/\" title='Sz\u00e9chenyi-sztorik'  data-rel='grid-1' class='grid-image avia-hover-fx'> <img width=\"400\" height=\"400\" src=\"http:\/\/dunamuzeum.hu\/wp-content\/uploads\/2021\/07\/Sze\u0301chenyi-sztorik.jpg\" class=\"wp-image-286 avia-img-lazy-loading-not-286 attachment-portfolio size-portfolio wp-post-image\" alt=\"\" decoding=\"async\" srcset=\"http:\/\/dunamuzeum.hu\/wp-content\/uploads\/2021\/07\/Sze\u0301chenyi-sztorik.jpg 600w, http:\/\/dunamuzeum.hu\/wp-content\/uploads\/2021\/07\/Sze\u0301chenyi-sztorik-150x150.jpg 150w, http:\/\/dunamuzeum.hu\/wp-content\/uploads\/2021\/07\/Sze\u0301chenyi-sztorik-300x300.jpg 300w\" sizes=\"(max-width: 400px) 100vw, 400px\" \/><\/a><div class='grid-content'><div class='avia-arrow'><\/div><header class=\"entry-content-header\"><h3 class='grid-entry-title entry-title '  itemprop=\"headline\" ><a href='http:\/\/dunamuzeum.hu\/index.php\/portfolio-item\/szechenyi-sztorik-felnott\/' title='Sz\u00e9chenyi-sztorik'>Sz\u00e9chenyi-sztorik<\/a><\/h3><\/header><\/div><footer class=\"entry-footer\"><\/footer><\/article><\/div><div data-ajax-id='2738' class=' grid-entry flex_column isotope-item all_sort no_margin post-entry post-entry-2738 grid-entry-overview grid-loop-3 grid-parity-odd  muzeumpedagogia-felnotteknek_sort  av_one_third  default_av_fullwidth '><article class='main_color inner-entry'  itemscope=\"itemscope\" itemtype=\"https:\/\/schema.org\/CreativeWork\" ><a href=\"http:\/\/dunamuzeum.hu\/index.php\/portfolio-item\/milyen-ugyei-vannak-a-viznek-felnott\/\" title='Milyen \u00fcgyei vannak a v\u00edznek?  V\u00edz\u00fcgyi gyorstalpal\u00f3 a &#8222;lefoly\u00f3&#8221; vizek orsz\u00e1g\u00e1ban'  data-rel='grid-1' class='grid-image avia-hover-fx'> <img width=\"400\" height=\"400\" src=\"http:\/\/dunamuzeum.hu\/wp-content\/uploads\/2021\/07\/Tavaszi-sze\u0301l-vizet-a\u0301raszt.jpg\" class=\"wp-image-282 avia-img-lazy-loading-not-282 attachment-portfolio size-portfolio wp-post-image\" alt=\"\" decoding=\"async\" srcset=\"http:\/\/dunamuzeum.hu\/wp-content\/uploads\/2021\/07\/Tavaszi-sze\u0301l-vizet-a\u0301raszt.jpg 600w, http:\/\/dunamuzeum.hu\/wp-content\/uploads\/2021\/07\/Tavaszi-sze\u0301l-vizet-a\u0301raszt-150x150.jpg 150w, http:\/\/dunamuzeum.hu\/wp-content\/uploads\/2021\/07\/Tavaszi-sze\u0301l-vizet-a\u0301raszt-300x300.jpg 300w\" sizes=\"(max-width: 400px) 100vw, 400px\" \/><\/a><div class='grid-content'><div class='avia-arrow'><\/div><header class=\"entry-content-header\"><h3 class='grid-entry-title entry-title '  itemprop=\"headline\" ><a href='http:\/\/dunamuzeum.hu\/index.php\/portfolio-item\/milyen-ugyei-vannak-a-viznek-felnott\/' title='Milyen \u00fcgyei vannak a v\u00edznek?  V\u00edz\u00fcgyi gyorstalpal\u00f3 a &#8222;lefoly\u00f3&#8221; vizek orsz\u00e1g\u00e1ban'>Milyen \u00fcgyei vannak a v\u00edznek?  V\u00edz\u00fcgyi gyorstalpal\u00f3 a &#8222;lefoly\u00f3&#8221; vizek orsz\u00e1g\u00e1ban<\/a><\/h3><\/header><\/div><footer class=\"entry-footer\"><\/footer><\/article><\/div><div data-ajax-id='2720' class=' grid-entry flex_column isotope-item all_sort no_margin post-entry post-entry-2720 grid-entry-overview grid-loop-4 grid-parity-even  post-entry-last  muzeumpedagogia-felnotteknek_sort  av_one_third first default_av_fullwidth '><article class='main_color inner-entry'  itemscope=\"itemscope\" itemtype=\"https:\/\/schema.org\/CreativeWork\" ><a href=\"http:\/\/dunamuzeum.hu\/index.php\/portfolio-item\/tiszta-ugy-kornyezettudatosan-is-lehetunk-tisztak-felnott\/\" title='Tiszta \u00fcgy K\u00f6rnyezettudatosan is lehet\u00fcnk tiszt\u00e1k?'  data-rel='grid-1' class='grid-image avia-hover-fx'> <img width=\"400\" height=\"400\" src=\"http:\/\/dunamuzeum.hu\/wp-content\/uploads\/2021\/07\/Tisztasa\u0301g-fe\u0301l-ege\u0301szse\u0301g.jpg\" class=\"wp-image-284 avia-img-lazy-loading-not-284 attachment-portfolio size-portfolio wp-post-image\" alt=\"\" decoding=\"async\" srcset=\"http:\/\/dunamuzeum.hu\/wp-content\/uploads\/2021\/07\/Tisztasa\u0301g-fe\u0301l-ege\u0301szse\u0301g.jpg 600w, http:\/\/dunamuzeum.hu\/wp-content\/uploads\/2021\/07\/Tisztasa\u0301g-fe\u0301l-ege\u0301szse\u0301g-150x150.jpg 150w, http:\/\/dunamuzeum.hu\/wp-content\/uploads\/2021\/07\/Tisztasa\u0301g-fe\u0301l-ege\u0301szse\u0301g-300x300.jpg 300w\" sizes=\"(max-width: 400px) 100vw, 400px\" \/><\/a><div class='grid-content'><div class='avia-arrow'><\/div><header class=\"entry-content-header\"><h3 class='grid-entry-title entry-title '  itemprop=\"headline\" ><a href='http:\/\/dunamuzeum.hu\/index.php\/portfolio-item\/tiszta-ugy-kornyezettudatosan-is-lehetunk-tisztak-felnott\/' title='Tiszta \u00fcgy K\u00f6rnyezettudatosan is lehet\u00fcnk tiszt\u00e1k?'>Tiszta \u00fcgy K\u00f6rnyezettudatosan is lehet\u00fcnk tiszt\u00e1k?<\/a><\/h3><\/header><\/div><footer class=\"entry-footer\"><\/footer><\/article><\/div><\/div><\/div>   <!--   class=\"av-portfolio-grid-sorting-container\"  -->\n<div id='av_section_1'  class='avia-section av-av_section-2dcb3d115e2e5af9a73072e0505910f8 main_color avia-section-default avia-no-border-styling  avia-builder-el-1  el_after_av_portfolio  avia-builder-el-last  avia-bg-style-scroll container_wrap fullsize'  ><div class='container av-section-cont-open' ><div class='template-page content  av-content-full alpha units'><div class='post-entry post-entry-type-page post-entry-2719'><div class='entry-content-wrapper clearfix'>\n","protected":false},"excerpt":{"rendered":"","protected":false},"author":1,"featured_media":0,"parent":0,"menu_order":0,"comment_status":"closed","ping_status":"closed","template":"","meta":[],"_links":{"self":[{"href":"http:\/\/dunamuzeum.hu\/index.php\/wp-json\/wp\/v2\/pages\/2719"}],"collection":[{"href":"http:\/\/dunamuzeum.hu\/index.php\/wp-json\/wp\/v2\/pages"}],"about":[{"href":"http:\/\/dunamuzeum.hu\/index.php\/wp-json\/wp\/v2\/types\/page"}],"author":[{"embeddable":true,"href":"http:\/\/dunamuzeum.hu\/index.php\/wp-json\/wp\/v2\/users\/1"}],"replies":[{"embeddable":true,"href":"http:\/\/dunamuzeum.hu\/index.php\/wp-json\/wp\/v2\/comments?post=2719"}],"version-history":[{"count":3,"href":"http:\/\/dunamuzeum.hu\/index.php\/wp-json\/wp\/v2\/pages\/2719\/revisions"}],"predecessor-version":[{"id":3308,"href":"http:\/\/dunamuzeum.hu\/index.php\/wp-json\/wp\/v2\/pages\/2719\/revisions\/3308"}],"wp:attachment":[{"href":"http:\/\/dunamuzeum.hu\/index.php\/wp-json\/wp\/v2\/media?parent=2719"}],"curies":[{"name":"wp","href":"https:\/\/api.w.org\/{rel}","templated":true}]}}